{"id":2496,"date":"2016-01-20T12:13:34","date_gmt":"2016-01-20T11:13:34","guid":{"rendered":"http:\/\/newwebir.recercasantpau.cat\/en\/?page_id=2496"},"modified":"2024-11-11T08:33:53","modified_gmt":"2024-11-11T07:33:53","slug":"external-scientific-committee","status":"publish","type":"page","link":"https:\/\/www.recercasantpau.cat\/en\/research\/external-scientific-committee\/","title":{"rendered":"External Scientific Committee"},"content":{"rendered":"<h3>MEMBERS<\/h3>\n<p>&nbsp;<\/p>\n<p><strong>Dr.\u00a0Jordi Surrall\u00e9s<br \/>\n<\/strong>Director of the IR Sant Pau and Secretary of the Committee<\/p>\n<p><strong>Dr. \u00c1ngel Maria Carracedo \u00c1lvarez<br \/>\nPresident\u00a0of the External Scientific Committee<br \/>\n<\/strong>Instituto de Medicina Legal<br \/>\nFacultade de Medicina e Odontolox\u00eda<br \/>\nSantiago de Compostela<\/p>\n<p><strong>Dr. Jos\u00e9 Palacios<br \/>\n<\/strong>Jefe de Servicio de Anatomia Patol\u00f3gica<br \/>\nHospital Ram\u00f3n y Cajal<br \/>\nMadrid<\/p>\n<p><strong>Dra.\u00a0<\/strong><strong>Mercedes Robledo<br \/>\n<\/strong>Hereditary Endocrine Cancer Group, Group Leader<br \/>\nHuman Cancer Genetics Program, CNIO<br \/>\nMadrid<\/p>\n<p><strong>Dra.\u00a0<\/strong><strong>Judith Garc\u00eda<br \/>\n<\/strong>Barcelona\u00a0Institute for Global Health\u00a0&#8211; Campus MAR<br \/>\nISGlobal<br \/>\nBarcelona<\/p>\n<p><strong>Sr. Manuel Arellano<br \/>\n<\/strong>Plataforma de organizaciones de pacientes<br \/>\nMadrid<\/p>\n<p><strong>Dra. Gloria Gonzalez<br \/>\n<\/strong>Directora del Programa de Terapia G\u00e9nica y Regulaci\u00f3n de la Expresi\u00f3n G\u00e9nica<br \/>\nCIMA-Navarra<\/p>\n<p><strong>Dra. Ana Maria Cuervo<\/strong><br \/>\nThe Robert and Renee Belfer Chair for the Study of Neurodegenerative Diseases<br \/>\nCo-director Institute for Aging Research<br \/>\nAlbert Einstein College of Medicine<br \/>\nNew York &#8211; USA<\/p>\n<p><strong>Prof. Juan Carlos Kask<\/strong>i<br \/>\nProfessor of Cardiovascular Science University of London<br \/>\nSaint George&#8217;s Molecular and Clinical Sciences Research Institute<br \/>\nLondon &#8211; UK<\/p>\n<p>&nbsp;<\/p>\n<p style=\"text-align: justify;\">Since\u00a0Institut de Recerca de l\u2019Hospital de la Santa Creu i Sant Pau is the research management body of\u00a0<a href=\"http:\/\/www.iibsantpau.cat\/portal\/ca\/iib\/12882\" target=\"_blank\" rel=\"noopener\">Institut d&#8217;Investigaci\u00f3 Biom\u00e8dica Sant Pau<\/a>, this Committee is simultaneously External Scientific Committee\u00a0of both\u00a0institutes.<\/p>\n<p style=\"text-align: justify;\">\n","protected":false},"excerpt":{"rendered":"<p>MEMBERS &nbsp; Dr.\u00a0Jordi Surrall\u00e9s Director of the IR Sant Pau and Secretary of the Committee Dr. \u00c1ngel Maria Carracedo \u00c1lvarez President\u00a0of the External Scientific Committee Instituto de Medicina Legal Facultade de Medicina e Odontolox\u00eda Santiago de Compostela Dr. Jos\u00e9 Palacios Jefe de Servicio de Anatomia Patol\u00f3gica Hospital Ram\u00f3n y Cajal Madrid Dra.\u00a0Mercedes Robledo Hereditary Endocrine &#8230; <br \/><a class=\"read-more\" href=\"https:\/\/www.recercasantpau.cat\/en\/research\/external-scientific-committee\/\">Read More<\/a><\/p>\n","protected":false},"author":2,"featured_media":2914,"parent":4041,"menu_order":0,"comment_status":"closed","ping_status":"closed","template":"template-linstitut-presentacio.php","meta":{"footnotes":""},"class_list":["post-2496","page","type-page","status-publish","has-post-thumbnail","hentry"],"acf":[],"_links":{"self":[{"href":"https:\/\/www.recercasantpau.cat\/en\/wp-json\/wp\/v2\/pages\/2496","targetHints":{"allow":["GET"]}}],"collection":[{"href":"https:\/\/www.recercasantpau.cat\/en\/wp-json\/wp\/v2\/pages"}],"about":[{"href":"https:\/\/www.recercasantpau.cat\/en\/wp-json\/wp\/v2\/types\/page"}],"author":[{"embeddable":true,"href":"https:\/\/www.recercasantpau.cat\/en\/wp-json\/wp\/v2\/users\/2"}],"replies":[{"embeddable":true,"href":"https:\/\/www.recercasantpau.cat\/en\/wp-json\/wp\/v2\/comments?post=2496"}],"version-history":[{"count":12,"href":"https:\/\/www.recercasantpau.cat\/en\/wp-json\/wp\/v2\/pages\/2496\/revisions"}],"predecessor-version":[{"id":52186,"href":"https:\/\/www.recercasantpau.cat\/en\/wp-json\/wp\/v2\/pages\/2496\/revisions\/52186"}],"up":[{"embeddable":true,"href":"https:\/\/www.recercasantpau.cat\/en\/wp-json\/wp\/v2\/pages\/4041"}],"wp:featuredmedia":[{"embeddable":true,"href":"https:\/\/www.recercasantpau.cat\/en\/wp-json\/wp\/v2\/media\/2914"}],"wp:attachment":[{"href":"https:\/\/www.recercasantpau.cat\/en\/wp-json\/wp\/v2\/media?parent=2496"}],"curies":[{"name":"wp","href":"https:\/\/api.w.org\/{rel}","templated":true}]}}