{"id":2533,"date":"2016-01-20T12:22:45","date_gmt":"2016-01-20T12:22:45","guid":{"rendered":"http:\/\/newwebir.recercasantpau.cat\/en\/?page_id=2533"},"modified":"2022-05-05T14:39:37","modified_gmt":"2022-05-05T12:39:37","slug":"administration-finance","status":"publish","type":"page","link":"https:\/\/www.recercasantpau.cat\/en\/support-services\/administration-finance\/","title":{"rendered":"Finance Unit"},"content":{"rendered":"<h3>Coordinador<\/h3>\n<p>Laura San Martin<br \/>\n<a href=\"mailto:lsanmartins@santpau.cat\" target=\"_blank\">lsanmartins@santpau.cat<\/a><\/p>\n<h3><\/h3>\n<h3>Staff<\/h3>\n<h3><\/h3>\n<p><strong>Accounting\u00a0<\/strong><\/p>\n<p>Soraya Gonz\u00e1lez<br \/>\nAnna Espallargas<\/p>\n<p>&nbsp;<\/p>\n<p><strong>Income and Treasury<\/strong><\/p>\n<p>Sandra Parera<br \/>\nEsther Andr\u00e9s<br \/>\nN\u00faria Vanaclocha<br \/>\nN\u00faria Garc\u00eda<\/p>\n<p>&nbsp;<\/p>\n<p><strong>Expenses and Purchase<\/strong><\/p>\n<p>Lorena Bustamante<br \/>\nH\u00e9ctor S\u00e1nchez<br \/>\nMeritxell Criado<br \/>\nSara Diaz<br \/>\nGrace Careaga<\/p>\n<h3 style=\"text-align: justify;\"><\/h3>\n<h3 style=\"text-align: justify;\"><\/h3>\n<p>&nbsp;<\/p>\n<p><strong>Functions<\/strong><\/p>\n<p>The Financial Unit, within the IR Sant pau Management Area, is in charge of the institutional treasury and the financial and accounting management of the institute. As well as the management of own income and expenses and their accounting record.\u00a0The unit supports research groups in the financial control of their accounts.<\/p>\n<p>&nbsp;<\/p>\n","protected":false},"excerpt":{"rendered":"<p>Coordinador Laura San Martin lsanmartins@santpau.cat Staff Accounting\u00a0 Soraya Gonz\u00e1lez Anna Espallargas &nbsp; Income and Treasury Sandra Parera Esther Andr\u00e9s N\u00faria Vanaclocha N\u00faria Garc\u00eda &nbsp; Expenses and Purchase Lorena Bustamante H\u00e9ctor S\u00e1nchez Meritxell Criado Sara Diaz Grace Careaga &nbsp; Functions The Financial Unit, within the IR Sant pau Management Area, is in charge of the institutional &#8230; <br \/><a class=\"read-more\" href=\"https:\/\/www.recercasantpau.cat\/en\/support-services\/administration-finance\/\">Read More<\/a><\/p>\n","protected":false},"author":1,"featured_media":3580,"parent":3996,"menu_order":0,"comment_status":"closed","ping_status":"closed","template":"template-serveis.php","meta":{"footnotes":""},"class_list":["post-2533","page","type-page","status-publish","has-post-thumbnail","hentry"],"acf":[],"_links":{"self":[{"href":"https:\/\/www.recercasantpau.cat\/en\/wp-json\/wp\/v2\/pages\/2533","targetHints":{"allow":["GET"]}}],"collection":[{"href":"https:\/\/www.recercasantpau.cat\/en\/wp-json\/wp\/v2\/pages"}],"about":[{"href":"https:\/\/www.recercasantpau.cat\/en\/wp-json\/wp\/v2\/types\/page"}],"author":[{"embeddable":true,"href":"https:\/\/www.recercasantpau.cat\/en\/wp-json\/wp\/v2\/users\/1"}],"replies":[{"embeddable":true,"href":"https:\/\/www.recercasantpau.cat\/en\/wp-json\/wp\/v2\/comments?post=2533"}],"version-history":[{"count":23,"href":"https:\/\/www.recercasantpau.cat\/en\/wp-json\/wp\/v2\/pages\/2533\/revisions"}],"predecessor-version":[{"id":32564,"href":"https:\/\/www.recercasantpau.cat\/en\/wp-json\/wp\/v2\/pages\/2533\/revisions\/32564"}],"up":[{"embeddable":true,"href":"https:\/\/www.recercasantpau.cat\/en\/wp-json\/wp\/v2\/pages\/3996"}],"wp:featuredmedia":[{"embeddable":true,"href":"https:\/\/www.recercasantpau.cat\/en\/wp-json\/wp\/v2\/media\/3580"}],"wp:attachment":[{"href":"https:\/\/www.recercasantpau.cat\/en\/wp-json\/wp\/v2\/media?parent=2533"}],"curies":[{"name":"wp","href":"https:\/\/api.w.org\/{rel}","templated":true}]}}