{"id":28599,"date":"2021-10-18T15:30:23","date_gmt":"2021-10-18T13:30:23","guid":{"rendered":"http:\/\/newwebir.recercasantpau.cat\/en\/?page_id=28599"},"modified":"2025-07-14T15:19:31","modified_gmt":"2025-07-14T13:19:31","slug":"certifications-of-the-institute","status":"publish","type":"page","link":"https:\/\/www.recercasantpau.cat\/en\/the-institute\/corporate-information\/certifications-of-the-institute\/","title":{"rendered":"Certifications of the Institute"},"content":{"rendered":"<h3 class=\"p1\">Certifications:<\/h3>\n<ul>\n<li>\n<h5 style=\"text-align: justify;\"><a href=\"https:\/\/www.recercasantpau.cat\/wp-content\/uploads\/2025\/07\/Certificacio-ISO-56001_2014_CAT.pdf\">Certificat del Sistema de Gesti\u00f3 de l&#8217;I+D+i<\/a><\/h5>\n<\/li>\n<li style=\"text-align: justify;\">\n<h5><a href=\"https:\/\/www.recercasantpau.cat\/wp-content\/uploads\/2024\/07\/9001-ENG-FUNDACIO-INSTITUT-DE-RECERCA-HOSPITAL-SANTA-CREU-I-SANT-PAU_signed.pdf\" target=\"_blank\" rel=\"noopener\">Certificaci\u00f3n ISO 9001 en las Plataformas de los Servicios Cient\u00edfico-t\u00e9cnicos<\/a><\/h5>\n<\/li>\n<li style=\"text-align: justify;\">\n<h5><a href=\"https:\/\/www.recercasantpau.cat\/wp-content\/uploads\/2024\/07\/Certificado-No-ES-065I-24.pdf\" target=\"_blank\" rel=\"noopener\">Certificaci\u00f3 de Normes de Correcta <span style=\"font-size: 13.28px;\">Fabricaci\u00f3<\/span>\u00a0de Medicaments de Ter\u00e0pia Avan\u00e7ada\u00a0a la Sala Blanca.<\/a><\/h5>\n<\/li>\n<li style=\"text-align: justify;\">\n<h5><a href=\"https:\/\/www.recercasantpau.cat\/wp-content\/uploads\/2021\/10\/certificat_bpc2101_cim-sant_pau_signed.pdf\" target=\"_blank\" rel=\"noopener\">Certificaci\u00f3 de Bones <span style=\"font-size: 13.28px;\">Pr\u00e0ctiques<\/span>\u00a0Cl\u00edniques en el Centre d&#8217;Investigaci\u00f3 del Medicament- CIM IR Sant Pau.<\/a><\/h5>\n<\/li>\n<\/ul>\n","protected":false},"excerpt":{"rendered":"<p>Certifications: Certificat del Sistema de Gesti\u00f3 de l&#8217;I+D+i Certificaci\u00f3n ISO 9001 en las Plataformas de los Servicios Cient\u00edfico-t\u00e9cnicos Certificaci\u00f3 de Normes de Correcta Fabricaci\u00f3\u00a0de Medicaments de Ter\u00e0pia Avan\u00e7ada\u00a0a la Sala Blanca. Certificaci\u00f3 de Bones Pr\u00e0ctiques\u00a0Cl\u00edniques en el Centre d&#8217;Investigaci\u00f3 del Medicament- CIM IR Sant Pau.<\/p>\n","protected":false},"author":10,"featured_media":3562,"parent":4085,"menu_order":0,"comment_status":"closed","ping_status":"closed","template":"template-linstitut-presentacio.php","meta":{"footnotes":""},"class_list":["post-28599","page","type-page","status-publish","has-post-thumbnail","hentry"],"acf":[],"_links":{"self":[{"href":"https:\/\/www.recercasantpau.cat\/en\/wp-json\/wp\/v2\/pages\/28599","targetHints":{"allow":["GET"]}}],"collection":[{"href":"https:\/\/www.recercasantpau.cat\/en\/wp-json\/wp\/v2\/pages"}],"about":[{"href":"https:\/\/www.recercasantpau.cat\/en\/wp-json\/wp\/v2\/types\/page"}],"author":[{"embeddable":true,"href":"https:\/\/www.recercasantpau.cat\/en\/wp-json\/wp\/v2\/users\/10"}],"replies":[{"embeddable":true,"href":"https:\/\/www.recercasantpau.cat\/en\/wp-json\/wp\/v2\/comments?post=28599"}],"version-history":[{"count":16,"href":"https:\/\/www.recercasantpau.cat\/en\/wp-json\/wp\/v2\/pages\/28599\/revisions"}],"predecessor-version":[{"id":56653,"href":"https:\/\/www.recercasantpau.cat\/en\/wp-json\/wp\/v2\/pages\/28599\/revisions\/56653"}],"up":[{"embeddable":true,"href":"https:\/\/www.recercasantpau.cat\/en\/wp-json\/wp\/v2\/pages\/4085"}],"wp:featuredmedia":[{"embeddable":true,"href":"https:\/\/www.recercasantpau.cat\/en\/wp-json\/wp\/v2\/media\/3562"}],"wp:attachment":[{"href":"https:\/\/www.recercasantpau.cat\/en\/wp-json\/wp\/v2\/media?parent=28599"}],"curies":[{"name":"wp","href":"https:\/\/api.w.org\/{rel}","templated":true}]}}