{"id":3694,"date":"2016-05-19T13:43:52","date_gmt":"2016-05-19T13:43:52","guid":{"rendered":"http:\/\/newwebir.recercasantpau.cat\/en\/perfil-del-contractant\/"},"modified":"2019-07-25T13:38:42","modified_gmt":"2019-07-25T13:38:42","slug":"public-tenders","status":"publish","type":"page","link":"https:\/\/www.recercasantpau.cat\/en\/public-tenders\/","title":{"rendered":"Public Tenders"},"content":{"rendered":"<h3 style=\"text-align: justify;\">Expedients de contractaci\u00f3 de la Fundaci\u00f3 Institut de Recerca de l&#8217;Hospital de la Santa Creu i Sant Pau<\/h3>\n<p style=\"text-align: justify;\"><strong><a href=\"https:\/\/contractaciopublica.gencat.cat\/ecofin_pscp\/AppJava\/cap.pscp?reqCode=viewDetail&amp;keyword=sant+pau&amp;idCap=4972725&amp;ambit=&amp;\" target=\"_blank\">Plataforma de contractaci\u00f3 p\u00fablica<\/a><\/strong><\/p>\n<h3 style=\"text-align: justify;\">Instrucccions internes de contractaci\u00f3<\/h3>\n<p style=\"text-align: justify;\">IIC de la Fundaci\u00f3 Institut de Recerca de l\u2019Hospital de la Santa Creu i Sant Pau aprovades a la reuni\u00f3 del Patronat amb data 29 de juny de 2015<br \/>\n<strong><a href=\"https:\/\/www.recercasantpau.cat\/wp-content\/uploads\/2016\/05\/2.5.-ICC-IR-2-INSTITUT-DE-RECERCA-2015.pdf\" target=\"_blank\">IIC IRHSCSP<\/a><\/strong><\/p>\n","protected":false},"excerpt":{"rendered":"<p>Expedients de contractaci\u00f3 de la Fundaci\u00f3 Institut de Recerca de l&#8217;Hospital de la Santa Creu i Sant Pau Plataforma de contractaci\u00f3 p\u00fablica Instrucccions internes de contractaci\u00f3 IIC de la Fundaci\u00f3 Institut de Recerca de l\u2019Hospital de la Santa Creu i Sant Pau aprovades a la reuni\u00f3 del Patronat amb data 29 de juny de 2015 &#8230; <br \/><a class=\"read-more\" href=\"https:\/\/www.recercasantpau.cat\/en\/public-tenders\/\">Read More<\/a><\/p>\n","protected":false},"author":1,"featured_media":3466,"parent":0,"menu_order":0,"comment_status":"closed","ping_status":"closed","template":"template-linstitut-presentacio.php","meta":{"footnotes":""},"class_list":["post-3694","page","type-page","status-publish","has-post-thumbnail","hentry"],"acf":[],"_links":{"self":[{"href":"https:\/\/www.recercasantpau.cat\/en\/wp-json\/wp\/v2\/pages\/3694","targetHints":{"allow":["GET"]}}],"collection":[{"href":"https:\/\/www.recercasantpau.cat\/en\/wp-json\/wp\/v2\/pages"}],"about":[{"href":"https:\/\/www.recercasantpau.cat\/en\/wp-json\/wp\/v2\/types\/page"}],"author":[{"embeddable":true,"href":"https:\/\/www.recercasantpau.cat\/en\/wp-json\/wp\/v2\/users\/1"}],"replies":[{"embeddable":true,"href":"https:\/\/www.recercasantpau.cat\/en\/wp-json\/wp\/v2\/comments?post=3694"}],"version-history":[{"count":4,"href":"https:\/\/www.recercasantpau.cat\/en\/wp-json\/wp\/v2\/pages\/3694\/revisions"}],"predecessor-version":[{"id":5649,"href":"https:\/\/www.recercasantpau.cat\/en\/wp-json\/wp\/v2\/pages\/3694\/revisions\/5649"}],"wp:featuredmedia":[{"embeddable":true,"href":"https:\/\/www.recercasantpau.cat\/en\/wp-json\/wp\/v2\/media\/3466"}],"wp:attachment":[{"href":"https:\/\/www.recercasantpau.cat\/en\/wp-json\/wp\/v2\/media?parent=3694"}],"curies":[{"name":"wp","href":"https:\/\/api.w.org\/{rel}","templated":true}]}}