{"id":38609,"date":"2023-01-18T13:01:57","date_gmt":"2023-01-18T12:01:57","guid":{"rendered":"http:\/\/newwebir.recercasantpau.cat\/en\/the-institute\/rri-recerca-i-innovacio-responsables\/"},"modified":"2023-01-24T13:57:41","modified_gmt":"2023-01-24T12:57:41","slug":"rri-recerca-i-innovacio-responsables","status":"publish","type":"page","link":"https:\/\/www.recercasantpau.cat\/en\/the-institute\/rri-recerca-i-innovacio-responsables\/","title":{"rendered":"RRI: Responsible Research &#038; Innovation"},"content":{"rendered":"<h3 style=\"text-align: justify;\">What is RRI?<\/h3>\n<p style=\"text-align: justify;\">Responsible Research &amp; Innovation (RRI) is a research strategy promoted and defined by the European Union through the Horizon 2020 research and innovation programme \u201cHorizon 2020 (2014-2020)\u201d known now as <a href=\"https:\/\/research-and-innovation.ec.europa.eu\/funding\/funding-opportunities\/funding-programmes-and-open-calls\/horizon-europe_en\">Horizon Europe (2021-2027)<\/a>. This is a collective commitment based on a process of collaboration between the scientific community and society, encouraging the interaction between different stakeholders or groups of interest (civil society organisations, the educational and scientific community, policy decision-makers and industry) considering criteria such as ethics, sustainability, and social desirability.<\/p>\n<p style=\"text-align: justify;\">The <strong>objective <\/strong>of the RRI is to carry out research and innovation <em>with and for<\/em> society (<a href=\"https:\/\/data.europa.eu\/doi\/10.2777\/32018\"><em>Science with and for Society<\/em><\/a> program) with the aim of bringing scientific and technological improvements back to society. For this reason this initiative requires foresight, reflexivity, inclusiveness, and the ability to adapt to change in response to the values and expectations of society, stakeholders and changing of environment.<\/p>\n<h3 style=\"text-align: justify;\">RRI at IIB Sant Pau<\/h3>\n<p style=\"text-align: justify;\">IIB Sant Pau is aligned with the principles of the RRI and work through to meet and anticipate society&#8217;s needs in a transparent, open, inclusive and sustainable perspective. For this purpose, and according to the institution&#8217;s mission, we are building an institutional impact strategy that will enable us to design a new assessment policy to measure the impact of research that adopts European commitments<strong>. <\/strong><\/p>\n<p style=\"text-align: justify;\">Our Institution encourages the implementation of these principles as a working framework, and we develop initiatives in each of the RRI agendas. The goals we have set to work on the <strong>6 RRI agendas<\/strong> are:<\/p>\n<ol style=\"text-align: justify;\">\n<li>\n<h4 style=\"text-align: justify;\"><strong>Governance: <\/strong><\/h4>\n<\/li>\n<\/ol>\n<ul style=\"text-align: justify;\">\n<li>Incorporate RRI principles into the governance of the institution.<\/li>\n<li>Foster RRI at all stages of any research project.<\/li>\n<li>Define the institutional impact literacy (what, who, how and why).<\/li>\n<\/ul>\n<ol style=\"text-align: justify;\" start=\"2\">\n<li>\n<h4>Ethics:<\/h4>\n<\/li>\n<\/ol>\n<ul style=\"text-align: justify;\">\n<li>Provide areas for ethical reflection.<\/li>\n<li>Promote and encourage integrity in research.<\/li>\n<\/ul>\n<ol style=\"text-align: justify;\" start=\"3\">\n<li>\n<h4>Gender Equality:<\/h4>\n<\/li>\n<\/ol>\n<ul style=\"text-align: justify;\">\n<li>Ensure gender balance in decision making.<\/li>\n<li>Gender perspective in teams and project content.<\/li>\n<\/ul>\n<ol style=\"text-align: justify;\" start=\"4\">\n<li>\n<h4>Open Access\u00a0(Open Science)<\/h4>\n<\/li>\n<\/ol>\n<ul style=\"text-align: justify;\">\n<li>Ensure the implementation of open access policies established by the institution.<\/li>\n<li>Fostering open access in research.<\/li>\n<\/ul>\n<ol style=\"text-align: justify;\" start=\"5\">\n<li>\n<h4>Citizen Participation<\/h4>\n<\/li>\n<\/ol>\n<ul style=\"text-align: justify;\">\n<li>Facilitate mechanisms for citizen participation.<\/li>\n<li>Promote their participation in research projects allowing a joint development and decision making.<\/li>\n<\/ul>\n<ol style=\"text-align: justify;\" start=\"6\">\n<li>\n<h4><strong>Scientific Education<\/strong><\/h4>\n<\/li>\n<\/ol>\n<ul style=\"text-align: justify;\">\n<li>Foster multi-stakeholder collaboration (formal and non-formal education providers, organisations and civil society).<\/li>\n<li>Encourage critical thinking and scientific culture among citizens, as well as scientific interest among young people.<\/li>\n<\/ul>\n<p style=\"text-align: justify;\">The <strong>objective<\/strong> of the Unit is to promote, design or implement specific tools and actions to help researchers to improve their research proposals and to encourage society to get involved in science.<\/p>\n<p style=\"text-align: justify;\">Due to the cross-cutting actions described in the RRI Plan, the Unit works in a cross-cutting manner with other units, more closely with: the Knowledge Management Unit (<strong>UGC<\/strong>) in relation to open science, the Scientific Communication and Culture Unit (UCCC+i), in terms of activities related to citizen participation and science education, and with the Human Resources Unit (<strong>URRHH<\/strong>), in terms of the implementation and monitoring of the principles set out in the European Charter for Researchers (HSR4R).<\/p>\n<p style=\"text-align: justify;\">In addition, the Responsible of the Unit, is member of the commission negotiating the new IR-HSCSP Equality Plan and is the <u>Coordinator of the Research Working Group (WG) of the Health and Gender Commission<\/u> (CdSiG) of the HSCSP.<\/p>\n<p style=\"text-align: justify;\">She is also member of the <u>Community of Practice Hip\u00e0tia d&#8217;Alexandria<\/u> (coordinated by AQuAs) carrying out specific actions to promote changes in health research centres in order to eliminate gender inequality in the Catalan research system.<\/p>\n<hr \/>\n<h3 style=\"text-align: justify;\">What actions do we carry out at IR-IIB Sant Pau on the 6 agendas?<\/h3>\n<ol style=\"text-align: justify;\">\n<li>\n<h4>Governance<\/h4>\n<\/li>\n<\/ol>\n<ul>\n<li>Definition, implementation and monitoring of the <a href=\"https:\/\/www.recercasantpau.cat\/wp-content\/uploads\/2016\/04\/2-Pla-RRI-IR_FV_per-difusi%C3%B3.pdf\">Plan de Investigaci\u00f3n e Innovaci\u00f3n Responsable (RRI)<\/a>.<\/li>\n<li>Modification of the CCI (Internal Scientific Committee) <a href=\"https:\/\/www.recercasantpau.cat\/recerca\/comite-cientific-intern\/\">Comit\u00e9 Cient\u00edfico Interno (CCI)<\/a> and the CCE (External Scientific Committee) <a href=\"https:\/\/www.recercasantpau.cat\/recerca\/comite-cientific-extern\/\">Comit\u00e9 Cient\u00edfico Externo (CCE)<\/a> of the IIB Sant Pau in order to make it equal in gender,<\/li>\n<li>Implementation and follow-up of the principles set out in the European Charter for Researchers (HSR4R).<\/li>\n<\/ul>\n<ol style=\"text-align: justify;\" start=\"2\">\n<li>\n<h4>Ethics<\/h4>\n<\/li>\n<\/ol>\n<ul>\n<li>Updating the Code of Good Scientific Practice (afegir hipervincle)<\/li>\n<li>Appointment of the IR-IIB Sant Pau <a href=\"https:\/\/www.recercasantpau.cat\/institut\/iib-sant-pau\/ombudsperson-iib-sant-pau\/\"><em>Ombudsperson<\/em><\/a><\/li>\n<li>Creation of the Research Integrity Committee (CIR) (afegir hipervincle)<\/li>\n<li>Drafting and approval of the Regulations of the CIR.<\/li>\n<li>Drafting of the Procedure in the event of suspected misconduct.<\/li>\n<\/ul>\n<ol style=\"text-align: justify;\" start=\"3\">\n<li>\n<h4>Gender Equality<\/h4>\n<\/li>\n<\/ol>\n<ul>\n<li>Gender approach in teams and in the content of the projects (Promotion of actions to further the commitments signed in the <a href=\"https:\/\/aquas.gencat.cat\/web\/.content\/minisite\/aquas\/ambits\/recerca\/igualtat_genere_hipatia\/carta_compromis_vfinal_EN.pdf\">Carta d&#8217;Hip\u00e0tia d&#8217;Alexandria<\/a>).<\/li>\n<li>Coordination with the Hospital de la Santa Creu i Sant Pau Working Group (WG) <a href=\"https:\/\/www.santpau.cat\/web\/public\/-\/sant-pau-un-dels-primers-centres-catalans-en-aplicar-la-perspectiva-de-genere-en-la-salut\">GT en Investigaci\u00f3n del CdSiG<\/a>.<\/li>\n<li>Organising Committee together with AQuAS of the <a href=\"https:\/\/www.recercasantpau.cat\/actualitat\/liib-sant-pau-refrenda-la-seva-aposta-per-la-inclusio-de-genere-en-la-recerca-a-la-ii-cimera-de-genere\">II Cimera de g\u00e8nere<\/a> (II Gender Summit).<\/li>\n<\/ul>\n<ol style=\"text-align: justify;\" start=\"4\">\n<li>\n<h4>Open Acces\u00a0(Open Science)<\/h4>\n<\/li>\n<\/ol>\n<ul>\n<li>Access to the <a href=\"https:\/\/ddd.uab.cat\/collection\">Dep\u00f3sito Digital de Datos (DDD)<\/a> (Digital Data Repository) of the Universitat Aut\u00f2noma de Barcelona for depositing publications<\/li>\n<li>Update Institutional Affiliation Regulations<\/li>\n<li>Training of support personnel for Open Science researchers.<\/li>\n<li>Monitoring of ORCID researcher registration.<\/li>\n<li>Definition of the IR-Sant Pau Open Access Policy.<\/li>\n<\/ul>\n<ol style=\"text-align: justify;\" start=\"5\">\n<li>\n<h4>Cititzen Participation<\/h4>\n<\/li>\n<\/ol>\n<ul style=\"text-align: justify;\">\n<li><a href=\"https:\/\/www.recercasantpau.cat\/actualitat-llistat\/activitats\/\" target=\"_blank\">Cicle de xerrades als Centres C\u00edvics<\/a><\/li>\n<li><a href=\"https:\/\/ajuntament.barcelona.cat\/centrescivics\/ca\/projecte\/argumenta-bcn-2022\" target=\"_blank\">Argumenta BCN<\/a><\/li>\n<li><a href=\"https:\/\/www.recercasantpau.cat\/actualitat\/tallers-cientifics-i-activitats-familiars-per-la-merce-2022-en-motiu-del-30-aniversari-de-linstitut-de-recerca-de-sant-pau\/\" target=\"_blank\">Jornada portes obertes al Recinte Modernista de Sant Pau<\/a><\/li>\n<li><a href=\"http:\/\/www.santpau.cat\/web\/public\/entredones\" target=\"_blank\">Jornada Entre dones<\/a><\/li>\n<li><a href=\"http:\/\/www.santpau.cat\/ca\/web\/public\/jornada-entre-nosaltres-2021\" target=\"_blank\">Jornada Entre nosaltres<\/a><\/li>\n<li><a href=\"https:\/\/www.residencia-investigadors.es\/ca\/cicles\/dilluns-de-ciencia\/\" target=\"_blank\">Cicle Dilluns de ci\u00e8ncia\u2019 a la Resid\u00e8ncia d\u2019Investigadors<\/a><\/li>\n<li><a href=\"https:\/\/lanitdelarecerca.cat\/\" target=\"_blank\">Nit Europea dels Investigadors<\/a><\/li>\n<li><a href=\"https:\/\/www.ccma.cat\/tv3\/marato\/\" target=\"_blank\">Visites \u201cLa Marat\u00f3\u201d<\/a><\/li>\n<li><a href=\"https:\/\/www.barcelona.cat\/festa-de-la-ciencia\/ca\" target=\"_blank\">Festa de la ci\u00e8ncia de Barcelona<\/a><\/li>\n<li><a href=\"https:\/\/www.recercasantpau.cat\/actualitat\/concert-solidari-sumat-a-la-musicoterapia\/\" target=\"_blank\">Concert solidari: Suma\u2019t a la Musicoter\u00e0pia<\/a><\/li>\n<\/ul>\n<ol style=\"text-align: justify;\" start=\"6\">\n<li>\n<h4>Scientific Education<\/h4>\n<\/li>\n<\/ol>\n<ul style=\"text-align: justify;\">\n<li><a href=\"https:\/\/escolab.bcn.cat\/\" target=\"_blank\">Tallers cient\u00edfics per a Educaci\u00f3 Secund\u00e0ria: Escolab<\/a><\/li>\n<li><a href=\"https:\/\/lanitdelarecerca.cat\/\" target=\"_blank\">Nit europea dels investigadors \u2013 Escoles<\/a><\/li>\n<li><a href=\"https:\/\/100tifiques.cat\/\" target=\"_blank\">Programa 100t\u00edfiques<\/a><\/li>\n<\/ul>\n<p style=\"text-align: justify;\">We are present in the digital environment to promote debate and participation with quality content that fosters the formation of informed and critical opinions.\u00a0You can follow us at: <a href=\"https:\/\/www.instagram.com\/iib_santpau\/\">Instagram<\/a>\u00a0,\u00a0<a href=\"https:\/\/twitter.com\/IIBSantPau\">Twitter<\/a>,\u00a0<a href=\"https:\/\/www.linkedin.com\/company\/iibsantpau\">Linkedin<\/a><\/p>\n","protected":false},"excerpt":{"rendered":"<p>What is RRI? Responsible Research &amp; Innovation (RRI) is a research strategy promoted and defined by the European Union through the Horizon 2020 research and innovation programme \u201cHorizon 2020 (2014-2020)\u201d known now as Horizon Europe (2021-2027). This is a collective commitment based on a process of collaboration between the scientific community and society, encouraging the &#8230; <br \/><a class=\"read-more\" href=\"https:\/\/www.recercasantpau.cat\/en\/the-institute\/rri-recerca-i-innovacio-responsables\/\">Read More<\/a><\/p>\n","protected":false},"author":10,"featured_media":2819,"parent":2594,"menu_order":3,"comment_status":"closed","ping_status":"closed","template":"template-presentacio.php","meta":{"footnotes":""},"class_list":["post-38609","page","type-page","status-publish","has-post-thumbnail","hentry"],"acf":[],"_links":{"self":[{"href":"https:\/\/www.recercasantpau.cat\/en\/wp-json\/wp\/v2\/pages\/38609","targetHints":{"allow":["GET"]}}],"collection":[{"href":"https:\/\/www.recercasantpau.cat\/en\/wp-json\/wp\/v2\/pages"}],"about":[{"href":"https:\/\/www.recercasantpau.cat\/en\/wp-json\/wp\/v2\/types\/page"}],"author":[{"embeddable":true,"href":"https:\/\/www.recercasantpau.cat\/en\/wp-json\/wp\/v2\/users\/10"}],"replies":[{"embeddable":true,"href":"https:\/\/www.recercasantpau.cat\/en\/wp-json\/wp\/v2\/comments?post=38609"}],"version-history":[{"count":5,"href":"https:\/\/www.recercasantpau.cat\/en\/wp-json\/wp\/v2\/pages\/38609\/revisions"}],"predecessor-version":[{"id":38629,"href":"https:\/\/www.recercasantpau.cat\/en\/wp-json\/wp\/v2\/pages\/38609\/revisions\/38629"}],"up":[{"embeddable":true,"href":"https:\/\/www.recercasantpau.cat\/en\/wp-json\/wp\/v2\/pages\/2594"}],"wp:featuredmedia":[{"embeddable":true,"href":"https:\/\/www.recercasantpau.cat\/en\/wp-json\/wp\/v2\/media\/2819"}],"wp:attachment":[{"href":"https:\/\/www.recercasantpau.cat\/en\/wp-json\/wp\/v2\/media?parent=38609"}],"curies":[{"name":"wp","href":"https:\/\/api.w.org\/{rel}","templated":true}]}}