{"id":4030,"date":"2016-01-20T12:13:56","date_gmt":"2016-01-20T11:13:56","guid":{"rendered":"http:\/\/newwebir.recercasantpau.cat\/en\/xarxes-de-recerca\/"},"modified":"2025-03-31T11:31:08","modified_gmt":"2025-03-31T09:31:08","slug":"research-networks","status":"publish","type":"page","link":"https:\/\/www.recercasantpau.cat\/en\/research\/research-networks\/","title":{"rendered":"Research Networks"},"content":{"rendered":"<p style=\"text-align: justify;\">Participation in scientific networks is essential to excellence in research. The IR Sant Pau participates actively in a number of major national and international networks.<\/p>\n<h3>CIBER<\/h3>\n<p style=\"text-align: justify;\">The CIBER is a public research consortium created by the Carlos III Health Institute (ISCIII), whose aim is to promote excellence in biomedicine and health research performed within the Spanish national health system and the science and technology system. Concentrated in the CIBER are interdisciplinary and multi-institutional research efforts and resources, with financial resources earmarked for knowledge networks formed by research centres and groups dependent on various public and private institutions and bodies.<\/p>\n<p style=\"text-align: center;\"><img loading=\"lazy\" decoding=\"async\" class=\"no-border alignnone wp-image-1714\" title=\"https:\/\/www.ciberisciii.es\/en\/thematic-areas\" src=\"https:\/\/www.recercasantpau.cat\/wp-content\/uploads\/2016\/01\/logo_Ciber.gif\" alt=\"logo_Ciber\" width=\"154\" height=\"64\" \/><\/p>\n<p style=\"text-align: justify;\">Currently, 19 IR Sant Pau groups actively participate in CIBER thematic areas. This participation reflects the quality and high standards of the IR Sant Pau research groups and the impact of the social issues and diseases investigated by its researchers.<\/p>\n<p>&nbsp;<\/p>\n<div class=\"table-responsive\">\n<table>\n<tbody>\n<tr>\n<td style=\"text-align: center;\" width=\"157\"><strong>ciber group<\/strong><\/td>\n<td style=\"text-align: center;\" width=\"178\"><strong>\u00a0Research Group<\/strong><\/td>\n<td style=\"text-align: center;\" width=\"158\"><strong>Principal Investigator<\/strong><\/td>\n<\/tr>\n<tr>\n<td rowspan=\"3\" width=\"157\">\n<p style=\"text-align: center;\"><a href=\"http:\/\/www.cibercv.es\/\">cibercv<\/a><\/p>\n<\/td>\n<td rowspan=\"2\" width=\"178\"><a href=\"https:\/\/www.recercasantpau.cat\/wp-admin\/post.php?post=2649&amp;action=edit&amp;lang=en\" target=\"_blank\" rel=\"noopener\">Molecular Pathology and Therapeutic of Ischaemic and Atherothrombotic Diseases<\/a><\/td>\n<td width=\"158\">\n<p style=\"text-align: center;\">Dra. Gemma Vilahur<\/p>\n<\/td>\n<\/tr>\n<tr>\n<td style=\"text-align: center;\" width=\"158\"><\/td>\n<\/tr>\n<tr>\n<td width=\"178\"><a href=\"https:\/\/www.recercasantpau.cat\/grup\/cardiologia-clinica-i-translacional\/\">Cardiologia Cl\u00ednica i Translacional<\/a><\/td>\n<td style=\"text-align: center;\" width=\"158\">\u00a0Dr. Jos\u00e9 Guerra<\/td>\n<\/tr>\n<tr>\n<td style=\"text-align: center;\" rowspan=\"2\" width=\"157\"><a href=\"http:\/\/www.ciber-bbn.es\/\">ciber-bbn<\/a><\/td>\n<td width=\"178\"><a href=\"https:\/\/www.recercasantpau.cat\/grup\/oncogenesi-i-antitumorals\/\">Oncog\u00e8nesi i antitumorals<\/a><\/td>\n<td style=\"text-align: center;\" width=\"158\">Dr. Ramon Mangues<\/td>\n<\/tr>\n<tr>\n<td width=\"178\"><a href=\"https:\/\/www.ciber-bbn.es\/grupos\/grupo-de-investigacion?id=5793\">Endocrinologia i diabetes<\/a><\/td>\n<td style=\"text-align: center;\" width=\"158\">Dra.\u00a0Rosa Corcoy<\/td>\n<\/tr>\n<tr>\n<td style=\"text-align: center;\" rowspan=\"2\" width=\"157\"><a href=\"http:\/\/www.ciberdem.org\/\">ciberdem<\/a><\/td>\n<td width=\"178\"><a href=\"https:\/\/www.recercasantpau.cat\/grup\/bases-metaboliques-del-risc-cardiovascular\/\">Malaltia metab\u00f2lica i risc cardiovascular<\/a><\/td>\n<td style=\"text-align: center;\" width=\"158\">Dr. Francisco Blanco<\/td>\n<\/tr>\n<tr>\n<td width=\"178\"><a href=\"https:\/\/www.ciberdem.org\/grupos\/grupo-de-investigacion?id=21731\">Endocrinologia, Diabetes y Nutrici\u00f3n<\/a><\/td>\n<td style=\"text-align: center;\" width=\"158\">Dr. Didac Mauricio<\/td>\n<\/tr>\n<tr>\n<td style=\"text-align: center;\" width=\"157\"><a href=\"http:\/\/www.ciberehd.org\/\">ciberehd<\/a><\/td>\n<td width=\"178\"><a href=\"https:\/\/www.recercasantpau.cat\/grup\/patologia-digestiva\/\">Patologia digestiva<\/a><\/td>\n<td width=\"158\">Dr. Carlos Guarner<\/td>\n<\/tr>\n<tr>\n<td style=\"text-align: center;\" rowspan=\"5\" width=\"157\"><a href=\"http:\/\/www.ciberer.es\/\">ciberer<\/a><\/td>\n<td width=\"178\"><a href=\"https:\/\/www.recercasantpau.cat\/grup\/pediatria\/\">Pediatria<\/a><\/td>\n<td style=\"text-align: center;\" width=\"158\">Dra. Susana Boronat<\/td>\n<\/tr>\n<tr>\n<td width=\"178\"><a href=\"https:\/\/www.recercasantpau.cat\/grup\/malalties-genetiques\/\">Malalties gen\u00e8tiques<\/a><\/td>\n<td style=\"text-align: center;\" width=\"158\">Dra. M. Pia Gallano<\/td>\n<\/tr>\n<tr>\n<td width=\"178\"><a href=\"https:\/\/www.recercasantpau.cat\/grup\/malalties-neuromusculars\/\">Malalties neuromusculars<\/a><\/td>\n<td style=\"text-align: center;\" width=\"158\">Dr.\u00a0Eduard Gallardo<\/td>\n<\/tr>\n<tr>\n<td width=\"178\"><a href=\"https:\/\/www.recercasantpau.cat\/grup\/malalties-de-la-hipofisi\/\">Malalties de la hip\u00f2fisi<\/a><\/td>\n<td style=\"text-align: center;\" width=\"158\">Dra. Susan Webb<\/td>\n<\/tr>\n<tr>\n<td width=\"178\"><a href=\"https:\/\/www.recercasantpau.cat\/es\/grupo\/sindromes-de-reparacion-del-dna-y-predisposicion-al-cancer\/\">S\u00edndromes de reparaci\u00f3n del DNA y predisposici\u00f3n al c\u00e1ncer<\/a><\/td>\n<td width=\"158\">\n<p style=\"text-align: center;\">Dr. Jordi Surrall\u00e9s<\/p>\n<\/td>\n<\/tr>\n<tr>\n<td style=\"text-align: center;\" width=\"157\"><a href=\"http:\/\/www.ciberes.org\/\"><br \/>\nciberes<\/a><\/td>\n<td width=\"178\"><a href=\"https:\/\/www.recercasantpau.cat\/grup\/malalties-respiratories-croniques\/\">Malalties respirat\u00f2ries cr\u00f2niques<\/a><\/td>\n<td style=\"text-align: center;\" width=\"158\">Dr. Vicente Plaza<\/td>\n<\/tr>\n<tr>\n<td style=\"text-align: center;\" rowspan=\"3\" width=\"157\"><a href=\"http:\/\/www.ciberesp.es\/\">ciberesp<\/a><\/td>\n<td width=\"178\"><a href=\"https:\/\/www.recercasantpau.cat\/grup\/epidemiologia-clinica-i-serveis-sanitaris\/\">Epidemiologia cl\u00ednica i serveis sanitaris<\/a><\/td>\n<td style=\"text-align: center;\" width=\"158\">Dr. Xavier Bonfill<\/td>\n<\/tr>\n<tr>\n<td width=\"178\"><a href=\"https:\/\/www.recercasantpau.cat\/grup\/desigualtats-en-salut\/\">Desigualtats en salut<\/a><\/td>\n<td style=\"text-align: center;\" width=\"158\">Dra. Carme Borrell<\/td>\n<\/tr>\n<tr>\n<td width=\"178\"><a href=\"https:\/\/www.recercasantpau.cat\/grup\/malalties-transmissibles\/\">Malalties transmissibles<\/a><\/td>\n<td style=\"text-align: center;\" width=\"158\">Dra. Cristina Rius<\/td>\n<\/tr>\n<tr>\n<td style=\"text-align: center;\" width=\"157\"><a href=\"http:\/\/www.cibersam.es\/\">cibersam<\/a><\/td>\n<td width=\"178\"><a href=\"https:\/\/www.recercasantpau.cat\/grup\/psiquiatria-clinica\/\">Psiquiatria cl\u00ednica<\/a><\/td>\n<td style=\"text-align: center;\" width=\"158\">Dra. M\u00aaJes\u00fas Portella<\/td>\n<\/tr>\n<tr>\n<td style=\"text-align: center;\" rowspan=\"2\" width=\"157\"><a href=\"http:\/\/www.ciberned.es\/\">ciberned<\/a><\/td>\n<td width=\"178\"><a href=\"https:\/\/www.recercasantpau.cat\/grup\/neurobiologia-de-les-demencies\/\">Neurobiologia de les<\/a><a href=\"https:\/\/www.recercasantpau.cat\/grup\/neurobiologia-de-les-demencies\/\"> dem\u00e8ncies<\/a><\/td>\n<td style=\"text-align: center;\" width=\"158\">Dr. Alberto Lle\u00f3<\/td>\n<\/tr>\n<tr>\n<td width=\"178\"><a href=\"https:\/\/www.recercasantpau.cat\/grup\/malaltia-del-parkinson-i-trastorns-del-moviment\/\">Malaltia de Parkinson i trastorns del moviment<\/a><\/td>\n<td style=\"text-align: center;\" width=\"158\">Dr. Jaime Kulisevsky<\/td>\n<\/tr>\n<\/tbody>\n<\/table>\n<\/div>\n","protected":false},"excerpt":{"rendered":"<p>Participation in scientific networks is essential to excellence in research. The IR Sant Pau participates actively in a number of major national and international networks. CIBER The CIBER is a public research consortium created by the Carlos III Health Institute (ISCIII), whose aim is to promote excellence in biomedicine and health research performed within the &#8230; <br \/><a class=\"read-more\" href=\"https:\/\/www.recercasantpau.cat\/en\/research\/research-networks\/\">Read More<\/a><\/p>\n","protected":false},"author":1,"featured_media":2888,"parent":4041,"menu_order":0,"comment_status":"closed","ping_status":"closed","template":"template-serveis.php","meta":{"footnotes":""},"class_list":["post-4030","page","type-page","status-publish","has-post-thumbnail","hentry"],"acf":[],"_links":{"self":[{"href":"https:\/\/www.recercasantpau.cat\/en\/wp-json\/wp\/v2\/pages\/4030","targetHints":{"allow":["GET"]}}],"collection":[{"href":"https:\/\/www.recercasantpau.cat\/en\/wp-json\/wp\/v2\/pages"}],"about":[{"href":"https:\/\/www.recercasantpau.cat\/en\/wp-json\/wp\/v2\/types\/page"}],"author":[{"embeddable":true,"href":"https:\/\/www.recercasantpau.cat\/en\/wp-json\/wp\/v2\/users\/1"}],"replies":[{"embeddable":true,"href":"https:\/\/www.recercasantpau.cat\/en\/wp-json\/wp\/v2\/comments?post=4030"}],"version-history":[{"count":31,"href":"https:\/\/www.recercasantpau.cat\/en\/wp-json\/wp\/v2\/pages\/4030\/revisions"}],"predecessor-version":[{"id":54751,"href":"https:\/\/www.recercasantpau.cat\/en\/wp-json\/wp\/v2\/pages\/4030\/revisions\/54751"}],"up":[{"embeddable":true,"href":"https:\/\/www.recercasantpau.cat\/en\/wp-json\/wp\/v2\/pages\/4041"}],"wp:featuredmedia":[{"embeddable":true,"href":"https:\/\/www.recercasantpau.cat\/en\/wp-json\/wp\/v2\/media\/2888"}],"wp:attachment":[{"href":"https:\/\/www.recercasantpau.cat\/en\/wp-json\/wp\/v2\/media?parent=4030"}],"curies":[{"name":"wp","href":"https:\/\/api.w.org\/{rel}","templated":true}]}}