{"id":22453,"date":"2019-07-19T11:12:21","date_gmt":"2019-07-19T11:12:21","guid":{"rendered":"http:\/\/newwebir.recercasantpau.cat\/es\/servicios-de-apoyo\/ucci\/"},"modified":"2020-04-02T17:21:51","modified_gmt":"2020-04-02T17:21:51","slug":"ucci","status":"publish","type":"page","link":"https:\/\/www.recercasantpau.cat\/es\/servicios-de-apoyo\/ucci\/","title":{"rendered":"Unidad de Cultura Cientifica y de la innovaci\u00f3n &#8211; UCC+i"},"content":{"rendered":"<h3 class=\"alignnone\"><img loading=\"lazy\" decoding=\"async\" class=\"alignleft wp-image-22480\" src=\"https:\/\/www.recercasantpau.cat\/wp-content\/uploads\/2019\/07\/DSC01005MJ.jpg\" alt=\"DSC01005MJ\" width=\"170\" height=\"226\" srcset=\"https:\/\/www.recercasantpau.cat\/wp-content\/uploads\/2019\/07\/DSC01005MJ.jpg 3888w, https:\/\/www.recercasantpau.cat\/wp-content\/uploads\/2019\/07\/DSC01005MJ-225x300.jpg 225w, https:\/\/www.recercasantpau.cat\/wp-content\/uploads\/2019\/07\/DSC01005MJ-768x1024.jpg 768w, https:\/\/www.recercasantpau.cat\/wp-content\/uploads\/2019\/07\/DSC01005MJ-580x773.jpg 580w\" sizes=\"auto, (max-width: 170px) 100vw, 170px\" \/><\/h3>\n<h3>Responsable<\/h3>\n<p>M\u00aa\u00a0Jos\u00e9 Bartolom\u00e9<br \/>\n<a href=\"mailto:mbartolome@santpau.cat\">mbartolome@santpau.cat<\/a><\/p>\n<h3><\/h3>\n<p>&nbsp;<\/p>\n<p style=\"text-align: justify;\">La\u00a0<strong>Unidad de Cultura Cient\u00edfica y de la Innovaci\u00f3n (UCC+i)<\/strong>\u00a0de la \u00abFundaci\u00f3n Institut de Recerca del Hospital de Sant Pau\u00bb, organo gestor del IIB Sant Pau, fue reconocida y acreditada el pasado mes de Marzo de 2019 por la\u00a0Fundaci\u00f3n Espa\u00f1ola\u00a0para la Ciencia y la Tecnolog\u00eda <strong>(FECYT)<\/strong> &#8211; Ministerio de Ciencia, Innovaci\u00f3n y Universidades, entrando a formar parte de la\u00a0\u00a0<a href=\"http:\/\/comcired.fecyt.es\/Pages\/ComCiRed.aspx\">Red de Unidades de Cultura Cient\u00edfica y de la Innovaci\u00f3n (Red UCC+i)<\/a>.<\/p>\n<p style=\"text-align: justify;\">Las<span class=\"color\" data-mce-mark=\"1\">\u00a0Unidades de Cultura Cientifica y de la Innovaci\u00f3n<\/span>\u00a0<strong>(UCC+i)<\/strong>\u00a0act\u00faan de intermediarias entre las instituciones que las acogen y los ciudadanos, con el objetivo principal de promocionar la cultura cient\u00edfica, tecnol\u00f3gica y de la innovaci\u00f3n, a trav\u00e9s de la realizaci\u00f3n de diversas actividades\u00a0( comunicaci\u00f3n cient\u00edfica, divulgaci\u00f3n, formaci\u00f3n, conferencias, etc)<\/p>\n<p style=\"text-align: justify;\">La Red de UCC+i tiene por objetivo fomentar el intercambio de experiencias y la b\u00fasqueda de sinergias entre entidades, con el fin de mejorar la calidad de los productos y servicios de las UCC+i y promueve la optimizaci\u00f3n de recursos.<\/p>\n<p><img loading=\"lazy\" decoding=\"async\" class=\"no-border alignleft wp-image-22471 size-full\" src=\"https:\/\/www.recercasantpau.cat\/wp-content\/uploads\/2019\/07\/Logo-UCC-WEB.jpg\" alt=\"Logo-UCC-WEB\" width=\"1640\" height=\"233\" srcset=\"https:\/\/www.recercasantpau.cat\/wp-content\/uploads\/2019\/07\/Logo-UCC-WEB.jpg 1640w, https:\/\/www.recercasantpau.cat\/wp-content\/uploads\/2019\/07\/Logo-UCC-WEB-300x43.jpg 300w, https:\/\/www.recercasantpau.cat\/wp-content\/uploads\/2019\/07\/Logo-UCC-WEB-768x109.jpg 768w, https:\/\/www.recercasantpau.cat\/wp-content\/uploads\/2019\/07\/Logo-UCC-WEB-1024x145.jpg 1024w, https:\/\/www.recercasantpau.cat\/wp-content\/uploads\/2019\/07\/Logo-UCC-WEB-580x82.jpg 580w\" sizes=\"auto, (max-width: 1640px) 100vw, 1640px\" \/><\/p>\n","protected":false},"excerpt":{"rendered":"<p>Responsable M\u00aa\u00a0Jos\u00e9 Bartolom\u00e9 mbartolome@santpau.cat &nbsp; La\u00a0Unidad de Cultura Cient\u00edfica y de la Innovaci\u00f3n (UCC+i)\u00a0de la \u00abFundaci\u00f3n Institut de Recerca del Hospital de Sant Pau\u00bb, organo gestor del IIB Sant Pau, fue reconocida y acreditada el pasado mes de Marzo de 2019 por la\u00a0Fundaci\u00f3n Espa\u00f1ola\u00a0para la Ciencia y la Tecnolog\u00eda (FECYT) &#8211; Ministerio de Ciencia, Innovaci\u00f3n &#8230; <br \/><a class=\"read-more\" href=\"https:\/\/www.recercasantpau.cat\/es\/servicios-de-apoyo\/ucci\/\">Read More<\/a><\/p>\n","protected":false},"author":1,"featured_media":3581,"parent":2529,"menu_order":0,"comment_status":"closed","ping_status":"closed","template":"template-serveis-sidebar.php","meta":{"footnotes":""},"class_list":["post-22453","page","type-page","status-publish","has-post-thumbnail","hentry"],"acf":[],"_links":{"self":[{"href":"https:\/\/www.recercasantpau.cat\/es\/wp-json\/wp\/v2\/pages\/22453","targetHints":{"allow":["GET"]}}],"collection":[{"href":"https:\/\/www.recercasantpau.cat\/es\/wp-json\/wp\/v2\/pages"}],"about":[{"href":"https:\/\/www.recercasantpau.cat\/es\/wp-json\/wp\/v2\/types\/page"}],"author":[{"embeddable":true,"href":"https:\/\/www.recercasantpau.cat\/es\/wp-json\/wp\/v2\/users\/1"}],"replies":[{"embeddable":true,"href":"https:\/\/www.recercasantpau.cat\/es\/wp-json\/wp\/v2\/comments?post=22453"}],"version-history":[{"count":11,"href":"https:\/\/www.recercasantpau.cat\/es\/wp-json\/wp\/v2\/pages\/22453\/revisions"}],"predecessor-version":[{"id":24426,"href":"https:\/\/www.recercasantpau.cat\/es\/wp-json\/wp\/v2\/pages\/22453\/revisions\/24426"}],"up":[{"embeddable":true,"href":"https:\/\/www.recercasantpau.cat\/es\/wp-json\/wp\/v2\/pages\/2529"}],"wp:featuredmedia":[{"embeddable":true,"href":"https:\/\/www.recercasantpau.cat\/es\/wp-json\/wp\/v2\/media\/3581"}],"wp:attachment":[{"href":"https:\/\/www.recercasantpau.cat\/es\/wp-json\/wp\/v2\/media?parent=22453"}],"curies":[{"name":"wp","href":"https:\/\/api.w.org\/{rel}","templated":true}]}}