{"id":2489,"date":"2016-01-20T12:13:18","date_gmt":"2016-01-20T11:13:18","guid":{"rendered":"http:\/\/newwebir.recercasantpau.cat\/es\/?page_id=2489"},"modified":"2025-11-25T15:19:16","modified_gmt":"2025-11-25T14:19:16","slug":"comite-cientifico-interno","status":"publish","type":"page","link":"https:\/\/www.recercasantpau.cat\/es\/investigacion\/comite-cientifico-interno\/","title":{"rendered":"Comit\u00e9 Cient\u00edfico Interno (CCI)"},"content":{"rendered":"<h3>COMPOSICI\u00d3N DEL COMIT\u00c9 CIENT\u00cdFICO INTERNO<\/h3>\n<p>&nbsp;<\/p>\n<h4><\/h4>\n<h4>Presidente<\/h4>\n<p>Jordi Surrall\u00e9s (Director Cient\u00edfico del IR Sant Pau)<\/p>\n<h4>Vicepresidente<\/h4>\n<p>Robert Belv\u00eds (Presidente del CEim)<\/p>\n<h4>Innovaci\u00f3n, Calidad y Formaci\u00f3n<\/h4>\n<p>Miriam Ors Griera (Adjunta a la Direcci\u00f3n Cient\u00edfica.\u00a0Innovaci\u00f3n, Formaci\u00f3n\u00a0y Calidad)<\/p>\n<h4><\/h4>\n<h4>Miembros por designaci\u00f3n del director del IR Sant Pau<\/h4>\n<p>Elisa Llurba. (Medicina Perinatal\u00a0y de la Mujer)<\/p>\n<p>Otavio Ranzani. (Investigadora RyC)<\/p>\n<p>Gemma Mas. (Investigaci\u00f3n en Curas Enfermeras)<\/p>\n<p>Silvia Mateu (Fundaci\u00f3 Puigvert)<\/p>\n<h4><\/h4>\n<h4><strong>Miembros por cada una de les \u00e1reas de investigaci\u00f3n del IR Sant Pau<\/strong><\/h4>\n<p>Gemma Vilahur (\u00c1rea Enfermedades cardiovasculares)<\/p>\n<p>Jos\u00e9 M Guerra (\u00c1rea Enfermedades cardiovasculares)<\/p>\n<p>Jose Manuel Soria (\u00c1rea Enfermedades cardiovasculares)<\/p>\n<p>Javier Briones (\u00c1rea Enfermedades Onco-Hematol\u00f3gicas)<\/p>\n<p>Ram\u00f3n Mangues (\u00c1rea\u00a0Enfermedades Onco-Hematol\u00f3gicas)<\/p>\n<p>Juan Fortea\u00a0(\u00c1rea\u00a0Enfermedades Neurol\u00f3gicas, Neurociencia\u00a0y Salud\u00a0Mental )<\/p>\n<p>Maria J Portella\u00a0(\u00c1rea\u00a0Enfermedades\u00a0Neurol\u00f3gicas, Neurociencia\u00a0y\u00a0Salud\u00a0Mental )<\/p>\n<p>Israel Fern\u00e1ndez-cadenas (\u00c1rea\u00a0Enfermedades\u00a0Neurol\u00f3gicas, Neurociencia\u00a0y\u00a0Salud\u00a0Mental )<\/p>\n<p>Pablo Alonso Coello (\u00c1rea Epidemiologia, Salud P\u00fablica y Atenci\u00f3n Primaria)<\/p>\n<p>Maica Rodriguez (\u00c1rea Epidemiologia, Salud P\u00fablica y Atenci\u00f3n Primaria)<\/p>\n<p>Carlen Reyes (\u00c1rea Epidemiologia, Salud P\u00fablica y Atenci\u00f3n Primaria)<\/p>\n<p>Didac Mauricio (\u00c1rea Medicina Traslacional)<\/p>\n<p>S\u00edlvia Vidal\u00a0(\u00c1rea Medicina Traslacional)<\/p>\n<p>Roser Torra\u00a0(\u00c1rea Medicina Traslacional)<\/p>\n<p>&nbsp;<\/p>\n<h4><\/h4>\n<h4><strong>Secret\u00e1ria del CC<\/strong>I<\/h4>\n<p>Miriam Ors Griera<\/p>\n<p style=\"text-align: justify;\">Dado\u00a0que el Institut de Recerca de l\u2019Hospital de la Santa Creu i Sant Pau es el \u00f3rgano gestor de la investigaci\u00f3n\u00a0del\u00a0<a href=\"https:\/\/www.recercasantpau.cat\/es\/instituto\/iib-sant-pau\/estructura-organizativa\/\">Institut d\u2019Investigaci\u00f3 Biom\u00e8dica Sant Pau<\/a>,\u00a0este\u00a0Comit\u00e9 es simult\u00e1neamente\u00a0Comit\u00e9 Cient\u00edfico Interno de ambos institutos.<\/p>\n<p>&nbsp;<\/p>\n","protected":false},"excerpt":{"rendered":"<p>COMPOSICI\u00d3N DEL COMIT\u00c9 CIENT\u00cdFICO INTERNO &nbsp; Presidente Jordi Surrall\u00e9s (Director Cient\u00edfico del IR Sant Pau) Vicepresidente Robert Belv\u00eds (Presidente del CEim) Innovaci\u00f3n, Calidad y Formaci\u00f3n Miriam Ors Griera (Adjunta a la Direcci\u00f3n Cient\u00edfica.\u00a0Innovaci\u00f3n, Formaci\u00f3n\u00a0y Calidad) Miembros por designaci\u00f3n del director del IR Sant Pau Elisa Llurba. (Medicina Perinatal\u00a0y de la Mujer) Otavio Ranzani. (Investigadora RyC) &#8230; <br \/><a class=\"read-more\" href=\"https:\/\/www.recercasantpau.cat\/es\/investigacion\/comite-cientifico-interno\/\">Read More<\/a><\/p>\n","protected":false},"author":2,"featured_media":2889,"parent":4040,"menu_order":0,"comment_status":"closed","ping_status":"closed","template":"template-linstitut-presentacio.php","meta":{"footnotes":""},"class_list":["post-2489","page","type-page","status-publish","has-post-thumbnail","hentry"],"acf":[],"_links":{"self":[{"href":"https:\/\/www.recercasantpau.cat\/es\/wp-json\/wp\/v2\/pages\/2489","targetHints":{"allow":["GET"]}}],"collection":[{"href":"https:\/\/www.recercasantpau.cat\/es\/wp-json\/wp\/v2\/pages"}],"about":[{"href":"https:\/\/www.recercasantpau.cat\/es\/wp-json\/wp\/v2\/types\/page"}],"author":[{"embeddable":true,"href":"https:\/\/www.recercasantpau.cat\/es\/wp-json\/wp\/v2\/users\/2"}],"replies":[{"embeddable":true,"href":"https:\/\/www.recercasantpau.cat\/es\/wp-json\/wp\/v2\/comments?post=2489"}],"version-history":[{"count":20,"href":"https:\/\/www.recercasantpau.cat\/es\/wp-json\/wp\/v2\/pages\/2489\/revisions"}],"predecessor-version":[{"id":59186,"href":"https:\/\/www.recercasantpau.cat\/es\/wp-json\/wp\/v2\/pages\/2489\/revisions\/59186"}],"up":[{"embeddable":true,"href":"https:\/\/www.recercasantpau.cat\/es\/wp-json\/wp\/v2\/pages\/4040"}],"wp:featuredmedia":[{"embeddable":true,"href":"https:\/\/www.recercasantpau.cat\/es\/wp-json\/wp\/v2\/media\/2889"}],"wp:attachment":[{"href":"https:\/\/www.recercasantpau.cat\/es\/wp-json\/wp\/v2\/media?parent=2489"}],"curies":[{"name":"wp","href":"https:\/\/api.w.org\/{rel}","templated":true}]}}