{"id":2493,"date":"2016-01-20T12:13:34","date_gmt":"2016-01-20T11:13:34","guid":{"rendered":"http:\/\/newwebir.recercasantpau.cat\/es\/?page_id=2493"},"modified":"2024-11-11T08:32:35","modified_gmt":"2024-11-11T07:32:35","slug":"comite-cientifico-externo","status":"publish","type":"page","link":"https:\/\/www.recercasantpau.cat\/es\/investigacion\/comite-cientifico-externo\/","title":{"rendered":"Comit\u00e9 Cient\u00edfico Externo"},"content":{"rendered":"<h3>COMPOSICI\u00d3N DEL COMIT\u00c9 CIENTIFICO EXTERNO (CCE)<\/h3>\n<p><strong>Dr.\u00a0Jordi Surrall\u00e9s<br \/>\n<\/strong>Director del IR Sant Pau y Secretario del Comit\u00e9<\/p>\n<p><b>Dr. \u00c1ngel Maria Carracedo \u00c1lvarez<\/b><br \/>\n<b>Presidente del Comit\u00e9 Cient\u00edfico\u00a0Externo<\/b><br \/>\nInstituto de Medicina Legal<br \/>\nFacultade de Medicina e Odontolox\u00eda<br \/>\nSantiago de Compostela<\/p>\n<p><strong>Dr. Jos\u00e9 Palacios<br \/>\n<\/strong>Jefe de Servicio de Anatomia Patol\u00f3gica<br \/>\nHospital Ram\u00f3n y Cajal<br \/>\nMadrid<\/p>\n<p><strong>Dra.\u00a0<\/strong><strong>Mercedes Robledo<br \/>\n<\/strong>Hereditary Endocrine Cancer Group, Group Leader<br \/>\nHuman Cancer Genetics Program, CNIO<br \/>\nMadrid<\/p>\n<p><strong>Dra.\u00a0<\/strong><strong>Judith Garc\u00eda<br \/>\n<\/strong>Barcelona\u00a0Institute for Global Health\u00a0&#8211; Campus MAR<br \/>\nISGlobal<br \/>\nBarcelona<\/p>\n<p><strong>Sr. Manuel Arellano<br \/>\n<\/strong>Plataforma de organizaciones de pacientes<br \/>\nMadrid<\/p>\n<p><strong>Dra. Gloria Gonzalez<br \/>\n<\/strong>Directora del Programa de Terapia G\u00e9nica y Regulaci\u00f3n de la Expresi\u00f3n G\u00e9nica<br \/>\nCIMA-Navarra<\/p>\n<p><strong>Dra. Ana Maria Cuervo<\/strong><br \/>\nThe Robert and Renee Belfer Chair for the Study of Neurodegenerative Diseases<br \/>\nCo-director Institute for Aging Research<br \/>\nAlbert Einstein College of Medicine<br \/>\nNew York &#8211; USA<\/p>\n<p><strong>Prof. Juan Carlos Kask<\/strong>i<br \/>\nProfessor of Cardiovascular Science University of London<br \/>\nSaint George&#8217;s Molecular and Clinical Sciences Research Institute<br \/>\nLondon &#8211; UK<\/p>\n<p>&nbsp;<\/p>\n<p style=\"text-align: justify;\">Dado que el\u00a0Institut de Recerca de l\u2019Hospital de la Santa Creu i Sant Pau es el \u00f3rgano gestor de la investigaci\u00f3n\u00a0del <a href=\"http:\/\/www.iibsantpau.cat\/portal\/ca\/iib\/12882\" target=\"_blank\" rel=\"noopener\">Institut d&#8217;Investigaci\u00f3 Biom\u00e8dica Sant Pau<\/a>,\u00a0este Comit\u00e9 es simult\u00e1neamente el Comit\u00e9 Cient\u00edfico Externo de ambos institutos.<\/p>\n<p style=\"text-align: justify;\">\n","protected":false},"excerpt":{"rendered":"<p>COMPOSICI\u00d3N DEL COMIT\u00c9 CIENTIFICO EXTERNO (CCE) Dr.\u00a0Jordi Surrall\u00e9s Director del IR Sant Pau y Secretario del Comit\u00e9 Dr. \u00c1ngel Maria Carracedo \u00c1lvarez Presidente del Comit\u00e9 Cient\u00edfico\u00a0Externo Instituto de Medicina Legal Facultade de Medicina e Odontolox\u00eda Santiago de Compostela Dr. Jos\u00e9 Palacios Jefe de Servicio de Anatomia Patol\u00f3gica Hospital Ram\u00f3n y Cajal Madrid Dra.\u00a0Mercedes Robledo Hereditary &#8230; <br \/><a class=\"read-more\" href=\"https:\/\/www.recercasantpau.cat\/es\/investigacion\/comite-cientifico-externo\/\">Read More<\/a><\/p>\n","protected":false},"author":2,"featured_media":2915,"parent":4040,"menu_order":0,"comment_status":"closed","ping_status":"closed","template":"template-linstitut-presentacio.php","meta":{"footnotes":""},"class_list":["post-2493","page","type-page","status-publish","has-post-thumbnail","hentry"],"acf":[],"_links":{"self":[{"href":"https:\/\/www.recercasantpau.cat\/es\/wp-json\/wp\/v2\/pages\/2493","targetHints":{"allow":["GET"]}}],"collection":[{"href":"https:\/\/www.recercasantpau.cat\/es\/wp-json\/wp\/v2\/pages"}],"about":[{"href":"https:\/\/www.recercasantpau.cat\/es\/wp-json\/wp\/v2\/types\/page"}],"author":[{"embeddable":true,"href":"https:\/\/www.recercasantpau.cat\/es\/wp-json\/wp\/v2\/users\/2"}],"replies":[{"embeddable":true,"href":"https:\/\/www.recercasantpau.cat\/es\/wp-json\/wp\/v2\/comments?post=2493"}],"version-history":[{"count":11,"href":"https:\/\/www.recercasantpau.cat\/es\/wp-json\/wp\/v2\/pages\/2493\/revisions"}],"predecessor-version":[{"id":52185,"href":"https:\/\/www.recercasantpau.cat\/es\/wp-json\/wp\/v2\/pages\/2493\/revisions\/52185"}],"up":[{"embeddable":true,"href":"https:\/\/www.recercasantpau.cat\/es\/wp-json\/wp\/v2\/pages\/4040"}],"wp:featuredmedia":[{"embeddable":true,"href":"https:\/\/www.recercasantpau.cat\/es\/wp-json\/wp\/v2\/media\/2915"}],"wp:attachment":[{"href":"https:\/\/www.recercasantpau.cat\/es\/wp-json\/wp\/v2\/media?parent=2493"}],"curies":[{"name":"wp","href":"https:\/\/api.w.org\/{rel}","templated":true}]}}