{"id":25366,"date":"2020-07-24T09:09:00","date_gmt":"2020-07-24T09:09:00","guid":{"rendered":"http:\/\/newwebir.recercasantpau.cat\/es\/servicios-de-apoyo\/servicio-de-experimentacion-animal-sea\/ethics-committee-for-animal-research\/"},"modified":"2020-07-29T08:43:10","modified_gmt":"2020-07-29T08:43:10","slug":"ethics-committee-for-animal-research","status":"publish","type":"page","link":"https:\/\/www.recercasantpau.cat\/es\/servicios-de-apoyo\/servicio-de-experimentacion-animal-sea\/ethics-committee-for-animal-research\/","title":{"rendered":"Comit\u00e9 de \u00c9tica en Experimentaci\u00f3n Animal (CEEA &#8211; IR SANT PAU)"},"content":{"rendered":"","protected":false},"excerpt":{"rendered":"","protected":false},"author":10,"featured_media":3581,"parent":3990,"menu_order":0,"comment_status":"closed","ping_status":"closed","template":"template-animal.php","meta":{"footnotes":""},"class_list":["post-25366","page","type-page","status-publish","has-post-thumbnail","hentry"],"acf":[],"_links":{"self":[{"href":"https:\/\/www.recercasantpau.cat\/es\/wp-json\/wp\/v2\/pages\/25366","targetHints":{"allow":["GET"]}}],"collection":[{"href":"https:\/\/www.recercasantpau.cat\/es\/wp-json\/wp\/v2\/pages"}],"about":[{"href":"https:\/\/www.recercasantpau.cat\/es\/wp-json\/wp\/v2\/types\/page"}],"author":[{"embeddable":true,"href":"https:\/\/www.recercasantpau.cat\/es\/wp-json\/wp\/v2\/users\/10"}],"replies":[{"embeddable":true,"href":"https:\/\/www.recercasantpau.cat\/es\/wp-json\/wp\/v2\/comments?post=25366"}],"version-history":[{"count":8,"href":"https:\/\/www.recercasantpau.cat\/es\/wp-json\/wp\/v2\/pages\/25366\/revisions"}],"predecessor-version":[{"id":25392,"href":"https:\/\/www.recercasantpau.cat\/es\/wp-json\/wp\/v2\/pages\/25366\/revisions\/25392"}],"up":[{"embeddable":true,"href":"https:\/\/www.recercasantpau.cat\/es\/wp-json\/wp\/v2\/pages\/3990"}],"wp:featuredmedia":[{"embeddable":true,"href":"https:\/\/www.recercasantpau.cat\/es\/wp-json\/wp\/v2\/media\/3581"}],"wp:attachment":[{"href":"https:\/\/www.recercasantpau.cat\/es\/wp-json\/wp\/v2\/media?parent=25366"}],"curies":[{"name":"wp","href":"https:\/\/api.w.org\/{rel}","templated":true}]}}