{"id":2575,"date":"2016-01-20T12:06:18","date_gmt":"2016-01-20T11:06:18","guid":{"rendered":"http:\/\/newwebir.recercasantpau.cat\/es\/?page_id=2575"},"modified":"2026-01-14T18:17:17","modified_gmt":"2026-01-14T17:17:17","slug":"presentacion","status":"publish","type":"page","link":"https:\/\/www.recercasantpau.cat\/es\/instituto\/informacion-corporativa\/presentacion\/","title":{"rendered":"Presentaci\u00f3n"},"content":{"rendered":"<p style=\"text-align: justify;\">El Instituto de Investigaci\u00f3n, creado el 4 de junio de 1992, es una fundaci\u00f3n de car\u00e1cter cient\u00edfico que tiene como misi\u00f3n promover la investigaci\u00f3n b\u00e1sica, cl\u00ednica, epidemiol\u00f3gica y de servicios sanitarios en el campo de las ciencias de la salud y la biomedicina, con el objetivo de contribuir a la mejora de la salud y la calidad de vida de las personas, mediante la producci\u00f3n y divulgaci\u00f3n de conocimiento cient\u00edfico, la formaci\u00f3n de investigadores de nivel internacional, la generaci\u00f3n de innovaciones sanitarias, la aplicaci\u00f3n de los avances en la pr\u00e1ctica asistencial y las pol\u00edticas sanitarias.<\/p>\n<p style=\"text-align: justify;\">Ubicado en el Campus Sant Pau, es un centro de investigaci\u00f3n biom\u00e9dica de excelencia, adscrito a la Universitat Aut\u00f2noma de Barcelona (UAB) desde 2009, y desde 2011 es centro del sistema CERCA de Catalu\u00f1a.<\/p>\n<p style=\"text-align: justify;\">El Instituto est\u00e1 formado por personal propio y adscrito, que desarrolla su investigaci\u00f3n en grupos multidisciplinares de investigaci\u00f3n b\u00e1sica y cl\u00ednica, procedentes de las entidades hermanas ubicadas en el campus Sant Pau y su entorno. L&#8217;IR Sant Pau, es un institut de investigaci\u00f3n sanitaria acreditado desde 2011 por el ISCIII, acreditaci\u00f3n renovada en 2021, orientado a desarrollar nuevas t\u00e9cnicas y procesos mediante la innovaci\u00f3n sanitaria.<\/p>\n<p style=\"text-align: justify;\">El Instituto de Investigaci\u00f3n es uno de los centros catalanes m\u00e1s activos en la producci\u00f3n de trabajos de investigaci\u00f3n, sobre todo en cuanto a la investigaci\u00f3n traslacional y a la integraci\u00f3n de nuevos descubrimientos en la pr\u00e1ctica asistencial.<\/p>\n<p style=\"text-align: justify;\">En noviembre de 2018, el instituto firmo su adhesi\u00f3n al\u00a0<a href=\"https:\/\/cerca.cat\/politiques\/\" target=\"_blank\" rel=\"noopener\">C\u00f3digo de Conducta de los Centres CERCA<\/a>.<\/p>\n<p style=\"text-align: justify;\">En 2020, el Instituto firma la Carta de Compromiso por la igualdad de g\u00e9nero en la investigaci\u00f3n, que fue apoyada por 19 centros de investigaci\u00f3n y salud catalanes y que se ley\u00f3 durante la \u201cCumbre para el Avance y el Liderazgo de las Mujeres en Ciencias de la Salud\u201d, el 22 de octubre de 2019 en Girona.<\/p>\n<p style=\"text-align: justify;\">Esta carta de compromiso, redactada y firmada en ingl\u00e9s, y se puede consultar aqu\u00ed <a href=\"https:\/\/aquas.gencat.cat\/web\/.content\/minisite\/aquas\/ambits\/recerca\/igualtat_genere_hipatia\/carta_compromis_vfinal_EN.pdf\" target=\"_blank\" rel=\"noopener\">se puede consultar aqu\u00ed<\/a><\/p>\n<div class=\"row\">\u00a0<img loading=\"lazy\" decoding=\"async\" class=\"no-border alignnone wp-image-21795\" src=\"https:\/\/www.recercasantpau.cat\/wp-content\/uploads\/2016\/01\/180420_InstRecerca_8937.jpg\" alt=\"180420_InstRecerca_8937\" width=\"582\" height=\"387\" srcset=\"https:\/\/www.recercasantpau.cat\/wp-content\/uploads\/2016\/01\/180420_InstRecerca_8937.jpg 4582w, https:\/\/www.recercasantpau.cat\/wp-content\/uploads\/2016\/01\/180420_InstRecerca_8937-300x200.jpg 300w, https:\/\/www.recercasantpau.cat\/wp-content\/uploads\/2016\/01\/180420_InstRecerca_8937-768x512.jpg 768w, https:\/\/www.recercasantpau.cat\/wp-content\/uploads\/2016\/01\/180420_InstRecerca_8937-1024x683.jpg 1024w, https:\/\/www.recercasantpau.cat\/wp-content\/uploads\/2016\/01\/180420_InstRecerca_8937-580x387.jpg 580w\" sizes=\"auto, (max-width: 582px) 100vw, 582px\" \/><\/div>\n<p class=\"p1\" style=\"text-align: justify;\">El edificio de investigaci\u00f3n, inaugurado el 15 de noviembre de 2018, se construyo dentro del propio Campus Sant Pau, permite la continua relaci\u00f3n de los investigadores e investigadoras, tanto b\u00e1sicos como cl\u00ednicos, y dispone de 9.681 m2 repartidos en cinco plantas con modernas dependencias dedicadas a investigaci\u00f3n. Est\u00e1 concebido y dise\u00f1ado con elevados criterios medioambientales y funcionales y principalmente construido con materiales prefabricados, modulares y f\u00e1cilmente reciclables.<\/p>\n<p class=\"p1\" style=\"text-align: justify;\"><img loading=\"lazy\" decoding=\"async\" class=\"no-border alignright wp-image-24875\" src=\"https:\/\/www.recercasantpau.cat\/wp-content\/uploads\/2016\/01\/LEED-Gold.png\" alt=\"LEED-Gold\" width=\"167\" height=\"166\" srcset=\"https:\/\/www.recercasantpau.cat\/wp-content\/uploads\/2016\/01\/LEED-Gold.png 925w, https:\/\/www.recercasantpau.cat\/wp-content\/uploads\/2016\/01\/LEED-Gold-150x150.png 150w, https:\/\/www.recercasantpau.cat\/wp-content\/uploads\/2016\/01\/LEED-Gold-300x297.png 300w, https:\/\/www.recercasantpau.cat\/wp-content\/uploads\/2016\/01\/LEED-Gold-768x761.png 768w, https:\/\/www.recercasantpau.cat\/wp-content\/uploads\/2016\/01\/LEED-Gold-580x575.png 580w\" sizes=\"auto, (max-width: 167px) 100vw, 167px\" \/><\/p>\n<p class=\"p1\" style=\"text-align: justify;\">En Junio de\u00a02020, el edificio\u00a0 del \u00abInstitut de Recerca Sant Pau\u00bb\u00a0obtuvo la\u00a0<strong>Certificaci\u00f3n \u00abLEED GOLD de l\u2019U.S. Green Building Council\u00bb<\/strong>, que identifica el edificio como un ejemplo de eficiencia energ\u00e9tica\u00a0y sostenibilidad, tanto en su construcci\u00f3n como en su vida \u00fatil y, demuestra el\u00a0liderazgo de la Instituci\u00f3n a favor de la racionalidad energ\u00e9tica\u00a0y la\u00a0transformaci\u00f3n hacia una edificaci\u00f3n mas sostenible.<\/p>\n","protected":false},"excerpt":{"rendered":"<p>El Instituto de Investigaci\u00f3n, creado el 4 de junio de 1992, es una fundaci\u00f3n de car\u00e1cter cient\u00edfico que tiene como misi\u00f3n promover la investigaci\u00f3n b\u00e1sica, cl\u00ednica, epidemiol\u00f3gica y de servicios sanitarios en el campo de las ciencias de la salud y la biomedicina, con el objetivo de contribuir a la mejora de la salud y &#8230; <br \/><a class=\"read-more\" href=\"https:\/\/www.recercasantpau.cat\/es\/instituto\/informacion-corporativa\/presentacion\/\">Read More<\/a><\/p>\n","protected":false},"author":1,"featured_media":3563,"parent":4084,"menu_order":0,"comment_status":"closed","ping_status":"closed","template":"template-linstitut-presentacio.php","meta":{"footnotes":""},"class_list":["post-2575","page","type-page","status-publish","has-post-thumbnail","hentry"],"acf":[],"_links":{"self":[{"href":"https:\/\/www.recercasantpau.cat\/es\/wp-json\/wp\/v2\/pages\/2575","targetHints":{"allow":["GET"]}}],"collection":[{"href":"https:\/\/www.recercasantpau.cat\/es\/wp-json\/wp\/v2\/pages"}],"about":[{"href":"https:\/\/www.recercasantpau.cat\/es\/wp-json\/wp\/v2\/types\/page"}],"author":[{"embeddable":true,"href":"https:\/\/www.recercasantpau.cat\/es\/wp-json\/wp\/v2\/users\/1"}],"replies":[{"embeddable":true,"href":"https:\/\/www.recercasantpau.cat\/es\/wp-json\/wp\/v2\/comments?post=2575"}],"version-history":[{"count":31,"href":"https:\/\/www.recercasantpau.cat\/es\/wp-json\/wp\/v2\/pages\/2575\/revisions"}],"predecessor-version":[{"id":60432,"href":"https:\/\/www.recercasantpau.cat\/es\/wp-json\/wp\/v2\/pages\/2575\/revisions\/60432"}],"up":[{"embeddable":true,"href":"https:\/\/www.recercasantpau.cat\/es\/wp-json\/wp\/v2\/pages\/4084"}],"wp:featuredmedia":[{"embeddable":true,"href":"https:\/\/www.recercasantpau.cat\/es\/wp-json\/wp\/v2\/media\/3563"}],"wp:attachment":[{"href":"https:\/\/www.recercasantpau.cat\/es\/wp-json\/wp\/v2\/media?parent=2575"}],"curies":[{"name":"wp","href":"https:\/\/api.w.org\/{rel}","templated":true}]}}