{"id":2579,"date":"2016-01-20T12:06:34","date_gmt":"2016-01-20T12:06:34","guid":{"rendered":"http:\/\/newwebir.recercasantpau.cat\/es\/?page_id=2579"},"modified":"2023-11-24T12:01:42","modified_gmt":"2023-11-24T11:01:42","slug":"patronato","status":"publish","type":"page","link":"https:\/\/www.recercasantpau.cat\/es\/instituto\/informacion-corporativa\/patronato\/","title":{"rendered":"Patronato"},"content":{"rendered":"<p class=\"p1\">La composici\u00f3n del Patronato de la Fundaci\u00f3 Institut de Recerca de l\u2019Hospital de la Santa Creu i Sant Pau es la siguiente:<\/p>\n<h4 class=\"p1\">Presidente<\/h4>\n<p class=\"p2\">\u2022 Sr. Xavier Prats Monn\u00e9<\/p>\n<h4 class=\"p3\">Nombrados\u00a0por la Fundaci\u00f3 de Gesti\u00f3 Sanit\u00e0ria de l\u2019Hospital de la Santa Creu i Sant Pau<\/h4>\n<p class=\"p2\">\u2022 Sr. Adri\u00e0\u00a0Comella<\/p>\n<p class=\"p2\">\u2022 Sr. Joan Carles Souto Andres<\/p>\n<h4 class=\"p3\">Nombrados\u00a0por la Fundaci\u00f3 Privada de l\u2019Hospital de la Santa Creu i Sant Pau<\/h4>\n<p class=\"p2\">\u2022 Sr.\u00a0Jordi Sierra Gil<\/p>\n<p class=\"p2\">\u2022 Sr. Josep M\u00aa Forcada i Casanovas<\/p>\n<h4 class=\"p3\">Nombrados\u00a0por la Generalitat de Catalunya<\/h4>\n<p class=\"p2\">\u2022 Sra.\u00a0Ana Ma Plaza Tes\u00edas (nombrado por el Departament de Salut de la Generalitat de Catalunya)<\/p>\n<p class=\"p2\">\u2022 Sr.\u00a0Joan G\u00f3mez Pallar\u00e8s (nombrado por el Departament d\u2019Economia i Coneixement de la Generalitat de Catalunya)<\/p>\n<h4 class=\"p3\">Nombrados\u00a0por la Universitat Aut\u00f2noma de Barcelona<\/h4>\n<p class=\"p2\">\u2022 Sr. Jordi Casademont i Pou<\/p>\n<p class=\"p2\">\u2022 Sr. Manuel Armengol i Carrasco<\/p>\n<h4 class=\"p3\">Nombrados\u00a0por la Fundaci\u00f3 Institut de Recerca de l\u2019Hospital de la Santa Creu i Sant Pau a propuesta de la Fundaci\u00f3 Privada de l\u2019Hospital de la Santa Creu i Sant Pau<\/h4>\n<p class=\"p2\">\u2022 Sr.\u00a0Antoni Esteve i Cruella<\/p>\n<p class=\"p2\">\u2022 Sr. Jaume Kulisevsky Bojarski<\/p>\n<h4 class=\"p3\">Secretario (no patr\u00f3n)<\/h4>\n<p class=\"p2\">\u2022 Sr. Joaquim Jornet i Porta<\/p>\n","protected":false},"excerpt":{"rendered":"<p>La composici\u00f3n del Patronato de la Fundaci\u00f3 Institut de Recerca de l\u2019Hospital de la Santa Creu i Sant Pau es la siguiente: Presidente \u2022 Sr. Xavier Prats Monn\u00e9 Nombrados\u00a0por la Fundaci\u00f3 de Gesti\u00f3 Sanit\u00e0ria de l\u2019Hospital de la Santa Creu i Sant Pau \u2022 Sr. Adri\u00e0\u00a0Comella \u2022 Sr. Joan Carles Souto Andres Nombrados\u00a0por la Fundaci\u00f3 &#8230; <br \/><a class=\"read-more\" href=\"https:\/\/www.recercasantpau.cat\/es\/instituto\/informacion-corporativa\/patronato\/\">Read More<\/a><\/p>\n","protected":false},"author":1,"featured_media":3563,"parent":4084,"menu_order":0,"comment_status":"closed","ping_status":"closed","template":"template-linstitut-presentacio.php","meta":{"footnotes":""},"class_list":["post-2579","page","type-page","status-publish","has-post-thumbnail","hentry"],"acf":[],"_links":{"self":[{"href":"https:\/\/www.recercasantpau.cat\/es\/wp-json\/wp\/v2\/pages\/2579","targetHints":{"allow":["GET"]}}],"collection":[{"href":"https:\/\/www.recercasantpau.cat\/es\/wp-json\/wp\/v2\/pages"}],"about":[{"href":"https:\/\/www.recercasantpau.cat\/es\/wp-json\/wp\/v2\/types\/page"}],"author":[{"embeddable":true,"href":"https:\/\/www.recercasantpau.cat\/es\/wp-json\/wp\/v2\/users\/1"}],"replies":[{"embeddable":true,"href":"https:\/\/www.recercasantpau.cat\/es\/wp-json\/wp\/v2\/comments?post=2579"}],"version-history":[{"count":13,"href":"https:\/\/www.recercasantpau.cat\/es\/wp-json\/wp\/v2\/pages\/2579\/revisions"}],"predecessor-version":[{"id":39985,"href":"https:\/\/www.recercasantpau.cat\/es\/wp-json\/wp\/v2\/pages\/2579\/revisions\/39985"}],"up":[{"embeddable":true,"href":"https:\/\/www.recercasantpau.cat\/es\/wp-json\/wp\/v2\/pages\/4084"}],"wp:featuredmedia":[{"embeddable":true,"href":"https:\/\/www.recercasantpau.cat\/es\/wp-json\/wp\/v2\/media\/3563"}],"wp:attachment":[{"href":"https:\/\/www.recercasantpau.cat\/es\/wp-json\/wp\/v2\/media?parent=2579"}],"curies":[{"name":"wp","href":"https:\/\/api.w.org\/{rel}","templated":true}]}}