{"id":2616,"date":"2016-04-27T13:16:31","date_gmt":"2016-04-27T13:16:31","guid":{"rendered":"http:\/\/newwebir.recercasantpau.cat\/es\/per-sol%c2%b7licitar-informacio\/"},"modified":"2016-08-02T10:36:52","modified_gmt":"2016-08-02T10:36:52","slug":"para-solicitar-informacion","status":"publish","type":"page","link":"https:\/\/www.recercasantpau.cat\/es\/para-solicitar-informacion\/","title":{"rendered":"Para solicitar informaci\u00f3n"},"content":{"rendered":"<p style=\"text-align: justify;\">Puedes descargar\u00a0<a href=\"https:\/\/www.recercasantpau.cat\/wp-content\/uploads\/2016\/04\/IRHSCSP_Formulari-sol\u00b7licitud-acc\u00e9s-informaci\u00f3.pdf\" target=\"_blank\">este formulario<\/a>\u00a0para poder ejercer el derecho de acceso a la informaci\u00f3n p\u00fablica que la <a href=\"http:\/\/www.santpau.cat\/documents\/20195\/176501\/PER+SOLICITAR+INFO.+LLEI...1395384.pdf\/12ed0494-1bca-4d5f-8fb8-6f75e9885ba8\" target=\"_blank\">Llei 19\/2014, del 29 de desembre, de transpar\u00e8ncia, acc\u00e9s a la informaci\u00f3 p\u00fablica i bon govern<\/a> reconoce a todas las personas, a t\u00edtulo individual o en nombre y representaci\u00f3n de cualquier\u00a0persona jur\u00eddica. Una vez cumplimentado el formulario env\u00edalo por favor a la direcci\u00f3n de correo electr\u00f3nico <span class=\"s1\"><a href=\"mailto:ir@santpau.cat\">ir@santpau.cat<\/a><\/span><\/p>\n","protected":false},"excerpt":{"rendered":"<p>Puedes descargar\u00a0este formulario\u00a0para poder ejercer el derecho de acceso a la informaci\u00f3n p\u00fablica que la Llei 19\/2014, del 29 de desembre, de transpar\u00e8ncia, acc\u00e9s a la informaci\u00f3 p\u00fablica i bon govern reconoce a todas las personas, a t\u00edtulo individual o en nombre y representaci\u00f3n de cualquier\u00a0persona jur\u00eddica. Una vez cumplimentado el formulario env\u00edalo por favor &#8230; <br \/><a class=\"read-more\" href=\"https:\/\/www.recercasantpau.cat\/es\/para-solicitar-informacion\/\">Read More<\/a><\/p>\n","protected":false},"author":1,"featured_media":3557,"parent":0,"menu_order":0,"comment_status":"closed","ping_status":"closed","template":"template-linstitut-presentacio.php","meta":{"footnotes":""},"class_list":["post-2616","page","type-page","status-publish","has-post-thumbnail","hentry"],"acf":[],"_links":{"self":[{"href":"https:\/\/www.recercasantpau.cat\/es\/wp-json\/wp\/v2\/pages\/2616","targetHints":{"allow":["GET"]}}],"collection":[{"href":"https:\/\/www.recercasantpau.cat\/es\/wp-json\/wp\/v2\/pages"}],"about":[{"href":"https:\/\/www.recercasantpau.cat\/es\/wp-json\/wp\/v2\/types\/page"}],"author":[{"embeddable":true,"href":"https:\/\/www.recercasantpau.cat\/es\/wp-json\/wp\/v2\/users\/1"}],"replies":[{"embeddable":true,"href":"https:\/\/www.recercasantpau.cat\/es\/wp-json\/wp\/v2\/comments?post=2616"}],"version-history":[{"count":5,"href":"https:\/\/www.recercasantpau.cat\/es\/wp-json\/wp\/v2\/pages\/2616\/revisions"}],"predecessor-version":[{"id":4907,"href":"https:\/\/www.recercasantpau.cat\/es\/wp-json\/wp\/v2\/pages\/2616\/revisions\/4907"}],"wp:featuredmedia":[{"embeddable":true,"href":"https:\/\/www.recercasantpau.cat\/es\/wp-json\/wp\/v2\/media\/3557"}],"wp:attachment":[{"href":"https:\/\/www.recercasantpau.cat\/es\/wp-json\/wp\/v2\/media?parent=2616"}],"curies":[{"name":"wp","href":"https:\/\/api.w.org\/{rel}","templated":true}]}}