{"id":2638,"date":"2016-05-19T13:43:52","date_gmt":"2016-05-19T13:43:52","guid":{"rendered":"http:\/\/newwebir.recercasantpau.cat\/es\/perfil-del-contractant\/"},"modified":"2016-08-01T15:32:09","modified_gmt":"2016-08-01T15:32:09","slug":"perfil-del-contratante","status":"publish","type":"page","link":"https:\/\/www.recercasantpau.cat\/es\/perfil-del-contratante\/","title":{"rendered":"Perfil del contratante"},"content":{"rendered":"<h3 style=\"text-align: justify;\">Expedientes de contrataci\u00f3n de la Fundaci\u00f3 Institut de Recerca de l&#8217;Hospital de la Santa Creu i Sant Pau<\/h3>\n<p style=\"text-align: justify;\"><strong><a href=\"https:\/\/contractaciopublica.gencat.cat\/ecofin_pscp\/AppJava\/cap.pscp?reqCode=viewDetail&amp;keyword=sant+pau&amp;idCap=4972725&amp;ambit=&amp;\" target=\"_blank\">Plataforma de contrataci\u00f3n p\u00fablica<\/a><\/strong><\/p>\n<h3 style=\"text-align: justify;\">Instrucciones internas de contrataci\u00f3n<\/h3>\n<p style=\"text-align: justify;\">IIC de la Fundaci\u00f3 Institut de Recerca de l\u2019Hospital de la Santa Creu i Sant Pau aprobadas en la reuni\u00f3n del Patronato con fecha 29 de junio de 2015<br \/>\n<strong><a href=\"https:\/\/www.recercasantpau.cat\/wp-content\/uploads\/2016\/05\/2.5.-ICC-IR-2-INSTITUT-DE-RECERCA-2015.pdf\" target=\"_blank\">IIC IRHSCSP<\/a><\/strong><\/p>\n","protected":false},"excerpt":{"rendered":"<p>Expedientes de contrataci\u00f3n de la Fundaci\u00f3 Institut de Recerca de l&#8217;Hospital de la Santa Creu i Sant Pau Plataforma de contrataci\u00f3n p\u00fablica Instrucciones internas de contrataci\u00f3n IIC de la Fundaci\u00f3 Institut de Recerca de l\u2019Hospital de la Santa Creu i Sant Pau aprobadas en la reuni\u00f3n del Patronato con fecha 29 de junio de 2015 &#8230; <br \/><a class=\"read-more\" href=\"https:\/\/www.recercasantpau.cat\/es\/perfil-del-contratante\/\">Read More<\/a><\/p>\n","protected":false},"author":1,"featured_media":3467,"parent":0,"menu_order":0,"comment_status":"closed","ping_status":"closed","template":"template-linstitut-presentacio.php","meta":{"footnotes":""},"class_list":["post-2638","page","type-page","status-publish","has-post-thumbnail","hentry"],"acf":[],"_links":{"self":[{"href":"https:\/\/www.recercasantpau.cat\/es\/wp-json\/wp\/v2\/pages\/2638","targetHints":{"allow":["GET"]}}],"collection":[{"href":"https:\/\/www.recercasantpau.cat\/es\/wp-json\/wp\/v2\/pages"}],"about":[{"href":"https:\/\/www.recercasantpau.cat\/es\/wp-json\/wp\/v2\/types\/page"}],"author":[{"embeddable":true,"href":"https:\/\/www.recercasantpau.cat\/es\/wp-json\/wp\/v2\/users\/1"}],"replies":[{"embeddable":true,"href":"https:\/\/www.recercasantpau.cat\/es\/wp-json\/wp\/v2\/comments?post=2638"}],"version-history":[{"count":4,"href":"https:\/\/www.recercasantpau.cat\/es\/wp-json\/wp\/v2\/pages\/2638\/revisions"}],"predecessor-version":[{"id":4820,"href":"https:\/\/www.recercasantpau.cat\/es\/wp-json\/wp\/v2\/pages\/2638\/revisions\/4820"}],"wp:featuredmedia":[{"embeddable":true,"href":"https:\/\/www.recercasantpau.cat\/es\/wp-json\/wp\/v2\/media\/3467"}],"wp:attachment":[{"href":"https:\/\/www.recercasantpau.cat\/es\/wp-json\/wp\/v2\/media?parent=2638"}],"curies":[{"name":"wp","href":"https:\/\/api.w.org\/{rel}","templated":true}]}}