{"id":28600,"date":"2021-10-18T15:30:23","date_gmt":"2021-10-18T13:30:23","guid":{"rendered":"http:\/\/newwebir.recercasantpau.cat\/es\/?page_id=28600"},"modified":"2025-07-14T15:19:01","modified_gmt":"2025-07-14T13:19:01","slug":"certificacions-de-l-institut","status":"publish","type":"page","link":"https:\/\/www.recercasantpau.cat\/es\/instituto\/informacion-corporativa\/certificacions-de-l-institut\/","title":{"rendered":"Certificaciones del Instituto"},"content":{"rendered":"<p class=\"p1\" style=\"text-align: justify;\">El Sistema de Gesti\u00f3n Integrado implantado en el Instituto, siguiendo las Pol\u00edticas de Calidad y de la R+D+i, configura la evidencia de que nuestros procesos y actividades se desarrollan seg\u00fan los est\u00e1ndares de excelencia exigidos por las normativas implementadas.<\/p>\n<h5 style=\"text-align: center;\"><a href=\"https:\/\/www.recercasantpau.cat\/wp-content\/uploads\/2025\/05\/IR-Sant-Pau_Politica_Qualitat-_ESP_2025.pdf\" target=\"_blank\" rel=\"noopener\">Politica de Calidad<\/a><\/h5>\n<h5 style=\"text-align: center;\"><a href=\"https:\/\/www.recercasantpau.cat\/wp-content\/uploads\/2025\/05\/IR-Sant-Pau_Politica_IDi-_ESP_2025.pdf\">Pol\u00edtica de Investigaci\u00f3n e Innovaci\u00f3n<\/a><\/h5>\n<hr \/>\n<h4 style=\"text-align: justify;\">Certificado de Gesti\u00f3n de la R+D+i como conformidad del Sistema de Gesti\u00f3n Integrado con la norma ISO 56001:2024<\/h4>\n<p>La certificaci\u00f3n evidencia la correcta gesti\u00f3n de la <a href=\"https:\/\/www.recercasantpau.cat\/es\/innovacion\/presentacion\/\">Unidad de Transferencia e Innovaci\u00f3n (UTI)<\/a> y la calidad del apoyo que ofrece a los grupos de investigaci\u00f3n del IR Sant Pau. Con la implantaci\u00f3n de este sistema de gesti\u00f3n, la UTI ha logrado:<\/p>\n<ol>\n<li>Sistematizar e integrar sus actividades de I+D+i en la gesti\u00f3n general de la instituci\u00f3n.<\/li>\n<li>Planificar, organizar y controlar las actividades de I+D+i, como el portfolio que genera.<\/li>\n<li>Establecer procedimientos de interacci\u00f3n con otros departamentos para la correcta gesti\u00f3n de I+D+i.<\/li>\n<\/ol>\n<p>La certificaci\u00f3n incluye como alcance las <a href=\"https:\/\/www.recercasantpau.cat\/es\/investigacion\/areas-de-investigacion\/\">\u00e1reas estrat\u00e9gicas del Instituto y sus programas transversales<\/a>.<\/p>\n<p>La certificaci\u00f3n se emite por la entidad certificadora AENOR, revisable anualmente y se renueva cada tres a\u00f1os.<\/p>\n<h5 style=\"text-align: center;\"><strong><a href=\"https:\/\/www.recercasantpau.cat\/wp-content\/uploads\/2025\/07\/Certificacio-ISO-56001_2014_CAT.pdf\" target=\"_blank\" rel=\"noopener\">Certificado del Sistema de Gesti\u00f3n de I+D+i<\/a><\/strong><\/h5>\n<hr \/>\n<h4 style=\"text-align: justify;\">NORMAS DE CORRECTA FABRICACI\u00d3N DE MEDICAMENTOS DE TERAPIA AVANZADA EN\u00a0LA SALA BLANCA (NCF-MTA)<\/h4>\n<div>\n<div align=\"justify\">\n<p>La fabricaci\u00f3n de medicamentos de terapia avanzada en la Sala Blanca del Instituto, se autoriza para medicamentos de investigaci\u00f3n en uso humano, concretamente para linfocitos T diferenciados adultos, aut\u00f3logos, de sangre perif\u00e9rica, expandidos y transducidos intermediando un vector lentiviral, en el marco de un proyecto de terapia g\u00e9nica.<\/p>\n<p>La certificaci\u00f3n esta emitida por parte de la Agencia Espa\u00f1ola del Medicamento y Productos Sanitarios (AEMPS).<\/p>\n<h5 style=\"text-align: center;\"><a href=\"https:\/\/www.recercasantpau.cat\/wp-content\/uploads\/2024\/07\/Certificado-No-ES-065I-24.pdf\" target=\"_blank\" rel=\"noopener\">Certificaci\u00f3n de Normas de Correcta Fabricaci\u00f3n de Medicamentos de Ter\u00e0pia Avanzada en la Sala Blanca<\/a>.<\/h5>\n<hr \/>\n<h4 style=\"text-align: justify;\">NORMAS UNE-EN ISO 9001:2015 EN LAS PLATAFORMAS DE LOS SERVICIOS CIENTIFICO-T\u00c9CNICOS<\/h4>\n<p>El Sistema de Gesti\u00f3n evidencia la calidad de los productos i\/o servicios proporcionados para las Plataformas de los Servicios Cientifico-t\u00e9cnicos del Instituto, impulsando un proceso de mejora continuada, orientada a la excelencia.<\/p>\n<p>La certificaci\u00f3n se revisa anualmente y se renueva cada tres a\u00f1os, mediante auditorias realizadas por una Entitat Certificadora acreditada por la Entitat Nacional de Acreditaci\u00f3n (ENAC).<\/p>\n<p>El alcance actual de certificaci\u00f3n incluye las siguientes actividades de prestaci\u00f3n de servicios de apoyo en el \u00e1mbito de la investigaci\u00f3n m\u00e9dica:<\/p>\n<ul>\n<li>Servicio de Experimentaci\u00f3 Animal.<\/li>\n<li>Servicio de Cultivos Celulares.<\/li>\n<li>Instalaci\u00f3n Radioactiva.<\/li>\n<li>Plataforma de Gen\u00f3mica y Transcript\u00f3mica.<\/li>\n<li>Plataforma de Citometria.<\/li>\n<li>Plataforma de Microscopia Confocal.<\/li>\n<li>Plataforma Biobanco e Immunohistoqu\u00edmica.<\/li>\n<li>Plataforma de Prote\u00f3mica<\/li>\n<\/ul>\n<h5 style=\"text-align: center;\"><strong><a href=\"https:\/\/www.recercasantpau.cat\/wp-content\/uploads\/2024\/07\/9001-CAST-FUNDACIO-INSTITUT-DE-RECERCA-HOSPITAL-SANTA-CREU-I-SANT-PAU_signed.pdf\" target=\"_blank\" rel=\"noopener\">Certificaci\u00f3n ISO 9001 en las Plataformas de los Servicios Cientificot\u00e9cnicos<\/a>.<\/strong><\/h5>\n<\/div>\n<\/div>\n<hr \/>\n<h4 style=\"text-align: justify;\">NORMAS DE BUENA PR\u00c1CTICA CL\u00cdNICA (BPC) A LA UNIDAD DE FASE Y DEL CENTRO DE INVESTIGACI\u00d3N DE MEDICAMENTOS (CIM-IR SANT PAU)<\/h4>\n<p>La certificaci\u00f3n pone de manifiesto que los Ensayos Cl\u00ednicos de la Unidad de Fase I del <a href=\"https:\/\/www.recercasantpau.cat\/es\/investigacion-clinica\/plataforma-de-investigacion-clinica\/cim\/\">CIM-IR Sant Pau<\/a>, se realizan cumpliendo las Normas de Buena Pr\u00e1ctica Cl\u00ednica vigentes en la Uni\u00f3n Europea, as\u00ed como, los aspectos establecidos en el documento: Requisitos Tecnicosanitarios de las Unidades de Fase I.<\/p>\n<p>La certificaci\u00f3n esta emitida por parte del Departamento de Salud de la Generalitat de Catalu\u00f1a.<\/p>\n<h5 style=\"text-align: center;\"><strong><a href=\"https:\/\/www.recercasantpau.cat\/wp-content\/uploads\/2021\/10\/certificat_bpc2101_cim-sant_pau_signed.pdf\">Certificaci\u00f3n de Buenas Pr\u00e1cticas Clinicas en el Centro de Investigaci\u00f3n del Medicamento\u2013CIM IR Sant Pau.<\/a><\/strong><\/h5>\n<hr \/>\n<p>Para m\u00e1s informaci\u00f3n pueden contactar con la <strong><a href=\"https:\/\/www.recercasantpau.cat\/es\/servicios-de-apoyo\/unidad-de-calidad\/\">Unidad de Calidad del Instituto<\/a><\/strong><\/p>\n<h5 class=\"p2\"><\/h5>\n","protected":false},"excerpt":{"rendered":"<p>El Sistema de Gesti\u00f3n Integrado implantado en el Instituto, siguiendo las Pol\u00edticas de Calidad y de la R+D+i, configura la evidencia de que nuestros procesos y actividades se desarrollan seg\u00fan los est\u00e1ndares de excelencia exigidos por las normativas implementadas. Politica de Calidad Pol\u00edtica de Investigaci\u00f3n e Innovaci\u00f3n Certificado de Gesti\u00f3n de la R+D+i como conformidad &#8230; <br \/><a class=\"read-more\" href=\"https:\/\/www.recercasantpau.cat\/es\/instituto\/informacion-corporativa\/certificacions-de-l-institut\/\">Read More<\/a><\/p>\n","protected":false},"author":10,"featured_media":3563,"parent":4084,"menu_order":0,"comment_status":"closed","ping_status":"closed","template":"template-linstitut-presentacio.php","meta":{"footnotes":""},"class_list":["post-28600","page","type-page","status-publish","has-post-thumbnail","hentry"],"acf":[],"_links":{"self":[{"href":"https:\/\/www.recercasantpau.cat\/es\/wp-json\/wp\/v2\/pages\/28600","targetHints":{"allow":["GET"]}}],"collection":[{"href":"https:\/\/www.recercasantpau.cat\/es\/wp-json\/wp\/v2\/pages"}],"about":[{"href":"https:\/\/www.recercasantpau.cat\/es\/wp-json\/wp\/v2\/types\/page"}],"author":[{"embeddable":true,"href":"https:\/\/www.recercasantpau.cat\/es\/wp-json\/wp\/v2\/users\/10"}],"replies":[{"embeddable":true,"href":"https:\/\/www.recercasantpau.cat\/es\/wp-json\/wp\/v2\/comments?post=28600"}],"version-history":[{"count":38,"href":"https:\/\/www.recercasantpau.cat\/es\/wp-json\/wp\/v2\/pages\/28600\/revisions"}],"predecessor-version":[{"id":56652,"href":"https:\/\/www.recercasantpau.cat\/es\/wp-json\/wp\/v2\/pages\/28600\/revisions\/56652"}],"up":[{"embeddable":true,"href":"https:\/\/www.recercasantpau.cat\/es\/wp-json\/wp\/v2\/pages\/4084"}],"wp:featuredmedia":[{"embeddable":true,"href":"https:\/\/www.recercasantpau.cat\/es\/wp-json\/wp\/v2\/media\/3563"}],"wp:attachment":[{"href":"https:\/\/www.recercasantpau.cat\/es\/wp-json\/wp\/v2\/media?parent=28600"}],"curies":[{"name":"wp","href":"https:\/\/api.w.org\/{rel}","templated":true}]}}