{"id":30814,"date":"2022-02-14T16:27:19","date_gmt":"2022-02-14T15:27:19","guid":{"rendered":"http:\/\/newwebir.recercasantpau.cat\/es\/?page_id=30814"},"modified":"2024-05-02T14:51:01","modified_gmt":"2024-05-02T12:51:01","slug":"colabora","status":"publish","type":"page","link":"https:\/\/www.recercasantpau.cat\/es\/instituto\/colabora\/","title":{"rendered":"Colabora"},"content":{"rendered":"<h4 style=\"text-align: center;\"><strong>PECES DE CIUDAD SOCIAL WINE DONA 10.500 \u20ac AL IR SANT PAU!<\/strong><\/h4>\n<h4><img loading=\"lazy\" decoding=\"async\" class=\"aligncenter wp-image-46273 \" src=\"https:\/\/www.recercasantpau.cat\/wp-content\/uploads\/2024\/01\/LOGOCLAIM_TRAZ.jpg\" sizes=\"auto, (max-width: 181px) 100vw, 181px\" srcset=\"https:\/\/www.recercasantpau.cat\/wp-content\/uploads\/2024\/01\/LOGOCLAIM_TRAZ.jpg 688w, https:\/\/www.recercasantpau.cat\/wp-content\/uploads\/2024\/01\/LOGOCLAIM_TRAZ-251x300.jpg 251w, https:\/\/www.recercasantpau.cat\/wp-content\/uploads\/2024\/01\/LOGOCLAIM_TRAZ-580x692.jpg 580w\" alt=\"\" width=\"181\" height=\"216\" \/><\/h4>\n<p>El vino solidario <a href=\"https:\/\/pecesdeciudad.org\/\">Peces de Ciudad Social Wine<\/a> ha dado un total de 10.500 \u20ac al Instituto de Investigaci\u00f3n Sant Pau repartidos en dos proyectos relacionados con enfermedades oncol\u00f3gicas:<\/p>\n<ul>\n<li><strong>2.000 \u20ac<\/strong>\u00a0ir\u00e1n destinados a financiar nuestro proyecto de investigaci\u00f3n en Musicoterapia en el paciente onco-hematol\u00f3gico ingresado en el hospital de Sant Pau.<\/li>\n<li><strong>8.500 \u20ac<\/strong> ayudar\u00e1n a financiar proyectos de investigaci\u00f3n en pacientes onco-hematol\u00f3gicos dentro de nuestro programa transversal de Terapias Avanzadas.<\/li>\n<\/ul>\n<p>&nbsp;<\/p>\n<hr \/>\n<h4 style=\"text-align: center;\"><strong>LA CARRERA SOLIDARIA L\u2019ARRIAREM RECAUDA M\u00c1S DE 90.000 \u20ac!<\/strong><\/h4>\n<p><img loading=\"lazy\" decoding=\"async\" class=\"aligncenter wp-image-43955\" src=\"https:\/\/www.recercasantpau.cat\/wp-content\/uploads\/2022\/02\/lArriarem-Banner.jpg\" sizes=\"auto, (max-width: 480px) 100vw, 480px\" srcset=\"https:\/\/www.recercasantpau.cat\/wp-content\/uploads\/2022\/02\/lArriarem-Banner.jpg 6912w, https:\/\/www.recercasantpau.cat\/wp-content\/uploads\/2022\/02\/lArriarem-Banner-300x150.jpg 300w, https:\/\/www.recercasantpau.cat\/wp-content\/uploads\/2022\/02\/lArriarem-Banner-768x384.jpg 768w, https:\/\/www.recercasantpau.cat\/wp-content\/uploads\/2022\/02\/lArriarem-Banner-1024x512.jpg 1024w, https:\/\/www.recercasantpau.cat\/wp-content\/uploads\/2022\/02\/lArriarem-Banner-580x290.jpg 580w\" alt=\"\" width=\"480\" height=\"240\" \/><\/p>\n<p><strong>Casi 2.500 personas han participado en l&#8217;Arriarem de Fontcoberta.<\/strong><\/p>\n<p>El pasado 12 de noviembre Fontcoberta acogi\u00f3 l&#8217;Arriarem, una marcha y carrera solidaria para recaudar fondos para la investigaci\u00f3n de Sant Pau, en memoria de Marc Riera y Castella,\u00a0 que muri\u00f3 hace unos meses en el Hospital de la Santa Creu i Sant Pau con s\u00f3lo veinte a\u00f1os y debido a un Sarcoma de Ewing.<\/p>\n<p>Dada la implicaci\u00f3n de Marc con el deporte -entre otros, era \u00e1rbitro, jugador de waterpolo del Club Nataci\u00f3 Banyoles, y muy aficionado al f\u00fatbol-, su familia decidi\u00f3 organizar esta carrera solidaria para recaudar donativos para la investigaci\u00f3n en Ewing que llevamos a cabo el Instituto de Investigaci\u00f3n Sant Pau.<\/p>\n<hr \/>\n<h4 style=\"text-align: center;\" data-wp-editing=\"1\">SE APRUEBA LA REFORMA DE LA LEY DE MECENAZGO<img loading=\"lazy\" decoding=\"async\" class=\"aligncenter wp-image-48154 \" src=\"https:\/\/www.recercasantpau.cat\/wp-content\/uploads\/2024\/05\/Deducciones-Donativos-Reforma-Ley-2024_CAS-scaled.jpg\" alt=\"\" width=\"907\" height=\"454\" srcset=\"https:\/\/www.recercasantpau.cat\/wp-content\/uploads\/2024\/05\/Deducciones-Donativos-Reforma-Ley-2024_CAS-scaled.jpg 2560w, https:\/\/www.recercasantpau.cat\/wp-content\/uploads\/2024\/05\/Deducciones-Donativos-Reforma-Ley-2024_CAS-300x150.jpg 300w, https:\/\/www.recercasantpau.cat\/wp-content\/uploads\/2024\/05\/Deducciones-Donativos-Reforma-Ley-2024_CAS-1024x512.jpg 1024w, https:\/\/www.recercasantpau.cat\/wp-content\/uploads\/2024\/05\/Deducciones-Donativos-Reforma-Ley-2024_CAS-768x384.jpg 768w, https:\/\/www.recercasantpau.cat\/wp-content\/uploads\/2024\/05\/Deducciones-Donativos-Reforma-Ley-2024_CAS-1536x768.jpg 1536w, https:\/\/www.recercasantpau.cat\/wp-content\/uploads\/2024\/05\/Deducciones-Donativos-Reforma-Ley-2024_CAS-2048x1024.jpg 2048w, https:\/\/www.recercasantpau.cat\/wp-content\/uploads\/2024\/05\/Deducciones-Donativos-Reforma-Ley-2024_CAS-580x290.jpg 580w\" sizes=\"auto, (max-width: 907px) 100vw, 907px\" \/><\/h4>\n<h4 data-wp-editing=\"1\"><\/h4>\n<p>El Consejo de Ministros aprob\u00f3 el pasado martes, 19 de diciembre, un r<strong>eal decreto<\/strong> <strong>ley<\/strong> mediante el que <strong>modifica la Ley de Mecenazgo,<\/strong> vigente desde hace 21 a\u00f1os.<\/p>\n<p>Las novedades que introduce la reforma de la ley del mecenazgo en la norma 49\/2002 son las siguientes:<\/p>\n<ul>\n<li>Las <strong>deducciones pasan del 35% al 40%<\/strong> aplicables con car\u00e1cter general, tanto para personas f\u00edsicas como jur\u00eddicas.<\/li>\n<li>Para mejorar el porcentaje de deducci\u00f3n, <strong>se reduce de 4 a 3 a\u00f1os el n\u00famero de ejercicios en los que debe realizar donativos una misma entidad<\/strong>. Las personas f\u00edsicas podr\u00e1n pasar al 45% y las entidades jur\u00eddicas al 50%.<\/li>\n<li>La <strong>cantidad que se puede desgravar por micromecenazgo pasa de 150 a 250 euros<\/strong> (es la base sobre la que se pueden deducir el 80% de la donaci\u00f3n al IRPF).<\/li>\n<li><strong>Se ampl\u00eda la lista de actividades econ\u00f3micas que pueden disfrutar de la exenci\u00f3n<\/strong>: se incluye la inserci\u00f3n sociolaboral y la educaci\u00f3n a personas con altas capacidades, por ejemplo.<\/li>\n<\/ul>\n<p>&nbsp;<\/p>\n<hr \/>\n<hr \/>\n<h4 style=\"text-align: center;\" data-wp-editing=\"1\">\u00a1NECESITAMOS TU DONATIVO!<\/h4>\n<p><img loading=\"lazy\" decoding=\"async\" class=\"aligncenter wp-image-46276 \" src=\"https:\/\/www.recercasantpau.cat\/wp-content\/uploads\/2024\/01\/JCosi_www-2487.jpg\" sizes=\"auto, (max-width: 372px) 100vw, 372px\" srcset=\"https:\/\/www.recercasantpau.cat\/wp-content\/uploads\/2024\/01\/JCosi_www-2487.jpg 1701w, https:\/\/www.recercasantpau.cat\/wp-content\/uploads\/2024\/01\/JCosi_www-2487-300x200.jpg 300w, https:\/\/www.recercasantpau.cat\/wp-content\/uploads\/2024\/01\/JCosi_www-2487-1024x683.jpg 1024w, https:\/\/www.recercasantpau.cat\/wp-content\/uploads\/2024\/01\/JCosi_www-2487-768x512.jpg 768w, https:\/\/www.recercasantpau.cat\/wp-content\/uploads\/2024\/01\/JCosi_www-2487-1536x1024.jpg 1536w, https:\/\/www.recercasantpau.cat\/wp-content\/uploads\/2024\/01\/JCosi_www-2487-580x387.jpg 580w\" alt=\"\" width=\"372\" height=\"248\" \/><\/p>\n<p>Todos los particulares, entidades o empresas pueden apoyar la investigaci\u00f3n y la innovaci\u00f3n del Instituto de Investigaci\u00f3n Sant Pau.<\/p>\n<p>Las aportaciones recibidas, ir\u00e1n destinadas de forma gen\u00e9rica a los proyectos y actividades de investigaci\u00f3n de nuestro instituto y\u00a0cuentan con beneficios fiscales.<\/p>\n<p><strong>Puedes hacer tu donaci\u00f3n por transferencia a:<\/strong><\/p>\n<p><a href=\"https:\/\/www2.caixabank.es\/apl\/donativos\/detalle_ca.html?DON_codigoCausa=186&amp;JSESSIONID=sSiAPaP1TDdboLbFPiNvuvp\" target=\"_blank\" rel=\"noopener\"><img loading=\"lazy\" decoding=\"async\" class=\"no-border aligncenter wp-image-6162\" title=\"no-border\" src=\"https:\/\/www.recercasantpau.cat\/wp-content\/uploads\/2016\/12\/Caixabank.gif\" alt=\"Caixabank\" width=\"201\" height=\"53\" \/><\/a><\/p>\n<p><strong>I ahora tambi\u00e9n puedes hacer tu donativo a trav\u00e9s de BIZUM para ONGs!<\/strong><\/p>\n<p><img loading=\"lazy\" decoding=\"async\" class=\"aligncenter wp-image-33455\" src=\"https:\/\/www.recercasantpau.cat\/wp-content\/uploads\/2022\/02\/bizum_horizontal.jpg\" sizes=\"auto, (max-width: 424px) 100vw, 424px\" srcset=\"https:\/\/www.recercasantpau.cat\/wp-content\/uploads\/2022\/02\/bizum_horizontal.jpg 1050w, https:\/\/www.recercasantpau.cat\/wp-content\/uploads\/2022\/02\/bizum_horizontal-300x171.jpg 300w, https:\/\/www.recercasantpau.cat\/wp-content\/uploads\/2022\/02\/bizum_horizontal-768x439.jpg 768w, https:\/\/www.recercasantpau.cat\/wp-content\/uploads\/2022\/02\/bizum_horizontal-1024x585.jpg 1024w, https:\/\/www.recercasantpau.cat\/wp-content\/uploads\/2022\/02\/bizum_horizontal-580x331.jpg 580w\" width=\"424\" height=\"242\" \/><\/p>\n<h4>Muchas gracias por tu donativo!<\/h4>\n<hr \/>\n<h4 style=\"text-align: left;\">Informaci\u00f3n sobre la recogida de datos con finalidad fiscal e informativa<\/h4>\n<h6 class=\"p1\" style=\"text-align: justify;\">Los donativos efectuados en la entidad est\u00e1n sujetos a los beneficios establecidos en la Ley 49\/2002, de 23 de diciembre, de r\u00e9gimen fiscal de las entidades sin \u00e1nimo de lucro y de los incentivos fiscales al mecenazgo y la Ley 27\/2014, del Impuesto sobre Sociedades. Las donaciones recibidas en la Fundaci\u00f3n podr\u00e1n disfrutar de las deducciones previstas en el Impuesto sobre la Renta de las Personas F\u00edsicas y en el Impuesto sobre sociedades. A estos efectos la Fundaci\u00f3n emitir\u00e1 el correspondiente certificado acreditando la donaci\u00f3n efectuada.<\/h6>\n<h6 class=\"p1\" style=\"text-align: justify;\">Con sujeci\u00f3n a la Ley 15\/1999 de protecci\u00f3n de datos de car\u00e1cter personal, sus datos se incorporar\u00e1n a un fichero automatizado titularidad del Instituto de Investigaci\u00f3n del Hospital de la Santa Cruz y San Pablo con el fin de confeccionar y remitirle al domicilio indicado el certificado fiscal referente a su donaci\u00f3n, y con el fin de que la mencionada entidad pueda tener conocimiento de las personas que hacen donaciones y le pueda remitir la informaci\u00f3n sobre la misma y las actividades que lleva a cabo. Usted declara bajo su responsabilidad que los datos indicados son ciertos, correctos, actualizados y que le pertenecen. Conforme a la Ley de protecci\u00f3n de datos, usted podr\u00e1 ejercer en cualquier momento el derecho de acceder, rectificar y cancelar sus datos y de oponerse a su tratamiento, dirigi\u00e9ndose por correo electr\u00f3nico a <a href=\"http:\/\/donatiusiib@santpau. cat\">donatiusiib@santpau. cat<\/a>.<\/h6>\n","protected":false},"excerpt":{"rendered":"<p>PECES DE CIUDAD SOCIAL WINE DONA 10.500 \u20ac AL IR SANT PAU! El vino solidario Peces de Ciudad Social Wine ha dado un total de 10.500 \u20ac al Instituto de Investigaci\u00f3n Sant Pau repartidos en dos proyectos relacionados con enfermedades oncol\u00f3gicas: 2.000 \u20ac\u00a0ir\u00e1n destinados a financiar nuestro proyecto de investigaci\u00f3n en Musicoterapia en el paciente &#8230; <br \/><a class=\"read-more\" href=\"https:\/\/www.recercasantpau.cat\/es\/instituto\/colabora\/\">Read More<\/a><\/p>\n","protected":false},"author":110,"featured_media":2824,"parent":2610,"menu_order":0,"comment_status":"closed","ping_status":"closed","template":"template-linstitut-presentacio.php","meta":{"footnotes":""},"class_list":["post-30814","page","type-page","status-publish","has-post-thumbnail","hentry"],"acf":[],"_links":{"self":[{"href":"https:\/\/www.recercasantpau.cat\/es\/wp-json\/wp\/v2\/pages\/30814","targetHints":{"allow":["GET"]}}],"collection":[{"href":"https:\/\/www.recercasantpau.cat\/es\/wp-json\/wp\/v2\/pages"}],"about":[{"href":"https:\/\/www.recercasantpau.cat\/es\/wp-json\/wp\/v2\/types\/page"}],"author":[{"embeddable":true,"href":"https:\/\/www.recercasantpau.cat\/es\/wp-json\/wp\/v2\/users\/110"}],"replies":[{"embeddable":true,"href":"https:\/\/www.recercasantpau.cat\/es\/wp-json\/wp\/v2\/comments?post=30814"}],"version-history":[{"count":66,"href":"https:\/\/www.recercasantpau.cat\/es\/wp-json\/wp\/v2\/pages\/30814\/revisions"}],"predecessor-version":[{"id":48163,"href":"https:\/\/www.recercasantpau.cat\/es\/wp-json\/wp\/v2\/pages\/30814\/revisions\/48163"}],"up":[{"embeddable":true,"href":"https:\/\/www.recercasantpau.cat\/es\/wp-json\/wp\/v2\/pages\/2610"}],"wp:featuredmedia":[{"embeddable":true,"href":"https:\/\/www.recercasantpau.cat\/es\/wp-json\/wp\/v2\/media\/2824"}],"wp:attachment":[{"href":"https:\/\/www.recercasantpau.cat\/es\/wp-json\/wp\/v2\/media?parent=30814"}],"curies":[{"name":"wp","href":"https:\/\/api.w.org\/{rel}","templated":true}]}}