{"id":31796,"date":"2022-03-31T16:54:47","date_gmt":"2022-03-31T14:54:47","guid":{"rendered":"http:\/\/newwebir.recercasantpau.cat\/es\/?page_id=31796"},"modified":"2022-04-04T12:30:19","modified_gmt":"2022-04-04T10:30:19","slug":"transparencia","status":"publish","type":"page","link":"https:\/\/www.recercasantpau.cat\/es\/instituto\/transparencia\/","title":{"rendered":"Transparencia"},"content":{"rendered":"<p class=\"p1\" style=\"text-align: justify;\">En cumplimiento de la Ley\u00a0<a href=\"http:\/\/portaldogc.gencat.cat\/utilsEADOP\/PDF\/6780\/1395384.pdf\" target=\"llei\">19\/2014<\/a>, de 29 de diciembre de transparencia, acceso a la informaci\u00f3n p\u00fablica y buen gobierno, y del previsto a la Ley 21\/2014, del 29 de diciembre, del protectorado de las fundaciones y de verificaci\u00f3n de la actividad de las asociaciones declaradas de utilidad p\u00fablica, la Fundaci\u00f3 Institut de Recerca\u00a0\u00a0Hospital de la Santa Creu i Sant Pau hace p\u00fablica la siguiente informaci\u00f3n:<\/p>\n<p class=\"p1\"><a href=\"https:\/\/www.recercasantpau.cat\/es\/instituto\/iib-sant-pau\/estructura-organizativa\/\" target=\"_blank\"><img loading=\"lazy\" decoding=\"async\" class=\"no-border aligncenter wp-image-31867\" src=\"https:\/\/www.recercasantpau.cat\/wp-content\/uploads\/2022\/03\/completa-castellano-1-300x15.png\" alt=\"completa castellano 1\" width=\"465\" height=\"24\" srcset=\"https:\/\/www.recercasantpau.cat\/wp-content\/uploads\/2022\/03\/completa-castellano-1-300x15.png 300w, https:\/\/www.recercasantpau.cat\/wp-content\/uploads\/2022\/03\/completa-castellano-1-768x39.png 768w, https:\/\/www.recercasantpau.cat\/wp-content\/uploads\/2022\/03\/completa-castellano-1-1024x52.png 1024w, https:\/\/www.recercasantpau.cat\/wp-content\/uploads\/2022\/03\/completa-castellano-1-580x29.png 580w, https:\/\/www.recercasantpau.cat\/wp-content\/uploads\/2022\/03\/completa-castellano-1.png 1262w\" sizes=\"auto, (max-width: 465px) 100vw, 465px\" \/><\/a><\/p>\n<p class=\"p1\" style=\"text-align: center;\"><a href=\"https:\/\/www.recercasantpau.cat\/es\/instituto\/informacion-economica\/economia-y-finanzas\/\" target=\"_blank\"><img loading=\"lazy\" decoding=\"async\" class=\"no-border aligncenter wp-image-31870\" src=\"https:\/\/www.recercasantpau.cat\/wp-content\/uploads\/2022\/03\/completa-castellano-2-300x15.png\" alt=\"completa castellano 2\" width=\"465\" height=\"23\" srcset=\"https:\/\/www.recercasantpau.cat\/wp-content\/uploads\/2022\/03\/completa-castellano-2-300x15.png 300w, https:\/\/www.recercasantpau.cat\/wp-content\/uploads\/2022\/03\/completa-castellano-2-768x39.png 768w, https:\/\/www.recercasantpau.cat\/wp-content\/uploads\/2022\/03\/completa-castellano-2-1024x51.png 1024w, https:\/\/www.recercasantpau.cat\/wp-content\/uploads\/2022\/03\/completa-castellano-2-580x29.png 580w, https:\/\/www.recercasantpau.cat\/wp-content\/uploads\/2022\/03\/completa-castellano-2.png 1275w\" sizes=\"auto, (max-width: 465px) 100vw, 465px\" \/><\/a><\/p>\n<p class=\"p1\"><a href=\"https:\/\/www.recercasantpau.cat\/es\/instituto\/informacion-economica\/contratacion\/\" target=\"_blank\"><img loading=\"lazy\" decoding=\"async\" class=\"no-border aligncenter wp-image-31873\" src=\"https:\/\/www.recercasantpau.cat\/wp-content\/uploads\/2022\/03\/completa-castellano-3-300x15.png\" alt=\"completa castellano 3\" width=\"465\" height=\"23\" srcset=\"https:\/\/www.recercasantpau.cat\/wp-content\/uploads\/2022\/03\/completa-castellano-3-300x15.png 300w, https:\/\/www.recercasantpau.cat\/wp-content\/uploads\/2022\/03\/completa-castellano-3-768x37.png 768w, https:\/\/www.recercasantpau.cat\/wp-content\/uploads\/2022\/03\/completa-castellano-3-1024x50.png 1024w, https:\/\/www.recercasantpau.cat\/wp-content\/uploads\/2022\/03\/completa-castellano-3-580x28.png 580w, https:\/\/www.recercasantpau.cat\/wp-content\/uploads\/2022\/03\/completa-castellano-3.png 1253w\" sizes=\"auto, (max-width: 465px) 100vw, 465px\" \/><\/a><\/p>\n<p class=\"p1\" style=\"text-align: center;\"><a href=\"https:\/\/www.recercasantpau.cat\/es\/instituto\/informacion-economica\/economia-y-finanzas\/\" target=\"_blank\"><img loading=\"lazy\" decoding=\"async\" class=\"no-border aligncenter wp-image-31876\" src=\"https:\/\/www.recercasantpau.cat\/wp-content\/uploads\/2022\/03\/completa-castellano-4-300x15.png\" alt=\"completa castellano 4\" width=\"465\" height=\"23\" srcset=\"https:\/\/www.recercasantpau.cat\/wp-content\/uploads\/2022\/03\/completa-castellano-4-300x15.png 300w, https:\/\/www.recercasantpau.cat\/wp-content\/uploads\/2022\/03\/completa-castellano-4-768x39.png 768w, https:\/\/www.recercasantpau.cat\/wp-content\/uploads\/2022\/03\/completa-castellano-4-1024x52.png 1024w, https:\/\/www.recercasantpau.cat\/wp-content\/uploads\/2022\/03\/completa-castellano-4-580x29.png 580w, https:\/\/www.recercasantpau.cat\/wp-content\/uploads\/2022\/03\/completa-castellano-4.png 1248w\" sizes=\"auto, (max-width: 465px) 100vw, 465px\" \/><\/a><\/p>\n<p class=\"p1\" style=\"text-align: center;\"><a href=\"https:\/\/www.recercasantpau.cat\/es\/aviso-legal\/\" target=\"_blank\"><img loading=\"lazy\" decoding=\"async\" class=\"no-border aligncenter wp-image-31879\" src=\"https:\/\/www.recercasantpau.cat\/wp-content\/uploads\/2022\/03\/completa-castellano-5-300x16.png\" alt=\"completa castellano 5\" width=\"465\" height=\"25\" srcset=\"https:\/\/www.recercasantpau.cat\/wp-content\/uploads\/2022\/03\/completa-castellano-5-300x16.png 300w, https:\/\/www.recercasantpau.cat\/wp-content\/uploads\/2022\/03\/completa-castellano-5-768x41.png 768w, https:\/\/www.recercasantpau.cat\/wp-content\/uploads\/2022\/03\/completa-castellano-5-1024x54.png 1024w, https:\/\/www.recercasantpau.cat\/wp-content\/uploads\/2022\/03\/completa-castellano-5-580x31.png 580w, https:\/\/www.recercasantpau.cat\/wp-content\/uploads\/2022\/03\/completa-castellano-5.png 1261w\" sizes=\"auto, (max-width: 465px) 100vw, 465px\" \/><\/a><\/p>\n<p class=\"p1\" style=\"text-align: center;\"><a href=\"https:\/\/www.recercasantpau.cat\/es\/investigacion\/informacion-para-el-personal-investigador\/\" target=\"_blank\"><img loading=\"lazy\" decoding=\"async\" class=\"no-border aligncenter wp-image-31882\" src=\"https:\/\/www.recercasantpau.cat\/wp-content\/uploads\/2022\/03\/completa-castellano-6-300x16.png\" alt=\"completa castellano 6\" width=\"465\" height=\"24\" srcset=\"https:\/\/www.recercasantpau.cat\/wp-content\/uploads\/2022\/03\/completa-castellano-6-300x16.png 300w, https:\/\/www.recercasantpau.cat\/wp-content\/uploads\/2022\/03\/completa-castellano-6-768x40.png 768w, https:\/\/www.recercasantpau.cat\/wp-content\/uploads\/2022\/03\/completa-castellano-6-1024x54.png 1024w, https:\/\/www.recercasantpau.cat\/wp-content\/uploads\/2022\/03\/completa-castellano-6-580x30.png 580w, https:\/\/www.recercasantpau.cat\/wp-content\/uploads\/2022\/03\/completa-castellano-6.png 1262w\" sizes=\"auto, (max-width: 465px) 100vw, 465px\" \/><\/a><\/p>\n<p class=\"p1\" style=\"text-align: center;\"><a href=\"https:\/\/www.recercasantpau.cat\/es\/servicios-de-apoyo\/servicio-de-experimentacion-animal-sea\/ethics-committee-for-animal-research\/\" target=\"_blank\"><img loading=\"lazy\" decoding=\"async\" class=\"no-border aligncenter wp-image-31885\" src=\"https:\/\/www.recercasantpau.cat\/wp-content\/uploads\/2022\/03\/completa-castellano-7-300x18.png\" alt=\"completa castellano 7\" width=\"465\" height=\"28\" srcset=\"https:\/\/www.recercasantpau.cat\/wp-content\/uploads\/2022\/03\/completa-castellano-7-300x18.png 300w, https:\/\/www.recercasantpau.cat\/wp-content\/uploads\/2022\/03\/completa-castellano-7-768x46.png 768w, https:\/\/www.recercasantpau.cat\/wp-content\/uploads\/2022\/03\/completa-castellano-7-1024x61.png 1024w, https:\/\/www.recercasantpau.cat\/wp-content\/uploads\/2022\/03\/completa-castellano-7-580x35.png 580w, https:\/\/www.recercasantpau.cat\/wp-content\/uploads\/2022\/03\/completa-castellano-7.png 1252w\" sizes=\"auto, (max-width: 465px) 100vw, 465px\" \/><\/a><\/p>\n<p class=\"p1\"><a href=\"https:\/\/www.recercasantpau.cat\/es\/investigacion\/informacion-para-el-personal-investigador\/\" target=\"_blank\"><img loading=\"lazy\" decoding=\"async\" class=\"no-border aligncenter wp-image-31888\" src=\"https:\/\/www.recercasantpau.cat\/wp-content\/uploads\/2022\/03\/completa-castellano-8-300x15.png\" alt=\"completa castellano 8\" width=\"465\" height=\"23\" srcset=\"https:\/\/www.recercasantpau.cat\/wp-content\/uploads\/2022\/03\/completa-castellano-8-300x15.png 300w, https:\/\/www.recercasantpau.cat\/wp-content\/uploads\/2022\/03\/completa-castellano-8-768x38.png 768w, https:\/\/www.recercasantpau.cat\/wp-content\/uploads\/2022\/03\/completa-castellano-8-1024x51.png 1024w, https:\/\/www.recercasantpau.cat\/wp-content\/uploads\/2022\/03\/completa-castellano-8-580x29.png 580w, https:\/\/www.recercasantpau.cat\/wp-content\/uploads\/2022\/03\/completa-castellano-8.png 1251w\" sizes=\"auto, (max-width: 465px) 100vw, 465px\" \/><\/a><\/p>\n","protected":false},"excerpt":{"rendered":"<p>En cumplimiento de la Ley\u00a019\/2014, de 29 de diciembre de transparencia, acceso a la informaci\u00f3n p\u00fablica y buen gobierno, y del previsto a la Ley 21\/2014, del 29 de diciembre, del protectorado de las fundaciones y de verificaci\u00f3n de la actividad de las asociaciones declaradas de utilidad p\u00fablica, la Fundaci\u00f3 Institut de Recerca\u00a0\u00a0Hospital de la &#8230; <br \/><a class=\"read-more\" href=\"https:\/\/www.recercasantpau.cat\/es\/instituto\/transparencia\/\">Read More<\/a><\/p>\n","protected":false},"author":10,"featured_media":3563,"parent":2610,"menu_order":0,"comment_status":"closed","ping_status":"closed","template":"template-linstitut-presentacio.php","meta":{"footnotes":""},"class_list":["post-31796","page","type-page","status-publish","has-post-thumbnail","hentry"],"acf":[],"_links":{"self":[{"href":"https:\/\/www.recercasantpau.cat\/es\/wp-json\/wp\/v2\/pages\/31796","targetHints":{"allow":["GET"]}}],"collection":[{"href":"https:\/\/www.recercasantpau.cat\/es\/wp-json\/wp\/v2\/pages"}],"about":[{"href":"https:\/\/www.recercasantpau.cat\/es\/wp-json\/wp\/v2\/types\/page"}],"author":[{"embeddable":true,"href":"https:\/\/www.recercasantpau.cat\/es\/wp-json\/wp\/v2\/users\/10"}],"replies":[{"embeddable":true,"href":"https:\/\/www.recercasantpau.cat\/es\/wp-json\/wp\/v2\/comments?post=31796"}],"version-history":[{"count":9,"href":"https:\/\/www.recercasantpau.cat\/es\/wp-json\/wp\/v2\/pages\/31796\/revisions"}],"predecessor-version":[{"id":31910,"href":"https:\/\/www.recercasantpau.cat\/es\/wp-json\/wp\/v2\/pages\/31796\/revisions\/31910"}],"up":[{"embeddable":true,"href":"https:\/\/www.recercasantpau.cat\/es\/wp-json\/wp\/v2\/pages\/2610"}],"wp:featuredmedia":[{"embeddable":true,"href":"https:\/\/www.recercasantpau.cat\/es\/wp-json\/wp\/v2\/media\/3563"}],"wp:attachment":[{"href":"https:\/\/www.recercasantpau.cat\/es\/wp-json\/wp\/v2\/media?parent=31796"}],"curies":[{"name":"wp","href":"https:\/\/api.w.org\/{rel}","templated":true}]}}