{"id":3703,"date":"2016-05-12T12:36:27","date_gmt":"2016-05-12T10:36:27","guid":{"rendered":"http:\/\/newwebir.recercasantpau.cat\/es\/servicios-de-apoyo\/unitat-de-projectes\/"},"modified":"2024-08-01T14:44:17","modified_gmt":"2024-08-01T12:44:17","slug":"unidad-de-proyectos","status":"publish","type":"page","link":"https:\/\/www.recercasantpau.cat\/es\/servicios-de-apoyo\/unidad-de-proyectos\/","title":{"rendered":"Unidad de Proyectos Nacionales"},"content":{"rendered":"<h3>Coordinadora Proyectos Nacionales<\/h3>\n<p>Fabiola Fern\u00e1ndez<br \/>\n<a href=\"mailto:ffernandezh@santpau.cat\">ffernandezh@santpau.cat<\/a><\/p>\n<h3>Equipo<\/h3>\n<p>Eva Jos\u00e9<br \/>\nEva\u00a0de la Vara<br \/>\nAmanda Garc\u00eda<br \/>\nEva Vicente<br \/>\nMarta Lorente<br \/>\nEva Garcia<\/p>\n<h3>Funciones<\/h3>\n<ul>\n<li style=\"text-align: justify;\">B\u00fasqueda de financiaci\u00f3n, difusi\u00f3n, evaluaci\u00f3n p\u00fablica y privada y la revisi\u00f3n para el \u00e9xito de la presentaci\u00f3n de la solicitud, enviar solicitudes, registro y seguimiento hasta su resoluci\u00f3n.<\/li>\n<li style=\"text-align: justify;\">Registro de proyectos concedidos, seguimiento econ\u00f3mico de ambos proyectos y acuerdos nacionales e internacionales, la validaci\u00f3n de los costes (concepto \/ equilibrio), la preparaci\u00f3n de los informes anuales y finales, gestionar incidencias, interlocutor con entidades oficiales.<\/li>\n<li style=\"text-align: justify;\">Informes de actividad: memoria cient\u00edfica, informe al Patronato, a la Direcci\u00f3n Cient\u00edfica, etc.<\/li>\n<li style=\"text-align: justify;\">Auditor\u00edas internas y externas de diferentes entidades financieras.<\/li>\n<li style=\"text-align: justify;\">Investigadores: reuniones para la creaci\u00f3n y gesti\u00f3n de proyectos.<\/li>\n<li style=\"text-align: justify;\">Interacci\u00f3n con diferentes \u00e1reas transversales para poner en pr\u00e1ctica las disposiciones de las convocatorias.<\/li>\n<\/ul>\n","protected":false},"excerpt":{"rendered":"<p>Coordinadora Proyectos Nacionales Fabiola Fern\u00e1ndez ffernandezh@santpau.cat Equipo Eva Jos\u00e9 Eva\u00a0de la Vara Amanda Garc\u00eda Eva Vicente Marta Lorente Eva Garcia Funciones B\u00fasqueda de financiaci\u00f3n, difusi\u00f3n, evaluaci\u00f3n p\u00fablica y privada y la revisi\u00f3n para el \u00e9xito de la presentaci\u00f3n de la solicitud, enviar solicitudes, registro y seguimiento hasta su resoluci\u00f3n. Registro de proyectos concedidos, seguimiento econ\u00f3mico &#8230; <br \/><a class=\"read-more\" href=\"https:\/\/www.recercasantpau.cat\/es\/servicios-de-apoyo\/unidad-de-proyectos\/\">Read More<\/a><\/p>\n","protected":false},"author":2,"featured_media":3581,"parent":2529,"menu_order":0,"comment_status":"closed","ping_status":"closed","template":"template-serveis-sidebar.php","meta":{"footnotes":""},"class_list":["post-3703","page","type-page","status-publish","has-post-thumbnail","hentry"],"acf":[],"_links":{"self":[{"href":"https:\/\/www.recercasantpau.cat\/es\/wp-json\/wp\/v2\/pages\/3703","targetHints":{"allow":["GET"]}}],"collection":[{"href":"https:\/\/www.recercasantpau.cat\/es\/wp-json\/wp\/v2\/pages"}],"about":[{"href":"https:\/\/www.recercasantpau.cat\/es\/wp-json\/wp\/v2\/types\/page"}],"author":[{"embeddable":true,"href":"https:\/\/www.recercasantpau.cat\/es\/wp-json\/wp\/v2\/users\/2"}],"replies":[{"embeddable":true,"href":"https:\/\/www.recercasantpau.cat\/es\/wp-json\/wp\/v2\/comments?post=3703"}],"version-history":[{"count":12,"href":"https:\/\/www.recercasantpau.cat\/es\/wp-json\/wp\/v2\/pages\/3703\/revisions"}],"predecessor-version":[{"id":50848,"href":"https:\/\/www.recercasantpau.cat\/es\/wp-json\/wp\/v2\/pages\/3703\/revisions\/50848"}],"up":[{"embeddable":true,"href":"https:\/\/www.recercasantpau.cat\/es\/wp-json\/wp\/v2\/pages\/2529"}],"wp:featuredmedia":[{"embeddable":true,"href":"https:\/\/www.recercasantpau.cat\/es\/wp-json\/wp\/v2\/media\/3581"}],"wp:attachment":[{"href":"https:\/\/www.recercasantpau.cat\/es\/wp-json\/wp\/v2\/media?parent=3703"}],"curies":[{"name":"wp","href":"https:\/\/api.w.org\/{rel}","templated":true}]}}