{"id":3742,"date":"2016-04-27T11:10:03","date_gmt":"2016-04-27T09:10:03","guid":{"rendered":"http:\/\/newwebir.recercasantpau.cat\/es\/informacio-per-al-personal-investigador\/"},"modified":"2026-04-01T16:21:25","modified_gmt":"2026-04-01T14:21:25","slug":"informacion-para-el-personal-investigador","status":"publish","type":"page","link":"https:\/\/www.recercasantpau.cat\/es\/investigacion\/informacion-para-el-personal-investigador\/","title":{"rendered":"Informaci\u00f3n para el Personal Investigador"},"content":{"rendered":"<h3>Pol\u00edticas y normativas internas de inter\u00e9s<\/h3>\n<p style=\"text-align: justify;\">Estas son las principales pol\u00edticas y normativas en vigor que son relevantes desde la vertiente profesional y cient\u00edfica por el personal que quiere desarrollar su carrera cient\u00edfica en nuestro instituto:<\/p>\n<ul>\n<li><a href=\"https:\/\/www.recercasantpau.cat\/wp-content\/uploads\/2026\/03\/Politica-Acces-Obert-final_Des25.pdf\">Pol\u00edtica de acceso abierto<\/a><\/li>\n<li><a href=\"https:\/\/www.recercasantpau.cat\/wp-content\/uploads\/2016\/04\/Adscripcio-Codi-Conducta-CERCA.pdf\" target=\"_blank\" rel=\"noopener\">C\u00f3digo de Conducta centros CERCA<\/a><\/li>\n<li><span style=\"color: #000080;\"><a href=\"https:\/\/cerca.cat\/politiques\/ombudsperson\/\" target=\"_blank\" rel=\"noopener\">Contacto Ombudsperson CERCA<\/a><\/span><\/li>\n<li><a href=\"https:\/\/www.recercasantpau.cat\/wp-content\/uploads\/2025\/02\/Reglament-CIR-IR_vF_CAST_MR_AB_GU_GV_signed_signed.pdf\">Reglamento CIR IR Sant Pau<\/a><\/li>\n<li><a href=\"https:\/\/www.recercasantpau.cat\/wp-content\/uploads\/2025\/02\/Procediment-en-casos-de-sospita-de-mala-conducta-IR_VF_CAST_MR_AB_GU_GVsignat_signed_signed.pdf\">Procedimiento en caso de sospecha de mala conducta &#8211; IR Sant Pau<\/a><\/li>\n<li><a href=\"https:\/\/www.recercasantpau.cat\/wp-content\/uploads\/2016\/04\/Plan-Estrat\u00e9gico-IIB-Sant-Pau-2019-2023.pdf\" target=\"_blank\" rel=\"noopener\">Plan Estrat\u00e9gico IIB Sant Pau 2019-2023 \/ 2024<\/a><\/li>\n<li><a href=\"https:\/\/www.recercasantpau.cat\/wp-content\/uploads\/2025\/02\/CBPR_CAST_VF_MR_signat_signed.pdf\">C\u00f3digo de Buenas Pr\u00e1cticas en Investigaci\u00f3n<\/a><\/li>\n<li><a href=\"https:\/\/www.recercasantpau.cat\/wp-content\/uploads\/2016\/04\/IRHSCSP_Criteris-avaluacio-personal-investigador.pdf\" target=\"_blank\" rel=\"noopener\">Criterios para la evaluaci\u00f3n del personal investigador<\/a><\/li>\n<li><a href=\"https:\/\/www.recercasantpau.cat\/wp-content\/uploads\/2025\/07\/14.-Onboarding.pdf\" target=\"_blank\" rel=\"noopener\">Manual de acogida<\/a><\/li>\n<li><a href=\"https:\/\/www.recercasantpau.cat\/wp-content\/uploads\/2016\/04\/Pla-dIgualtat-IREC-juliol-2018_V2.pdf\" target=\"_blank\" rel=\"noopener\">Plan de Igualdad<\/a><\/li>\n<li><a href=\"https:\/\/www.recercasantpau.cat\/wp-content\/uploads\/2016\/04\/2-Pla-RRI-IR_FV_per-difusi\u00f3.pdf\" target=\"_blank\" rel=\"noopener\">Plan RRI IIB Sant Pau<\/a><\/li>\n<li><a href=\"https:\/\/www.recercasantpau.cat\/wp-content\/uploads\/2025\/02\/ACTA-COMISION-IGUALADAD-08_11_2022.pdf\">Reglamento funcionamento Comisi\u00f3n de Igualdad<\/a><\/li>\n<li><a href=\"https:\/\/www.recercasantpau.cat\/wp-content\/uploads\/2016\/04\/Normativa_Filiaci\u00f3_IR_SANTPAU.pdf\" target=\"_blank\" rel=\"noopener\">Normativa de filiaci\u00f3n IR Sant Pau<\/a><\/li>\n<li><a href=\"https:\/\/www.recercasantpau.cat\/wp-content\/uploads\/2025\/08\/Normativa-de-Patents-IR-SANT-PAU.pdf\" target=\"_blank\" rel=\"noopener\">Normativa de propiedad intelectual e industrial<\/a><\/li>\n<li><a href=\"https:\/\/www.recercasantpau.cat\/wp-content\/uploads\/2016\/04\/IRHSCSP_Reglament-Spin-off.pdf\" target=\"_blank\" rel=\"noopener\">Reglamento Spin-off<\/a><\/li>\n<li><span style=\"color: #000080;\"><a style=\"color: #000080;\" href=\"https:\/\/www.recercasantpau.cat\/wp-content\/uploads\/2016\/02\/Conveni-IR-2011-2014.pdf\">Convenio colectivo<\/a><\/span><\/li>\n<li><a href=\"https:\/\/www.recercasantpau.cat\/wp-content\/uploads\/2025\/02\/ACORD-PARCIAL-CONVENI-COLLECTIU-DE-TREBALL-FPIRHS-registrat-jornada-jubilacio.pdf\">Acuerdo parcial convenio colectivo 2021<\/a><\/li>\n<li><a href=\"https:\/\/www.recercasantpau.cat\/wp-content\/uploads\/2025\/02\/resolucio-acord-parcial-publicat-rlt.pdf\">Acuerdo paracial convenio colectivo 2023<\/a><\/li>\n<li>Normativa de gastos por alojamiento, viajes y dietas. <a href=\"https:\/\/www.recercasantpau.cat\/wp-content\/uploads\/2024\/01\/Normativa-Dietes-i-Desplacaments.pdf\">Documento completo<\/a>. <a href=\"https:\/\/www.recercasantpau.cat\/wp-content\/uploads\/2024\/01\/Normativa-despeses-viatges.pdf\">Resumen<\/a><\/li>\n<\/ul>\n<h3>\u00a0Open Acces:\u00a0<a href=\"https:\/\/ddd.uab.cat\/collection\/iibsp?ln=es\" target=\"_blank\" rel=\"noopener\">Dep\u00f3sito Digital UAB<\/a><\/h3>\n<h3><\/h3>\n<h3>HRS4R<\/h3>\n<p style=\"text-align: justify;\">La Estrategia de Recursos Humanos para el Personal Investigador (HRS4R) apoya las instituciones de investigaci\u00f3n en la ejecuci\u00f3n de 1) la Carta Europea del Investigador y 2) del C\u00f3digo de Conducta para la contrataci\u00f3n de investigadores en sus pol\u00edticas y pr\u00e1cticas. La aplicaci\u00f3n concreta de la Carta y el C\u00f3digo pretende hacer los centros de investigaci\u00f3n m\u00e1s atractivos al personal investigador que busca nuevos proyectos profesionales. El reconocimiento \u00ab<em>Human Resources Excellence in Research<\/em>\u00bb identifica a las entidades que apuestan por el despliegue de la HRS4R.<\/p>\n<p><a href=\"https:\/\/www.recercasantpau.cat\/es\/instituto\/recursos-humanos\/hrs4r\/\"><img loading=\"lazy\" decoding=\"async\" class=\"alignleft wp-image-1372\" src=\"https:\/\/www.recercasantpau.cat\/wp-content\/uploads\/2016\/04\/hR-LOGO.jpg\" alt=\"hR-LOGO\" width=\"290\" height=\"70\" \/><\/a><\/p>\n<p>&nbsp;<\/p>\n<p>&nbsp;<\/p>\n<p>&nbsp;<\/p>\n<p><a href=\"http:\/\/ec.europa.eu\/euraxess\/index.cfm\/rights\/strategy4Researcher\" target=\"_blank\" rel=\"noopener\">Euraxess &gt; The Human Resources Strategy for Researchers<\/a><\/p>\n<h3><\/h3>\n<h3>\u00a0Plan de Acci\u00f3n Institut de Recerca Hospital de la Santa Creu i Sant Pau<\/h3>\n<p style=\"text-align: justify;\">El Instituto inici\u00f3 la aplicaci\u00f3n del HRS4R en octubre de 2014 con la creaci\u00f3n de un grupo de trabajo integrado por investigadores y gestores de investigaci\u00f3n del instituto. Durante este proceso, el grupo de trabajo ha analizado el grado de cumplimiento en nuestro instituto de los cuarenta principios planteados en la Carta y el C\u00f3digo, ha dado prioridad a aquellos principios que se deben abordar y, finalmente, se ha preparado un plan de acci\u00f3n para los pr\u00f3ximos cuatro a\u00f1os que incluye diecinueve medidas dirigidas a nuevas instalaciones de investigaci\u00f3n, la mejora de la comunicaci\u00f3n externa e interna al personal de investigaci\u00f3n, el reforzamiento de la planificaci\u00f3n de formaci\u00f3n, la participaci\u00f3n del personal investigador en los \u00f3rganos de toma de decisiones, la evaluaci\u00f3n del personal o la tramitaci\u00f3n de quejas\/apelaciones, entre otros. Este plan de acci\u00f3n (v\u00e9ase a continuaci\u00f3n) se present\u00f3 a la Comisi\u00f3n Europea en febrero de 2015. El \u00faltimo paso de este proceso se llev\u00f3 a cabo el 23 de mayo 2015, con el reconocimiento del sello (ver imagen a arriba).<\/p>\n<p style=\"text-align: justify;\">El HRS4R allana el camino para una estrategia de mejora continua de las instituciones que en realidad no termina una vez obtenido dicho reconocimiento: Sant Pau\u00a0se compromete con su comunidad investigadora y la Comisi\u00f3n Europea en la aplicaci\u00f3n del plan de acci\u00f3n aprobado, el seguimiento de su aplicaci\u00f3n hasta el 2019, y la elaboraci\u00f3n de una nueva estrategia a partir de esta fecha.<\/p>\n<p style=\"text-align: justify;\">\n","protected":false},"excerpt":{"rendered":"<p>Pol\u00edticas y normativas internas de inter\u00e9s Estas son las principales pol\u00edticas y normativas en vigor que son relevantes desde la vertiente profesional y cient\u00edfica por el personal que quiere desarrollar su carrera cient\u00edfica en nuestro instituto: Pol\u00edtica de acceso abierto C\u00f3digo de Conducta centros CERCA Contacto Ombudsperson CERCA Reglamento CIR IR Sant Pau Procedimiento en &#8230; <br \/><a class=\"read-more\" href=\"https:\/\/www.recercasantpau.cat\/es\/investigacion\/informacion-para-el-personal-investigador\/\">Read More<\/a><\/p>\n","protected":false},"author":1,"featured_media":2915,"parent":4040,"menu_order":0,"comment_status":"closed","ping_status":"closed","template":"template-serveis.php","meta":{"footnotes":""},"class_list":["post-3742","page","type-page","status-publish","has-post-thumbnail","hentry"],"acf":[],"_links":{"self":[{"href":"https:\/\/www.recercasantpau.cat\/es\/wp-json\/wp\/v2\/pages\/3742","targetHints":{"allow":["GET"]}}],"collection":[{"href":"https:\/\/www.recercasantpau.cat\/es\/wp-json\/wp\/v2\/pages"}],"about":[{"href":"https:\/\/www.recercasantpau.cat\/es\/wp-json\/wp\/v2\/types\/page"}],"author":[{"embeddable":true,"href":"https:\/\/www.recercasantpau.cat\/es\/wp-json\/wp\/v2\/users\/1"}],"replies":[{"embeddable":true,"href":"https:\/\/www.recercasantpau.cat\/es\/wp-json\/wp\/v2\/comments?post=3742"}],"version-history":[{"count":58,"href":"https:\/\/www.recercasantpau.cat\/es\/wp-json\/wp\/v2\/pages\/3742\/revisions"}],"predecessor-version":[{"id":61813,"href":"https:\/\/www.recercasantpau.cat\/es\/wp-json\/wp\/v2\/pages\/3742\/revisions\/61813"}],"up":[{"embeddable":true,"href":"https:\/\/www.recercasantpau.cat\/es\/wp-json\/wp\/v2\/pages\/4040"}],"wp:featuredmedia":[{"embeddable":true,"href":"https:\/\/www.recercasantpau.cat\/es\/wp-json\/wp\/v2\/media\/2915"}],"wp:attachment":[{"href":"https:\/\/www.recercasantpau.cat\/es\/wp-json\/wp\/v2\/media?parent=3742"}],"curies":[{"name":"wp","href":"https:\/\/api.w.org\/{rel}","templated":true}]}}