{"id":3757,"date":"2016-03-30T20:55:29","date_gmt":"2016-03-30T18:55:29","guid":{"rendered":"http:\/\/newwebir.recercasantpau.cat\/es\/estructura-organitzativa\/"},"modified":"2026-04-08T12:01:25","modified_gmt":"2026-04-08T10:01:25","slug":"estructura-organizativa","status":"publish","type":"page","link":"https:\/\/www.recercasantpau.cat\/es\/instituto\/iib-sant-pau\/estructura-organizativa\/","title":{"rendered":"Estructura Organizativa"},"content":{"rendered":"<p>El IR Sant Pau tiene la siguiente estructura organizativa:<\/p>\n<h3>\u00d3rganos de Gobierno<\/h3>\n<p>\u2022 Consejo Rector<\/p>\n<p>\u2022 <a href=\"https:\/\/www.recercasantpau.cat\/wp-content\/uploads\/2025\/02\/Composicio-Patronat-IR-30-set-24-2.pdf\">Patronato<\/a><\/p>\n<h3><a href=\"https:\/\/www.recercasantpau.cat\/es\/instituto\/informacion-corporativa\/direccion\/\" target=\"_blank\" rel=\"noopener\">\u00d3rganos de Direcci\u00f3n y Ejecuci\u00f3n<\/a><\/h3>\n<p><a href=\"https:\/\/www.recercasantpau.cat\/wp-content\/uploads\/2025\/03\/Agenda-Direccio-i-Gerencia-IR_Sant-Pau-vf.pdf\" target=\"_blank\" rel=\"noopener\">Agenda de los \u00d3rganos de Direcci\u00f3n<\/a><\/p>\n<p><a href=\"https:\/\/www.recercasantpau.cat\/wp-content\/uploads\/2025\/02\/ESTRUCTURA-RETRIBUTIVA-DEL-IR.-altos-cargos-def-salaris-transparencia.pdf\">Retribuciones altos cargos<\/a><\/p>\n<h3>\u00d3rgano de Gesti\u00f3n:<\/h3>\n<p>\u2022 La Fundaci\u00f3 Institut de Recerca de l\u2019Hospital de la Santa Creu i Sant Pau<\/p>\n<h3>\u00d3rganos de Consulta:<\/h3>\n<p>\u2022 <a href=\"https:\/\/www.recercasantpau.cat\/es\/investigacion\/comite-cientifico-interno\/\">Comit\u00e9 Cient\u00edfico Interno<\/a><br \/>\n\u2022 <a href=\"https:\/\/www.recercasantpau.cat\/es\/investigacion\/comite-cientifico-externo\/\">Comit\u00e9 Cient\u00edfico Externo<\/a><\/p>\n<h3>Otras\u00a0estructuras:<\/h3>\n<p>\u2022 <a href=\"https:\/\/www.recercasantpau.cat\/es\/job_offer\/convocatoria-2022065-gerente\/\" target=\"_blank\" rel=\"noopener\">Comit\u00e9 \u00c9tico para la Investigaci\u00f3n con medicamentos (CEIm)<\/a><br \/>\n\u2022 <a href=\"https:\/\/www.recercasantpau.cat\/es\/servicios-de-apoyo\/servicio-de-experimentacion-animal-sea\/ethics-committee-for-animal-research\/\" target=\"_blank\" rel=\"noopener\">Comit\u00e9 \u00c9tico de Experimentaci\u00f3n Animal<\/a><\/p>\n<h3><a href=\"https:\/\/www.recercasantpau.cat\/es\/instituto\/recursos-humanos\/datos-de-la-plantilla\/\" target=\"_blank\" rel=\"noopener\">Datos de la plantilla<\/a><\/h3>\n","protected":false},"excerpt":{"rendered":"<p>El IR Sant Pau tiene la siguiente estructura organizativa: \u00d3rganos de Gobierno \u2022 Consejo Rector \u2022 Patronato \u00d3rganos de Direcci\u00f3n y Ejecuci\u00f3n Agenda de los \u00d3rganos de Direcci\u00f3n Retribuciones altos cargos \u00d3rgano de Gesti\u00f3n: \u2022 La Fundaci\u00f3 Institut de Recerca de l\u2019Hospital de la Santa Creu i Sant Pau \u00d3rganos de Consulta: \u2022 Comit\u00e9 Cient\u00edfico &#8230; <br \/><a class=\"read-more\" href=\"https:\/\/www.recercasantpau.cat\/es\/instituto\/iib-sant-pau\/estructura-organizativa\/\">Read More<\/a><\/p>\n","protected":false},"author":1,"featured_media":2820,"parent":4069,"menu_order":0,"comment_status":"closed","ping_status":"closed","template":"template-estructura-organitzativa.php","meta":{"footnotes":""},"class_list":["post-3757","page","type-page","status-publish","has-post-thumbnail","hentry"],"acf":[],"_links":{"self":[{"href":"https:\/\/www.recercasantpau.cat\/es\/wp-json\/wp\/v2\/pages\/3757","targetHints":{"allow":["GET"]}}],"collection":[{"href":"https:\/\/www.recercasantpau.cat\/es\/wp-json\/wp\/v2\/pages"}],"about":[{"href":"https:\/\/www.recercasantpau.cat\/es\/wp-json\/wp\/v2\/types\/page"}],"author":[{"embeddable":true,"href":"https:\/\/www.recercasantpau.cat\/es\/wp-json\/wp\/v2\/users\/1"}],"replies":[{"embeddable":true,"href":"https:\/\/www.recercasantpau.cat\/es\/wp-json\/wp\/v2\/comments?post=3757"}],"version-history":[{"count":38,"href":"https:\/\/www.recercasantpau.cat\/es\/wp-json\/wp\/v2\/pages\/3757\/revisions"}],"predecessor-version":[{"id":61848,"href":"https:\/\/www.recercasantpau.cat\/es\/wp-json\/wp\/v2\/pages\/3757\/revisions\/61848"}],"up":[{"embeddable":true,"href":"https:\/\/www.recercasantpau.cat\/es\/wp-json\/wp\/v2\/pages\/4069"}],"wp:featuredmedia":[{"embeddable":true,"href":"https:\/\/www.recercasantpau.cat\/es\/wp-json\/wp\/v2\/media\/2820"}],"wp:attachment":[{"href":"https:\/\/www.recercasantpau.cat\/es\/wp-json\/wp\/v2\/media?parent=3757"}],"curies":[{"name":"wp","href":"https:\/\/api.w.org\/{rel}","templated":true}]}}