{"id":3783,"date":"2016-03-15T11:00:49","date_gmt":"2016-03-15T11:00:49","guid":{"rendered":"http:\/\/newwebir.recercasantpau.cat\/es\/contractacio\/"},"modified":"2019-07-25T13:15:11","modified_gmt":"2019-07-25T13:15:11","slug":"contratacion","status":"publish","type":"page","link":"https:\/\/www.recercasantpau.cat\/es\/instituto\/informacion-economica\/contratacion\/","title":{"rendered":"Contrataci\u00f3n"},"content":{"rendered":"<p style=\"text-align: justify;\">En cumplimiento\u00a0de la Ley\u00a019\/2014, de la Generalitat de Catalunya de 29 de diciembre\u00a0de transparencia, acceso a la informaci\u00f3n p\u00fablica y buen gobierno, la Fundaci\u00f3 Institut de Recerca Hospital de la Santa Creu i Sant Pau hace\u00a0p\u00fablica la siguiente informaci\u00f3n:<\/p>\n","protected":false},"excerpt":{"rendered":"<p>En cumplimiento\u00a0de la Ley\u00a019\/2014, de la Generalitat de Catalunya de 29 de diciembre\u00a0de transparencia, acceso a la informaci\u00f3n p\u00fablica y buen gobierno, la Fundaci\u00f3 Institut de Recerca Hospital de la Santa Creu i Sant Pau hace\u00a0p\u00fablica la siguiente informaci\u00f3n:<\/p>\n","protected":false},"author":1,"featured_media":3553,"parent":4071,"menu_order":0,"comment_status":"closed","ping_status":"closed","template":"template-informacio-economica.php","meta":{"footnotes":""},"class_list":["post-3783","page","type-page","status-publish","has-post-thumbnail","hentry"],"acf":[],"_links":{"self":[{"href":"https:\/\/www.recercasantpau.cat\/es\/wp-json\/wp\/v2\/pages\/3783","targetHints":{"allow":["GET"]}}],"collection":[{"href":"https:\/\/www.recercasantpau.cat\/es\/wp-json\/wp\/v2\/pages"}],"about":[{"href":"https:\/\/www.recercasantpau.cat\/es\/wp-json\/wp\/v2\/types\/page"}],"author":[{"embeddable":true,"href":"https:\/\/www.recercasantpau.cat\/es\/wp-json\/wp\/v2\/users\/1"}],"replies":[{"embeddable":true,"href":"https:\/\/www.recercasantpau.cat\/es\/wp-json\/wp\/v2\/comments?post=3783"}],"version-history":[{"count":5,"href":"https:\/\/www.recercasantpau.cat\/es\/wp-json\/wp\/v2\/pages\/3783\/revisions"}],"predecessor-version":[{"id":22560,"href":"https:\/\/www.recercasantpau.cat\/es\/wp-json\/wp\/v2\/pages\/3783\/revisions\/22560"}],"up":[{"embeddable":true,"href":"https:\/\/www.recercasantpau.cat\/es\/wp-json\/wp\/v2\/pages\/4071"}],"wp:featuredmedia":[{"embeddable":true,"href":"https:\/\/www.recercasantpau.cat\/es\/wp-json\/wp\/v2\/media\/3553"}],"wp:attachment":[{"href":"https:\/\/www.recercasantpau.cat\/es\/wp-json\/wp\/v2\/media?parent=3783"}],"curies":[{"name":"wp","href":"https:\/\/api.w.org\/{rel}","templated":true}]}}