{"id":3786,"date":"2016-03-15T10:57:15","date_gmt":"2016-03-15T10:57:15","guid":{"rendered":"http:\/\/newwebir.recercasantpau.cat\/es\/economia-i-finances\/"},"modified":"2016-08-02T13:23:53","modified_gmt":"2016-08-02T13:23:53","slug":"economia-y-finanzas","status":"publish","type":"page","link":"https:\/\/www.recercasantpau.cat\/es\/instituto\/informacion-economica\/economia-y-finanzas\/","title":{"rendered":"Econom\u00eda y Finanzas"},"content":{"rendered":"<p style=\"text-align: justify;\">En cumplimiento\u00a0de la Ley\u00a019\/2014, de la Generalitat de Catalunya de 29 de diciembre\u00a0de transparencia, acceso a la informaci\u00f3n p\u00fablica y buen gobierno, la Fundaci\u00f3 Institut de Recerca Hospital de la Santa Creu i Sant Pau hace\u00a0p\u00fablica la siguiente informaci\u00f3n:<\/p>\n","protected":false},"excerpt":{"rendered":"<p>En cumplimiento\u00a0de la Ley\u00a019\/2014, de la Generalitat de Catalunya de 29 de diciembre\u00a0de transparencia, acceso a la informaci\u00f3n p\u00fablica y buen gobierno, la Fundaci\u00f3 Institut de Recerca Hospital de la Santa Creu i Sant Pau hace\u00a0p\u00fablica la siguiente informaci\u00f3n:<\/p>\n","protected":false},"author":1,"featured_media":3553,"parent":4071,"menu_order":0,"comment_status":"closed","ping_status":"closed","template":"template-informacio-economica.php","meta":{"footnotes":""},"class_list":["post-3786","page","type-page","status-publish","has-post-thumbnail","hentry"],"acf":[],"_links":{"self":[{"href":"https:\/\/www.recercasantpau.cat\/es\/wp-json\/wp\/v2\/pages\/3786","targetHints":{"allow":["GET"]}}],"collection":[{"href":"https:\/\/www.recercasantpau.cat\/es\/wp-json\/wp\/v2\/pages"}],"about":[{"href":"https:\/\/www.recercasantpau.cat\/es\/wp-json\/wp\/v2\/types\/page"}],"author":[{"embeddable":true,"href":"https:\/\/www.recercasantpau.cat\/es\/wp-json\/wp\/v2\/users\/1"}],"replies":[{"embeddable":true,"href":"https:\/\/www.recercasantpau.cat\/es\/wp-json\/wp\/v2\/comments?post=3786"}],"version-history":[{"count":2,"href":"https:\/\/www.recercasantpau.cat\/es\/wp-json\/wp\/v2\/pages\/3786\/revisions"}],"predecessor-version":[{"id":4927,"href":"https:\/\/www.recercasantpau.cat\/es\/wp-json\/wp\/v2\/pages\/3786\/revisions\/4927"}],"up":[{"embeddable":true,"href":"https:\/\/www.recercasantpau.cat\/es\/wp-json\/wp\/v2\/pages\/4071"}],"wp:featuredmedia":[{"embeddable":true,"href":"https:\/\/www.recercasantpau.cat\/es\/wp-json\/wp\/v2\/media\/3553"}],"wp:attachment":[{"href":"https:\/\/www.recercasantpau.cat\/es\/wp-json\/wp\/v2\/media?parent=3786"}],"curies":[{"name":"wp","href":"https:\/\/api.w.org\/{rel}","templated":true}]}}