{"id":38610,"date":"2023-01-18T13:01:57","date_gmt":"2023-01-18T12:01:57","guid":{"rendered":"http:\/\/newwebir.recercasantpau.cat\/es\/instituto\/rri-recerca-i-innovacio-responsables\/"},"modified":"2023-01-24T13:56:52","modified_gmt":"2023-01-24T12:56:52","slug":"rri-recerca-i-innovacio-responsables","status":"publish","type":"page","link":"https:\/\/www.recercasantpau.cat\/es\/instituto\/rri-recerca-i-innovacio-responsables\/","title":{"rendered":"RRI: Investigaci\u00f3n e Innovaci\u00f3n Responsable"},"content":{"rendered":"<h3 style=\"text-align: justify;\">Qu\u00e9\u00a0es la RRI?<\/h3>\n<p style=\"text-align: justify;\">La Investigaci\u00f3n e Innovaci\u00f3n Responsable (RRI, por sus siglas en ingl\u00e9s) es una estrategia de investigaci\u00f3n promovida y definida por la Uni\u00f3n Europea a trav\u00e9s del programa de Investigaci\u00f3n e Innovaci\u00f3n Horizon 2020 (2014-2020) ahora conocido como <a href=\"https:\/\/research-and-innovation.ec.europa.eu\/funding\/funding-opportunities\/funding-programmes-and-open-calls\/horizon-europe_en\">Horizon Europe (2021-2027)<\/a>. Se trata de un compromiso colectivo basado en un proceso de trabajo conjunto entre la comunidad cient\u00edfica y la sociedad, fomentando la interacci\u00f3n entre diferentes <em>stakeholders <\/em>o grupos de inter\u00e9s (responsables de pol\u00edticas, comunidad cient\u00edfica, comunidad educativa, sector industrial y empresarial, sociedad civil) que pivota sobre los valores de la \u00e9tica, la sostenibilidad y la conveniencia social.<\/p>\n<p style=\"text-align: justify;\">El <strong>objetivo <\/strong>de la RRI es llevar a cabo investigaci\u00f3n e innovaci\u00f3n <em>con y para<\/em> la sociedad (programa <a href=\"https:\/\/data.europa.eu\/doi\/10.2777\/32018\"><em>Science with and for Society<\/em><\/a>) con la voluntad de retornar los avances cient\u00edficos y tecnol\u00f3gicos. Es por este motive que esta movimiento requiere de anticipaci\u00f3n, reflexi\u00f3n, inclusi\u00f3n y capacidad de adaptaci\u00f3n al cambio en respuesta a los valores y expectatives de la sociedad, los grupos de inter\u00e9s y las circunstancias cambiantes de nuestro entorno.<\/p>\n<h3 style=\"text-align: justify;\">La RRI en el IIB Sant Pau<\/h3>\n<p style=\"text-align: justify;\">El IIB Sant Pau est\u00e1 comprometido y alineado con los principios de la RRI y trabaja para dar respuesta a las necesidades de la sociedad y anticiparse a \u00e9stas de forma transparente, abierta, inclusiva y sostenible. Con esta perspectiva, y teniendo en mente la misi\u00f3n de la instituci\u00f3n, se trabaja para construir la estrategia de impacto institucional que debe permitir dise\u00f1ar una nueva pol\u00edtica de evaluaci\u00f3n del impacto de la investigaci\u00f3n que adopte los compromisos europeos<\/p>\n<p style=\"text-align: justify;\">Desde el instituto fomentamos la adopci\u00f3n de estos principios como marco de trabajo, y desarrollamos acciones en cada de las seis agendas. Los objetivos que nos hemos marcado para son:<\/p>\n<ol style=\"text-align: justify;\">\n<li>\n<h4 style=\"text-align: justify;\"><strong>Gobernanza: <\/strong><\/h4>\n<\/li>\n<\/ol>\n<ul style=\"text-align: justify;\">\n<li>Incorporar los principios de la RRI en la Gobernanza de la instituci\u00f3n.<\/li>\n<li>Fomentar la RRI en todas las etapas del proyecto de investigaci\u00f3n.<\/li>\n<li>Definir la narrativa de impacto institucional (qu\u00e9, quien, c\u00f3mo y porqu\u00e9).<\/li>\n<\/ul>\n<ol style=\"text-align: justify;\" start=\"2\">\n<li>\n<h4>\u00c9tica:<\/h4>\n<\/li>\n<\/ol>\n<ul style=\"text-align: justify;\">\n<li>Facilitar espacios de reflexi\u00f3n \u00e9tica.<\/li>\n<li>Promover y fomentar la integridad en la recerca.<\/li>\n<\/ul>\n<ol style=\"text-align: justify;\" start=\"3\">\n<li>\n<h4>Igualdad de g\u00e9nero:<\/h4>\n<\/li>\n<\/ol>\n<ul style=\"text-align: justify;\">\n<li>Velar por el equilibrio de g\u00e9nero en la toma de decisiones.<\/li>\n<li>Perspectiva de g\u00e9nero en los equipos y en el contenido de los proyectos.<\/li>\n<\/ul>\n<ol style=\"text-align: justify;\" start=\"4\">\n<li>\n<h4>Acceso Abierto (Ciencia Abierta)<\/h4>\n<\/li>\n<\/ol>\n<ul style=\"text-align: justify;\">\n<li>Velar por la implementaci\u00f3n de las pol\u00edticas de acceso abierto definidas por la instituci\u00f3n.<\/li>\n<li>Promover el acceso abierto en la investigaci\u00f3n.<\/li>\n<\/ul>\n<ol style=\"text-align: justify;\" start=\"5\">\n<li>\n<h4>Participaci\u00f3n ciudadana<\/h4>\n<\/li>\n<\/ol>\n<ul style=\"text-align: justify;\">\n<li>Facilitar estructuras de participaci\u00f3n ciudadana.<\/li>\n<li>Promover su influencia para codesarrollar y codecidir en los proyectos de investigaci\u00f3n.<\/li>\n<\/ul>\n<ol style=\"text-align: justify;\" start=\"6\">\n<li>\n<h4>Educaci\u00f3n Cient\u00edfica<\/h4>\n<\/li>\n<\/ol>\n<ul style=\"text-align: justify;\">\n<li>Fomentar la colaboraci\u00f3n entre las m\u00faltiples partes interesadas (proveedores de educaci\u00f3n formal y no formal, empresas y sociedad civil).<\/li>\n<li>Fomentar el pensamiento cr\u00edtico y la cultura cient\u00edfica de la ciudadan\u00eda, as\u00ed como las vocaciones cient\u00edfiques entre los j\u00f3venes.<\/li>\n<\/ul>\n<p style=\"text-align: justify;\">La <strong>Funci\u00f3n <\/strong>de la Unidad es la de promover, dise\u00f1ar o implementar herramientas y acciones espec\u00edficas que sirvan a los\/las investigadores\/as a mejorar las propuestas de investigaci\u00f3n y fomentar el acercamiento de la sociedad a la Ciencia.<\/p>\n<p style=\"text-align: justify;\">Dada la transversalidad de las acciones descritas en el Plan de RRI, esta unidad trabaja de manera transversal con otras unidades. \u00a0De manera m\u00e1s estrecha con: la Unidad de Gesti\u00f3n del Conocimiento (<strong>UGC<\/strong>) en relaci\u00f3n con la ciencia abierta, la Unidad de Comunicaci\u00f3n y Cultura Cient\u00edfica (<strong>UCCC+i<\/strong>) en cuanto a actividades relacionadas con la participaci\u00f3n ciudadana y educaci\u00f3n cient\u00edfica y con la Unidad de RRHH (<strong>URRHH<\/strong>), en cuanto a la implementaci\u00f3n y seguimiento de los principios recogidos en la Carta Europea del Investigador (HSR4R).<\/p>\n<p style=\"text-align: justify;\">Adem\u00e1s, la Responsable de la Unidad, es miembro de la comisi\u00f3n negociadora del nuevo Plan de Igualdad del IR-HSCSP y <u>Coordinadora del GT de Investigaci\u00f3n de la Comisi\u00f3n de Salud y G\u00e9nero<\/u> (CdSiG) del HSCSP.<\/p>\n<p style=\"text-align: justify;\">Tambi\u00e9n forma parte de la <u>Comunidad de pr\u00e1ctica Hip\u00e0tia d\u2019Alexandria<\/u> que coordina AQuAs y que lleva a cabo acciones concretas para fomentar el cambio en los centros de investigaci\u00f3n en salud para acabar con la desigualdad de g\u00e9nero en el sistema de investigaci\u00f3n catal\u00e1n.<\/p>\n<hr \/>\n<h3 style=\"text-align: justify;\">Que acciones realizamos en el\u00a0IR-IIB Sant Pau sobre las 6 agendas?<\/h3>\n<ol style=\"text-align: justify;\">\n<li>\n<h4>Gobernanza<\/h4>\n<\/li>\n<\/ol>\n<ul style=\"text-align: justify;\">\n<li>Definici\u00f3n, implementaci\u00f3n y monitorizaci\u00f3n del <a href=\"https:\/\/www.recercasantpau.cat\/wp-content\/uploads\/2016\/04\/2-Pla-RRI-IR_FV_per-difusi%C3%B3.pdf\">Plan de Investigaci\u00f3n e Innovaci\u00f3n Responsable (RRI)<\/a><\/li>\n<li>Modificaci\u00f3n del <a href=\"https:\/\/www.recercasantpau.cat\/recerca\/comite-cientific-intern\/\">Comit\u00e9 Cient\u00edfico Interno (CCI)<\/a> y el \u00a0<a href=\"https:\/\/www.recercasantpau.cat\/recerca\/comite-cientific-extern\/\">Comit\u00e9 Cient\u00edfico Externo (CCE)<\/a> para hacerlos paritarios en g\u00e9nero<\/li>\n<li>Implementaci\u00f3n y seguimiento de los principios recogidos en la Carta Europea del Investigador (HSR4R).<\/li>\n<\/ul>\n<ol style=\"text-align: justify;\" start=\"2\">\n<li>\n<h4>\u00c9tica<\/h4>\n<\/li>\n<\/ol>\n<ul style=\"text-align: justify;\">\n<li>Actualizaci\u00f3n del C\u00f3digo de Buenas Pr\u00e1cticas Cient\u00edficas.<\/li>\n<li>Nombramiento del <a href=\"https:\/\/www.recercasantpau.cat\/institut\/iib-sant-pau\/ombudsperson-iib-sant-pau\/\"><em>Ombudsperson<\/em><\/a> del IR-IIB Sant Pau.<\/li>\n<li>Creaci\u00f3n del Comit\u00e9 de Integridad para la Investigaci\u00f3n (CIR).<\/li>\n<li>Redacci\u00f3n y aprobaci\u00f3n del Reglamento del CIR.<\/li>\n<li>Redacci\u00f3n del Procedimiento en casos de sospecha de mala conducta.<\/li>\n<\/ul>\n<ol style=\"text-align: justify;\" start=\"3\">\n<li>\n<h4>Igualdad de g\u00e9nero<\/h4>\n<\/li>\n<\/ol>\n<ul style=\"text-align: justify;\">\n<li>Perspectiva de g\u00e9nero en los equipos y en el contenido de los proyectos (Promoci\u00f3n de acciones para adelantar en los compromisos firmados en la <a href=\"https:\/\/aquas.gencat.cat\/web\/.content\/minisite\/aquas\/ambits\/recerca\/igualtat_genere_hipatia\/carta_compromis_vfinal_EN.pdf\">Carta d&#8217;Hip\u00e0tia d&#8217;Alexandria<\/a>)<\/li>\n<li>Coordinaci\u00f3n del <a href=\"https:\/\/www.santpau.cat\/web\/public\/-\/sant-pau-un-dels-primers-centres-catalans-en-aplicar-la-perspectiva-de-genere-en-la-salut\">GT en Investigaci\u00f3n del CdSiG<\/a> del Hospital de la Santa Creu i Sant Pau<\/li>\n<li>Comit\u00e9 organizador con AQuAS de la <a href=\"https:\/\/www.recercasantpau.cat\/actualitat\/liib-sant-pau-refrenda-la-seva-aposta-per-la-inclusio-de-genere-en-la-recerca-a-la-ii-cimera-de-genere\">II Cimera de g\u00e8nere<\/a><\/li>\n<\/ul>\n<ol style=\"text-align: justify;\" start=\"4\">\n<li>\n<h4>Acceso Abierto (Ciencia Abierta)<\/h4>\n<\/li>\n<\/ol>\n<ul style=\"text-align: justify;\">\n<li>Acceso al <a href=\"https:\/\/ddd.uab.cat\/collection\">Dep\u00f3sito Digital de Datos (DDD)<\/a> de la Universitat Aut\u00f2noma de Barcelona para depositar las publicaciones.<\/li>\n<li>Actualizaci\u00f3n de la Normativa de Filiaci\u00f3n Institucional.<\/li>\n<li>Formaci\u00f3n del personal de soporte a los investigadores en Ciencia Abierta.<\/li>\n<li>Seguimiento del registro de los investigadores a ORCID.<\/li>\n<li>Definici\u00f3n de la Pol\u00edtica de Acceso Abierto IR-Sant Pau.<\/li>\n<\/ul>\n<ol style=\"text-align: justify;\" start=\"5\">\n<li>\n<h4>Participaci\u00f3n ciudadana<\/h4>\n<\/li>\n<\/ol>\n<ul style=\"text-align: justify;\">\n<li><a href=\"https:\/\/www.recercasantpau.cat\/actualitat-llistat\/activitats\/\" target=\"_blank\">Cicle de xerrades als Centres C\u00edvics<\/a><\/li>\n<li><a href=\"https:\/\/ajuntament.barcelona.cat\/centrescivics\/ca\/projecte\/argumenta-bcn-2022\" target=\"_blank\">Argumenta BCN<\/a><\/li>\n<li><a href=\"https:\/\/www.recercasantpau.cat\/actualitat\/tallers-cientifics-i-activitats-familiars-per-la-merce-2022-en-motiu-del-30-aniversari-de-linstitut-de-recerca-de-sant-pau\/\" target=\"_blank\">Jornada portes obertes al Recinte Modernista de Sant Pau<\/a><\/li>\n<li><a href=\"http:\/\/www.santpau.cat\/web\/public\/entredones\" target=\"_blank\">Jornada Entre dones<\/a><\/li>\n<li><a href=\"http:\/\/www.santpau.cat\/ca\/web\/public\/jornada-entre-nosaltres-2021\" target=\"_blank\">Jornada Entre nosaltres<\/a><\/li>\n<li><a href=\"https:\/\/www.residencia-investigadors.es\/ca\/cicles\/dilluns-de-ciencia\/\" target=\"_blank\">Cicle Dilluns de ci\u00e8ncia\u2019 a la Resid\u00e8ncia d\u2019Investigadors<\/a><\/li>\n<li><a href=\"https:\/\/lanitdelarecerca.cat\/\" target=\"_blank\">Nit Europea dels Investigadors<\/a><\/li>\n<li><a href=\"https:\/\/www.ccma.cat\/tv3\/marato\/\" target=\"_blank\">Visites \u201cLa Marat\u00f3\u201d<\/a><\/li>\n<li><a href=\"https:\/\/www.barcelona.cat\/festa-de-la-ciencia\/ca\" target=\"_blank\">Festa de la ci\u00e8ncia de Barcelona<\/a><\/li>\n<li><a href=\"https:\/\/www.recercasantpau.cat\/actualitat\/concert-solidari-sumat-a-la-musicoterapia\/\" target=\"_blank\">Concert solidari: Suma\u2019t a la Musicoter\u00e0pia<\/a><\/li>\n<\/ul>\n<ol style=\"text-align: justify;\" start=\"6\">\n<li>\n<h4>Educaci\u00f3n Cient\u00edfica<\/h4>\n<\/li>\n<\/ol>\n<ul style=\"text-align: justify;\">\n<li><a href=\"https:\/\/escolab.bcn.cat\/\" target=\"_blank\">Tallers cient\u00edfics per a Educaci\u00f3 Secund\u00e0ria: Escolab<\/a><\/li>\n<li><a href=\"https:\/\/lanitdelarecerca.cat\/\" target=\"_blank\">Nit europea dels investigadors \u2013 Escoles<\/a><\/li>\n<li><a href=\"https:\/\/100tifiques.cat\/\" target=\"_blank\">Programa 100t\u00edfiques<\/a><\/li>\n<\/ul>\n<p style=\"text-align: justify;\">Estamos presentes en el entorno digital y fomentamos el debate y la participaci\u00f3n con contenidos de calidad que contribuyen a formar opiniones cr\u00edticas e informadas. Nos pueden seguir en:\u00a0<a href=\"https:\/\/www.instagram.com\/iib_santpau\/\" target=\"_blank\">Instagram<\/a>\u00a0,\u00a0<a href=\"https:\/\/twitter.com\/IIBSantPau\" target=\"_blank\">Twitter<\/a>,\u00a0<a href=\"https:\/\/www.linkedin.com\/company\/iibsantpau\" target=\"_blank\">Linkedin<\/a><\/p>\n","protected":false},"excerpt":{"rendered":"<p>Qu\u00e9\u00a0es la RRI? La Investigaci\u00f3n e Innovaci\u00f3n Responsable (RRI, por sus siglas en ingl\u00e9s) es una estrategia de investigaci\u00f3n promovida y definida por la Uni\u00f3n Europea a trav\u00e9s del programa de Investigaci\u00f3n e Innovaci\u00f3n Horizon 2020 (2014-2020) ahora conocido como Horizon Europe (2021-2027). Se trata de un compromiso colectivo basado en un proceso de trabajo &#8230; <br \/><a class=\"read-more\" href=\"https:\/\/www.recercasantpau.cat\/es\/instituto\/rri-recerca-i-innovacio-responsables\/\">Read More<\/a><\/p>\n","protected":false},"author":10,"featured_media":2820,"parent":2610,"menu_order":3,"comment_status":"closed","ping_status":"closed","template":"template-presentacio.php","meta":{"footnotes":""},"class_list":["post-38610","page","type-page","status-publish","has-post-thumbnail","hentry"],"acf":[],"_links":{"self":[{"href":"https:\/\/www.recercasantpau.cat\/es\/wp-json\/wp\/v2\/pages\/38610","targetHints":{"allow":["GET"]}}],"collection":[{"href":"https:\/\/www.recercasantpau.cat\/es\/wp-json\/wp\/v2\/pages"}],"about":[{"href":"https:\/\/www.recercasantpau.cat\/es\/wp-json\/wp\/v2\/types\/page"}],"author":[{"embeddable":true,"href":"https:\/\/www.recercasantpau.cat\/es\/wp-json\/wp\/v2\/users\/10"}],"replies":[{"embeddable":true,"href":"https:\/\/www.recercasantpau.cat\/es\/wp-json\/wp\/v2\/comments?post=38610"}],"version-history":[{"count":8,"href":"https:\/\/www.recercasantpau.cat\/es\/wp-json\/wp\/v2\/pages\/38610\/revisions"}],"predecessor-version":[{"id":38628,"href":"https:\/\/www.recercasantpau.cat\/es\/wp-json\/wp\/v2\/pages\/38610\/revisions\/38628"}],"up":[{"embeddable":true,"href":"https:\/\/www.recercasantpau.cat\/es\/wp-json\/wp\/v2\/pages\/2610"}],"wp:featuredmedia":[{"embeddable":true,"href":"https:\/\/www.recercasantpau.cat\/es\/wp-json\/wp\/v2\/media\/2820"}],"wp:attachment":[{"href":"https:\/\/www.recercasantpau.cat\/es\/wp-json\/wp\/v2\/media?parent=38610"}],"curies":[{"name":"wp","href":"https:\/\/api.w.org\/{rel}","templated":true}]}}