{"id":3987,"date":"2016-01-20T12:23:43","date_gmt":"2016-01-20T11:23:43","guid":{"rendered":"http:\/\/newwebir.recercasantpau.cat\/es\/servicios-de-apoyo\/unitat-de-qualitat-i-sistemes-dinformacio\/"},"modified":"2024-09-27T08:34:13","modified_gmt":"2024-09-27T06:34:13","slug":"unidad-de-gestion-del-conocimiento","status":"publish","type":"page","link":"https:\/\/www.recercasantpau.cat\/es\/servicios-de-apoyo\/unidad-de-gestion-del-conocimiento\/","title":{"rendered":"Unidad de Gesti\u00f3n del Conocimiento"},"content":{"rendered":"<h3>Responsable<\/h3>\n<p>Montse Campmany &#8211; Tel.\u00a0682 247 269 &#8211; ext. interna 30164 &#8211;\u00a0<a href=\"mailto:mcampmany@santpau.cat\">mcampmany@santpau.cat<\/a><\/p>\n<h3>Equipo<\/h3>\n<p>Cati P\u00e9rez &#8211; Tel. 689 702 579 \/ ext. interna 30167 &#8211;\u00a0<a href=\"mailto:cperezr@santpau.cat\">cperezr@santpau.cat<\/a><br \/>\nAlmu Borrego &#8211; Tel. 686 858 547 \/ ext. interna 39666 &#8211; <a href=\"mailto:nmilanl@santpau.cat\">aborregoc@santpau.cat<\/a><\/p>\n<p>Tambi\u00e9n puedes contactar con nosotras en:\u00a0<a href=\"mailto:IR_GestioConeixement@santpau.cat\">IR_GestioConeixement@santpau.cat<\/a><\/p>\n<h4><span style=\"color: #008080;\"><strong>Servicios ofrecidos al personal investigador IR Sant Pau<\/strong><\/span><\/h4>\n<ul>\n<li>Grupos de investigaci\u00f3n. Te ayudamos a mantener actualizada la informaci\u00f3n del <strong><span style=\"color: #808080;\">personal de tu grupo<\/span><\/strong> y su <span style=\"color: #808080;\"><strong>producci\u00f3n cient\u00edfica<\/strong><\/span> haciendo seguimiento peri\u00f3dico y d\u00e1ndole <span style=\"color: #808080;\"><strong>visibilidad<\/strong><\/span> en la web institucional y en el <a href=\"https:\/\/portalrecerca.csuc.cat\/08070763\" target=\"_blank\" rel=\"noopener\">Portal de la Recerca de Catalunya<\/a>.<\/li>\n<li>Publicaciones cient\u00edficas. Te asesoramos en la creaci\u00f3n de tu <span style=\"color: #808080;\"><strong>identificaci\u00f3n<\/strong><\/span> digital de <span style=\"color: #808080;\"><strong>autor<\/strong><\/span> y en el registro, te ponemos al d\u00eda de la normativa de <strong><span style=\"color: #808080;\"><a style=\"color: #808080;\" href=\"https:\/\/www.recercasantpau.cat\/wp-content\/uploads\/2016\/04\/Normativa_Filiaci\u00f3_IR_SANTPAU.pdf\">afiliaci\u00f3n institucional<\/a><\/span><\/strong> i te orientamos en la elecci\u00f3n de las <span style=\"color: #808080;\"><strong>revistas<\/strong> <\/span>donde puedes publicar tu investigaci\u00f3n.<\/li>\n<li><span style=\"color: #808080;\"><strong>Acceso abierto<\/strong><\/span>. Te acompa\u00f1amos en el uso del Dip\u00f2sit Digital de Documents y las licencias Creative Commons y en la protecci\u00f3n de los derechos de autor y la propiedad intelectual.<\/li>\n<li><span style=\"color: #808080;\"><strong>Datos de investigaci\u00f3n<\/strong><\/span>. Te damos soporte en el uso del CORA.eiNa DMP para elaborar el plan de gesti\u00f3n de datos y te orientamos para que deposites los datos de investigaci\u00f3n en un repositorio abierto.<\/li>\n<li>Formaci\u00f3n. Ponemos a tu disposici\u00f3n <span style=\"color: #808080;\"><strong>recursos y recomendaciones<\/strong><\/span> para que puedas dar cumplimiento a los principios de la <span style=\"color: #808080;\"><strong>ciencia abierta<\/strong><\/span>.<\/li>\n<\/ul>\n<p>&nbsp;<\/p>\n<h4><span style=\"color: #008080;\">OBJETIVO DE LA UNIDAD<\/span><\/h4>\n<p>Trabajar hacia la excelencia en la gesti\u00f3n de la informaci\u00f3n cient\u00edfica institucional, cumpliendo con la normativa establecida, para contribuir en el desarrollo de la investigaci\u00f3n biom\u00e9dica y la mejora de la salud y el bienestar de la sociedad.<\/p>\n<p>&nbsp;<\/p>\n<h4><span style=\"color: #008080;\">FUNCIONES<\/span><\/h4>\n<ul>\n<li>Garantizar la correcta recogida de informaci\u00f3n, el c\u00e1lculo de indicadores de seguimiento de la actividad cient\u00edfica institucional y su publicaci\u00f3n para facilitar la toma de decisiones estrat\u00e9gicas.<\/li>\n<li>Dar respuesta a los requerimientos de informaci\u00f3n de los organismos oficiales y a los de la propia instituci\u00f3n.<\/li>\n<li>Asesorar al personal investigador sobre indicadores bibliom\u00e9tricos, pol\u00edticas editoriales i cualquier tema relacionado con la publicaci\u00f3n en revistas cient\u00edficas.<\/li>\n<li>Promover la ciencia abierta en el \u00e1mbito de la publicaci\u00f3n en acceso abierto y la gesti\u00f3n de datos de investigaci\u00f3n.<\/li>\n<li>Impulsar y participar en la implementaci\u00f3n y revisi\u00f3n de pol\u00edticas, estrategias y acciones que permitan la mejora constante de los procedimientos en nuestro \u00e1mbito de trabajo.<\/li>\n<li>Promover la formaci\u00f3n y actualizaci\u00f3n competencial del personal de nuestra unidad para dar un servicio de calidad a la comunidad cient\u00edfica.<\/li>\n<\/ul>\n","protected":false},"excerpt":{"rendered":"<p>Responsable Montse Campmany &#8211; Tel.\u00a0682 247 269 &#8211; ext. interna 30164 &#8211;\u00a0mcampmany@santpau.cat Equipo Cati P\u00e9rez &#8211; Tel. 689 702 579 \/ ext. interna 30167 &#8211;\u00a0cperezr@santpau.cat Almu Borrego &#8211; Tel. 686 858 547 \/ ext. interna 39666 &#8211; aborregoc@santpau.cat Tambi\u00e9n puedes contactar con nosotras en:\u00a0IR_GestioConeixement@santpau.cat Servicios ofrecidos al personal investigador IR Sant Pau Grupos de investigaci\u00f3n. &#8230; <br \/><a class=\"read-more\" href=\"https:\/\/www.recercasantpau.cat\/es\/servicios-de-apoyo\/unidad-de-gestion-del-conocimiento\/\">Read More<\/a><\/p>\n","protected":false},"author":1,"featured_media":3581,"parent":2529,"menu_order":0,"comment_status":"closed","ping_status":"closed","template":"template-serveis.php","meta":{"footnotes":""},"class_list":["post-3987","page","type-page","status-publish","has-post-thumbnail","hentry"],"acf":[],"_links":{"self":[{"href":"https:\/\/www.recercasantpau.cat\/es\/wp-json\/wp\/v2\/pages\/3987","targetHints":{"allow":["GET"]}}],"collection":[{"href":"https:\/\/www.recercasantpau.cat\/es\/wp-json\/wp\/v2\/pages"}],"about":[{"href":"https:\/\/www.recercasantpau.cat\/es\/wp-json\/wp\/v2\/types\/page"}],"author":[{"embeddable":true,"href":"https:\/\/www.recercasantpau.cat\/es\/wp-json\/wp\/v2\/users\/1"}],"replies":[{"embeddable":true,"href":"https:\/\/www.recercasantpau.cat\/es\/wp-json\/wp\/v2\/comments?post=3987"}],"version-history":[{"count":37,"href":"https:\/\/www.recercasantpau.cat\/es\/wp-json\/wp\/v2\/pages\/3987\/revisions"}],"predecessor-version":[{"id":51488,"href":"https:\/\/www.recercasantpau.cat\/es\/wp-json\/wp\/v2\/pages\/3987\/revisions\/51488"}],"up":[{"embeddable":true,"href":"https:\/\/www.recercasantpau.cat\/es\/wp-json\/wp\/v2\/pages\/2529"}],"wp:featuredmedia":[{"embeddable":true,"href":"https:\/\/www.recercasantpau.cat\/es\/wp-json\/wp\/v2\/media\/3581"}],"wp:attachment":[{"href":"https:\/\/www.recercasantpau.cat\/es\/wp-json\/wp\/v2\/media?parent=3987"}],"curies":[{"name":"wp","href":"https:\/\/api.w.org\/{rel}","templated":true}]}}