{"id":4019,"date":"2016-01-20T12:15:47","date_gmt":"2016-01-20T12:15:47","guid":{"rendered":"http:\/\/newwebir.recercasantpau.cat\/es\/investigacion-clinica\/digestepiclin\/"},"modified":"2018-05-23T13:39:11","modified_gmt":"2018-05-23T13:39:11","slug":"clinapsis","status":"publish","type":"page","link":"https:\/\/www.recercasantpau.cat\/es\/investigacion-clinica\/clinapsis\/","title":{"rendered":"CLINAPSIS"},"content":{"rendered":"<p><a href=\"http:\/\/www.clinapsis.com\/santpau\" target=\"_blank\" rel=\"noopener\"><img loading=\"lazy\" decoding=\"async\" class=\"no-border alignleft wp-image-7543\" src=\"https:\/\/www.recercasantpau.cat\/wp-content\/uploads\/2016\/01\/tama\u00f1o-web-logo-clinapsis-CAS.png\" alt=\"tama\u00f1o web logo clinapsis CAS\" width=\"275\" height=\"86\" \/><\/a><\/p>\n<p style=\"text-align: justify;\"><strong><a href=\"http:\/\/www.clinapsis.com\/santpau\">Clinapsis<\/a><\/strong>\u00a0es un aplicativo pensado para ayudar al dise\u00f1o y la gesti\u00f3n de estudios epidemiol\u00f3gicos y cl\u00ednicos.<\/p>\n<p>&nbsp;<\/p>\n<p>Sus\u00a0principales funciones son:<\/p>\n<ul>\n<li style=\"text-align: justify;\">Ayudar a dise\u00f1ar y gestionar cada estudio en funci\u00f3n de sus requerimientos espec\u00edficos: ensayos cl\u00ednicos, estudios observacionales, etc., tanto de car\u00e1cter unic\u00e9ntrico como multic\u00e9ntrico.<\/li>\n<li style=\"text-align: justify;\">Facilitar el seguimiento y gesti\u00f3n de los estudios a los responsables de los grupos de investigaci\u00f3n o de la instituci\u00f3n.<\/li>\n<li style=\"text-align: justify;\">Asignar los respectivos roles que cada persona con acceso al aplicativo tendr\u00e1 en cada uno de sus estudios.<\/li>\n<li style=\"text-align: justify;\">Facilitar la elaboraci\u00f3n de cuestionarios de recogida de datos, aprovechando otros existentes pero con plena flexibilidad para modificarlos.<\/li>\n<li style=\"text-align: justify;\">Favorecer la introducci\u00f3n precisa de datos (y por duplicado si se desea) reduciendo o detectando los posibles errores.<\/li>\n<li style=\"text-align: justify;\">Monitorear el desarrollo del estudio y contribuir a una mejor planificaci\u00f3n y documentaci\u00f3n del mismo.<\/li>\n<li style=\"text-align: justify;\">Exportar f\u00e1cilmente los datos para ser explotados externamente a trav\u00e9s de alg\u00fan programa estad\u00edstico o gr\u00e1fico.<\/li>\n<li style=\"text-align: justify;\">Garantizar el cumplimiento de la ley de protecci\u00f3n de datos.<\/li>\n<\/ul>\n<p>&nbsp;<\/p>\n<p>Para m\u00e1s informaci\u00f3n os pod\u00e9is dirigir\u00a0a:<\/p>\n<p><strong>Epidemiolog\u00eda Cl\u00ednica y Servicios Sanitarios<\/strong><\/p>\n<p><a href=\"mailto:clinapsis@clinapsis.com\">clinapsis@clinapsis.com<\/a><\/p>\n<p>Tel. 93 553\u00a07808 \/ 7814<\/p>\n<p>&nbsp;<\/p>\n<p>Plataforma financiada por el Programa de Mejora de Infraestructuras de los Institutos de Investigaci\u00f3n Sanitaria (PROMIS) del Instituto de Salud Carlos III. PROMIS12\/00001.<\/p>\n<p>&nbsp;<\/p>\n","protected":false},"excerpt":{"rendered":"<p>Clinapsis\u00a0es un aplicativo pensado para ayudar al dise\u00f1o y la gesti\u00f3n de estudios epidemiol\u00f3gicos y cl\u00ednicos. &nbsp; Sus\u00a0principales funciones son: Ayudar a dise\u00f1ar y gestionar cada estudio en funci\u00f3n de sus requerimientos espec\u00edficos: ensayos cl\u00ednicos, estudios observacionales, etc., tanto de car\u00e1cter unic\u00e9ntrico como multic\u00e9ntrico. Facilitar el seguimiento y gesti\u00f3n de los estudios a los responsables &#8230; <br \/><a class=\"read-more\" href=\"https:\/\/www.recercasantpau.cat\/es\/investigacion-clinica\/clinapsis\/\">Read More<\/a><\/p>\n","protected":false},"author":1,"featured_media":3423,"parent":2634,"menu_order":0,"comment_status":"closed","ping_status":"closed","template":"template-presentacio.php","meta":{"footnotes":""},"class_list":["post-4019","page","type-page","status-publish","has-post-thumbnail","hentry"],"acf":[],"_links":{"self":[{"href":"https:\/\/www.recercasantpau.cat\/es\/wp-json\/wp\/v2\/pages\/4019","targetHints":{"allow":["GET"]}}],"collection":[{"href":"https:\/\/www.recercasantpau.cat\/es\/wp-json\/wp\/v2\/pages"}],"about":[{"href":"https:\/\/www.recercasantpau.cat\/es\/wp-json\/wp\/v2\/types\/page"}],"author":[{"embeddable":true,"href":"https:\/\/www.recercasantpau.cat\/es\/wp-json\/wp\/v2\/users\/1"}],"replies":[{"embeddable":true,"href":"https:\/\/www.recercasantpau.cat\/es\/wp-json\/wp\/v2\/comments?post=4019"}],"version-history":[{"count":8,"href":"https:\/\/www.recercasantpau.cat\/es\/wp-json\/wp\/v2\/pages\/4019\/revisions"}],"predecessor-version":[{"id":7551,"href":"https:\/\/www.recercasantpau.cat\/es\/wp-json\/wp\/v2\/pages\/4019\/revisions\/7551"}],"up":[{"embeddable":true,"href":"https:\/\/www.recercasantpau.cat\/es\/wp-json\/wp\/v2\/pages\/2634"}],"wp:featuredmedia":[{"embeddable":true,"href":"https:\/\/www.recercasantpau.cat\/es\/wp-json\/wp\/v2\/media\/3423"}],"wp:attachment":[{"href":"https:\/\/www.recercasantpau.cat\/es\/wp-json\/wp\/v2\/media?parent=4019"}],"curies":[{"name":"wp","href":"https:\/\/api.w.org\/{rel}","templated":true}]}}