{"id":4047,"date":"2016-01-20T12:10:41","date_gmt":"2016-01-20T11:10:41","guid":{"rendered":"http:\/\/newwebir.recercasantpau.cat\/es\/formacio\/"},"modified":"2026-02-04T14:58:31","modified_gmt":"2026-02-04T13:58:31","slug":"formacion","status":"publish","type":"page","link":"https:\/\/www.recercasantpau.cat\/es\/instituto\/recursos-humanos\/formacion\/","title":{"rendered":"Formaci\u00f3n"},"content":{"rendered":"<p style=\"text-align: justify;\">La formaci\u00f3n continuada en el Institut de Recerca juega un papel importante. Favorece el desarrollo de las competencias profesionales y personales de los empleados contribuyendo de esta manera al logro de los objetivos organizacionales. Permite la adaptaci\u00f3n de las personas a sus lugares de trabajo, facilitando de esta manera los procesos de cambio.<\/p>\n<p style=\"text-align: justify;\">La comisi\u00f3n de formaci\u00f3n, a traves de la unidad de formaci\u00f3n de Sant Pau,\u00a0 se encarga de garantizar el modelo que desarrollamos en el Institut de Recerca\u00a0que es un modelo integral dirigido a todos los colectivos. Los miembros de la comisi\u00f3n son: Silvia Molina, M\u00f3nica Pescador, Silvia Ribas, M\u00f3nica Velasco.<\/p>\n<p><strong>Consulta la memoria completa a clicando <a href=\"https:\/\/www.recercasantpau.cat\/wp-content\/uploads\/2025\/02\/Memoria-Formacio-2024.pdf\">aqu\u00ed.<\/a><\/strong><\/p>\n<p><strong>Consulta la memoria completa a clicando <a href=\"https:\/\/www.recercasantpau.cat\/wp-content\/uploads\/2026\/02\/Memoria-formacio-2025.pdf\">aqu\u00ed.<\/a><\/strong><\/p>\n<h4>Consulta el plan anual de formaci\u00f3n 2025 clicando <a href=\"https:\/\/www.recercasantpau.cat\/wp-content\/uploads\/2025\/02\/PAF-2025.pdf\" target=\"_blank\" rel=\"noopener\">aqu\u00ed.<\/a><\/h4>\n<h4 style=\"text-align: justify;\"><\/h4>\n","protected":false},"excerpt":{"rendered":"<p>La formaci\u00f3n continuada en el Institut de Recerca juega un papel importante. Favorece el desarrollo de las competencias profesionales y personales de los empleados contribuyendo de esta manera al logro de los objetivos organizacionales. Permite la adaptaci\u00f3n de las personas a sus lugares de trabajo, facilitando de esta manera los procesos de cambio. La comisi\u00f3n &#8230; <br \/><a class=\"read-more\" href=\"https:\/\/www.recercasantpau.cat\/es\/instituto\/recursos-humanos\/formacion\/\">Read More<\/a><\/p>\n","protected":false},"author":1,"featured_media":3555,"parent":4059,"menu_order":0,"comment_status":"closed","ping_status":"closed","template":"template-iib-recursos-humans.php","meta":{"footnotes":""},"class_list":["post-4047","page","type-page","status-publish","has-post-thumbnail","hentry"],"acf":[],"_links":{"self":[{"href":"https:\/\/www.recercasantpau.cat\/es\/wp-json\/wp\/v2\/pages\/4047","targetHints":{"allow":["GET"]}}],"collection":[{"href":"https:\/\/www.recercasantpau.cat\/es\/wp-json\/wp\/v2\/pages"}],"about":[{"href":"https:\/\/www.recercasantpau.cat\/es\/wp-json\/wp\/v2\/types\/page"}],"author":[{"embeddable":true,"href":"https:\/\/www.recercasantpau.cat\/es\/wp-json\/wp\/v2\/users\/1"}],"replies":[{"embeddable":true,"href":"https:\/\/www.recercasantpau.cat\/es\/wp-json\/wp\/v2\/comments?post=4047"}],"version-history":[{"count":18,"href":"https:\/\/www.recercasantpau.cat\/es\/wp-json\/wp\/v2\/pages\/4047\/revisions"}],"predecessor-version":[{"id":60941,"href":"https:\/\/www.recercasantpau.cat\/es\/wp-json\/wp\/v2\/pages\/4047\/revisions\/60941"}],"up":[{"embeddable":true,"href":"https:\/\/www.recercasantpau.cat\/es\/wp-json\/wp\/v2\/pages\/4059"}],"wp:featuredmedia":[{"embeddable":true,"href":"https:\/\/www.recercasantpau.cat\/es\/wp-json\/wp\/v2\/media\/3555"}],"wp:attachment":[{"href":"https:\/\/www.recercasantpau.cat\/es\/wp-json\/wp\/v2\/media?parent=4047"}],"curies":[{"name":"wp","href":"https:\/\/api.w.org\/{rel}","templated":true}]}}