{"id":4052,"date":"2016-01-20T12:10:10","date_gmt":"2016-01-20T11:10:10","guid":{"rendered":"http:\/\/newwebir.recercasantpau.cat\/es\/dades-de-la-plantilla\/"},"modified":"2025-03-12T13:03:09","modified_gmt":"2025-03-12T12:03:09","slug":"datos-de-la-plantilla","status":"publish","type":"page","link":"https:\/\/www.recercasantpau.cat\/es\/instituto\/recursos-humanos\/datos-de-la-plantilla\/","title":{"rendered":"Datos de la plantilla"},"content":{"rendered":"<p style=\"text-align: justify;\">Los datos de personal se muestran desglosadas por categor\u00eda profesional, por sexo y por tipo de contrato. Para m\u00e1s informaci\u00f3n, se puede acceder al Banc de Dades d&#8217;Ocupaci\u00f3 P\u00fablica de la Generalitat de Catalunya (<a href=\"http:\/\/analisiocupaciopublica.gencat.cat\/\" target=\"_blank\" rel=\"noopener\">analisiocupaciopublica.gencat.cat<\/a>)<\/p>\n<p style=\"text-align: justify;\">Pod\u00e9is descargar a continuaci\u00f3n los datos de personal correspondientes a los ejercicios <strong>2014, 2015, 2016, 2017, 2018, 2019, 2020, 2021, 2022 i 2023<\/strong>:<\/p>\n<ul>\n<li style=\"text-align: justify;\"><a href=\"https:\/\/www.recercasantpau.cat\/wp-content\/uploads\/2025\/02\/UNEIX-ContractatsIR-2014-2023-1.pdf\" target=\"_blank\" rel=\"noopener\">Datos de la plantilla<\/a><\/li>\n<\/ul>\n<p>Pod\u00e9is descargar la <strong>informaci\u00f3n general sobre las retribuciones, indemnizaciones y dietas percibidas por los empleados p\u00fablicos<\/strong>, agrupada en funci\u00f3n de los niveles y los cuerpos:<\/p>\n<ul>\n<li><a href=\"https:\/\/www.recercasantpau.cat\/wp-content\/uploads\/2025\/03\/Datos-del-2018-al-2024_completo.pdf\">Indemnizacions 2018 al 2024<\/a><\/li>\n<\/ul>\n<h3>Representaci\u00f3n sindical<\/h3>\n<p>El Institut de Recerca NO dispone de liberados\u00a0sindicales.<\/p>\n<p>El Institut de Recerca cuenta, sin embargo, con un comit\u00e9\u00a0de empresa. Su direcci\u00f3n de contacto para cualquier\u00a0consulta es <a href=\"mailto:CEIR@santpau.cat\">CEIR@santpau.cat<\/a>.<\/p>\n","protected":false},"excerpt":{"rendered":"<p>Los datos de personal se muestran desglosadas por categor\u00eda profesional, por sexo y por tipo de contrato. Para m\u00e1s informaci\u00f3n, se puede acceder al Banc de Dades d&#8217;Ocupaci\u00f3 P\u00fablica de la Generalitat de Catalunya (analisiocupaciopublica.gencat.cat) Pod\u00e9is descargar a continuaci\u00f3n los datos de personal correspondientes a los ejercicios 2014, 2015, 2016, 2017, 2018, 2019, 2020, 2021, &#8230; <br \/><a class=\"read-more\" href=\"https:\/\/www.recercasantpau.cat\/es\/instituto\/recursos-humanos\/datos-de-la-plantilla\/\">Read More<\/a><\/p>\n","protected":false},"author":1,"featured_media":3555,"parent":4059,"menu_order":0,"comment_status":"closed","ping_status":"closed","template":"template-linstitut-presentacio.php","meta":{"footnotes":""},"class_list":["post-4052","page","type-page","status-publish","has-post-thumbnail","hentry"],"acf":[],"_links":{"self":[{"href":"https:\/\/www.recercasantpau.cat\/es\/wp-json\/wp\/v2\/pages\/4052","targetHints":{"allow":["GET"]}}],"collection":[{"href":"https:\/\/www.recercasantpau.cat\/es\/wp-json\/wp\/v2\/pages"}],"about":[{"href":"https:\/\/www.recercasantpau.cat\/es\/wp-json\/wp\/v2\/types\/page"}],"author":[{"embeddable":true,"href":"https:\/\/www.recercasantpau.cat\/es\/wp-json\/wp\/v2\/users\/1"}],"replies":[{"embeddable":true,"href":"https:\/\/www.recercasantpau.cat\/es\/wp-json\/wp\/v2\/comments?post=4052"}],"version-history":[{"count":35,"href":"https:\/\/www.recercasantpau.cat\/es\/wp-json\/wp\/v2\/pages\/4052\/revisions"}],"predecessor-version":[{"id":54440,"href":"https:\/\/www.recercasantpau.cat\/es\/wp-json\/wp\/v2\/pages\/4052\/revisions\/54440"}],"up":[{"embeddable":true,"href":"https:\/\/www.recercasantpau.cat\/es\/wp-json\/wp\/v2\/pages\/4059"}],"wp:featuredmedia":[{"embeddable":true,"href":"https:\/\/www.recercasantpau.cat\/es\/wp-json\/wp\/v2\/media\/3555"}],"wp:attachment":[{"href":"https:\/\/www.recercasantpau.cat\/es\/wp-json\/wp\/v2\/media?parent=4052"}],"curies":[{"name":"wp","href":"https:\/\/api.w.org\/{rel}","templated":true}]}}