{"id":4898,"date":"2016-01-20T12:22:45","date_gmt":"2016-01-20T12:22:45","guid":{"rendered":"http:\/\/newwebir.recercasantpau.cat\/es\/serveis-de-suport\/area-de-gestio\/"},"modified":"2022-05-05T14:38:55","modified_gmt":"2022-05-05T12:38:55","slug":"area-de-gestion","status":"publish","type":"page","link":"https:\/\/www.recercasantpau.cat\/es\/servicios-de-apoyo\/area-de-gestion\/","title":{"rendered":"Unidad de Finanzas"},"content":{"rendered":"<h3>Coordinador<\/h3>\n<p>Laura San Martin<br \/>\n<a href=\"mailto:lsanmartins@santpau.cat\" target=\"_blank\">lsanmartins@santpau.cat<\/a><\/p>\n<h3><\/h3>\n<h4><\/h4>\n<h3>Equipo<\/h3>\n<p><strong>Contabilitat<\/strong><\/p>\n<p>Soraya Gonz\u00e1lez<br \/>\nAnna Espallargas<\/p>\n<p><strong>Ingresos y Tesoreria<\/strong><\/p>\n<p>Sandra Parera<br \/>\nEsther Andr\u00e9s<br \/>\nN\u00faria Vanaclocha<br \/>\nN\u00faria Garc\u00eda<\/p>\n<p><strong>Gastos y compras<\/strong><\/p>\n<p>Lorena Bustamante<br \/>\nH\u00e9ctor S\u00e1nchez<br \/>\nMeritxell Criado<br \/>\nSara Diaz<br \/>\nGrace Careaga<\/p>\n<h3 style=\"text-align: justify;\"><\/h3>\n<p><strong>Funciones<\/strong><\/p>\n<p>En dependencia del \u00e1rea de Gerencia la Unidad de Finanzas se encarga de la tesorer\u00eda institucional y de la gesti\u00f3n financiera y contable del instituto. As\u00ed como, de la gesti\u00f3n de ingresos propios y gastos y de su registro contable.<br \/>\nLa unidad apoya a los grupos de investigaci\u00f3n en el seguimiento y control econ\u00f3mico de sus proyectos.<\/p>\n","protected":false},"excerpt":{"rendered":"<p>Coordinador Laura San Martin lsanmartins@santpau.cat Equipo Contabilitat Soraya Gonz\u00e1lez Anna Espallargas Ingresos y Tesoreria Sandra Parera Esther Andr\u00e9s N\u00faria Vanaclocha N\u00faria Garc\u00eda Gastos y compras Lorena Bustamante H\u00e9ctor S\u00e1nchez Meritxell Criado Sara Diaz Grace Careaga Funciones En dependencia del \u00e1rea de Gerencia la Unidad de Finanzas se encarga de la tesorer\u00eda institucional y de la &#8230; <br \/><a class=\"read-more\" href=\"https:\/\/www.recercasantpau.cat\/es\/servicios-de-apoyo\/area-de-gestion\/\">Read More<\/a><\/p>\n","protected":false},"author":1,"featured_media":3581,"parent":2529,"menu_order":0,"comment_status":"closed","ping_status":"closed","template":"template-serveis.php","meta":{"footnotes":""},"class_list":["post-4898","page","type-page","status-publish","has-post-thumbnail","hentry"],"acf":[],"_links":{"self":[{"href":"https:\/\/www.recercasantpau.cat\/es\/wp-json\/wp\/v2\/pages\/4898","targetHints":{"allow":["GET"]}}],"collection":[{"href":"https:\/\/www.recercasantpau.cat\/es\/wp-json\/wp\/v2\/pages"}],"about":[{"href":"https:\/\/www.recercasantpau.cat\/es\/wp-json\/wp\/v2\/types\/page"}],"author":[{"embeddable":true,"href":"https:\/\/www.recercasantpau.cat\/es\/wp-json\/wp\/v2\/users\/1"}],"replies":[{"embeddable":true,"href":"https:\/\/www.recercasantpau.cat\/es\/wp-json\/wp\/v2\/comments?post=4898"}],"version-history":[{"count":19,"href":"https:\/\/www.recercasantpau.cat\/es\/wp-json\/wp\/v2\/pages\/4898\/revisions"}],"predecessor-version":[{"id":32563,"href":"https:\/\/www.recercasantpau.cat\/es\/wp-json\/wp\/v2\/pages\/4898\/revisions\/32563"}],"up":[{"embeddable":true,"href":"https:\/\/www.recercasantpau.cat\/es\/wp-json\/wp\/v2\/pages\/2529"}],"wp:featuredmedia":[{"embeddable":true,"href":"https:\/\/www.recercasantpau.cat\/es\/wp-json\/wp\/v2\/media\/3581"}],"wp:attachment":[{"href":"https:\/\/www.recercasantpau.cat\/es\/wp-json\/wp\/v2\/media?parent=4898"}],"curies":[{"name":"wp","href":"https:\/\/api.w.org\/{rel}","templated":true}]}}