{"id":48998,"date":"2024-05-23T12:45:04","date_gmt":"2024-05-23T10:45:04","guid":{"rendered":"https:\/\/www.recercasantpau.cat\/?page_id=48998"},"modified":"2025-12-01T09:39:16","modified_gmt":"2025-12-01T08:39:16","slug":"unidad-de-proyectos-internacionales","status":"publish","type":"page","link":"https:\/\/www.recercasantpau.cat\/es\/servicios-de-apoyo\/unidad-de-proyectos-internacionales\/","title":{"rendered":"Unidad de Proyectos Internacionales"},"content":{"rendered":"<p>La Unidad de Proyectos Internacionales se cre\u00f3 en febrero de 2021. Desde entonces, se ha consolidado como la unidad de apoyo a los Proyectos Internacionales Competitivos, tanto en la fase de preconcesi\u00f3n como en la de postconcesi\u00f3n.<\/p>\n<p>En la fase previa a la concesi\u00f3n, nuestras tareas incluyen la b\u00fasqueda y difusi\u00f3n de nuevas oportunidades de financiaci\u00f3n competitiva, siendo el enlace entre los investigadores y las agencias de financiaci\u00f3n y los puntos de contacto nacionales. Y, por supuesto, la tarea m\u00e1s importante es proporcionar apoyo de alta calidad a los investigadores en la preparaci\u00f3n de nuevas financiaciones competitivas en todas las fases de la propuesta, desde el dise\u00f1o del proyecto, la creaci\u00f3n de consorcios, la estimaci\u00f3n del presupuesto y la revisi\u00f3n de la propuesta.<\/p>\n<p>Adem\u00e1s, tambi\u00e9n facilitamos la creaci\u00f3n de redes para encontrar propuestas de proyectos y socios, participamos en foros internacionales de investigaci\u00f3n, redes y \u00f3rganos de decisi\u00f3n y organizamos sesiones de formaci\u00f3n para la comunidad cient\u00edfica.<\/p>\n<p>En la fase posterior a la concesi\u00f3n, nuestras tareas incluyen la gesti\u00f3n de la cartera de proyectos competitivos activos, el apoyo en la formalizaci\u00f3n de acuerdos de concesi\u00f3n, la realizaci\u00f3n de la gesti\u00f3n financiera de los proyectos, la presentaci\u00f3n de informes financieros y la preparaci\u00f3n de auditor\u00edas cuando sea necesario.<\/p>\n<h4><span style=\"color: #808080;\">Objetivos principales<\/span><\/h4>\n<ul>\n<li>Identificar y promover nuevas oportunidades de investigaci\u00f3n y optimizarlas a trav\u00e9s de un plan personalizado y profesionalizado.<\/li>\n<li>Aumentar el n\u00famero de proyectos competitivos internacionales concedidos.<\/li>\n<li>Aumentar la internacionalizaci\u00f3n de IR Sant Pau y promover el networking.<\/li>\n<\/ul>\n<p>&nbsp;<\/p>\n<p><span style=\"color: #000000;\"><strong><span style=\"color: #808080;\">Responsable de la Unidad de Proyectos Internacionales<\/span><\/strong><br \/>\n<\/span>Noem\u00ed Carranza, PhD.<\/p>\n<p><strong><span style=\"color: #808080;\">Equipo<br \/>\n<\/span><\/strong>Daisy Guzm\u00e1n, PhD.<\/p>\n<p>Martin Gebhardt<\/p>\n<p>Neus Bota<\/p>\n<p>&nbsp;<\/p>\n","protected":false},"excerpt":{"rendered":"<p>La Unidad de Proyectos Internacionales se cre\u00f3 en febrero de 2021. Desde entonces, se ha consolidado como la unidad de apoyo a los Proyectos Internacionales Competitivos, tanto en la fase de preconcesi\u00f3n como en la de postconcesi\u00f3n. En la fase previa a la concesi\u00f3n, nuestras tareas incluyen la b\u00fasqueda y difusi\u00f3n de nuevas oportunidades de &#8230; <br \/><a class=\"read-more\" href=\"https:\/\/www.recercasantpau.cat\/es\/servicios-de-apoyo\/unidad-de-proyectos-internacionales\/\">Read More<\/a><\/p>\n","protected":false},"author":10,"featured_media":3581,"parent":2529,"menu_order":0,"comment_status":"closed","ping_status":"closed","template":"template-serveis-sidebar.php","meta":{"footnotes":""},"class_list":["post-48998","page","type-page","status-publish","has-post-thumbnail","hentry"],"acf":[],"_links":{"self":[{"href":"https:\/\/www.recercasantpau.cat\/es\/wp-json\/wp\/v2\/pages\/48998","targetHints":{"allow":["GET"]}}],"collection":[{"href":"https:\/\/www.recercasantpau.cat\/es\/wp-json\/wp\/v2\/pages"}],"about":[{"href":"https:\/\/www.recercasantpau.cat\/es\/wp-json\/wp\/v2\/types\/page"}],"author":[{"embeddable":true,"href":"https:\/\/www.recercasantpau.cat\/es\/wp-json\/wp\/v2\/users\/10"}],"replies":[{"embeddable":true,"href":"https:\/\/www.recercasantpau.cat\/es\/wp-json\/wp\/v2\/comments?post=48998"}],"version-history":[{"count":12,"href":"https:\/\/www.recercasantpau.cat\/es\/wp-json\/wp\/v2\/pages\/48998\/revisions"}],"predecessor-version":[{"id":59303,"href":"https:\/\/www.recercasantpau.cat\/es\/wp-json\/wp\/v2\/pages\/48998\/revisions\/59303"}],"up":[{"embeddable":true,"href":"https:\/\/www.recercasantpau.cat\/es\/wp-json\/wp\/v2\/pages\/2529"}],"wp:featuredmedia":[{"embeddable":true,"href":"https:\/\/www.recercasantpau.cat\/es\/wp-json\/wp\/v2\/media\/3581"}],"wp:attachment":[{"href":"https:\/\/www.recercasantpau.cat\/es\/wp-json\/wp\/v2\/media?parent=48998"}],"curies":[{"name":"wp","href":"https:\/\/api.w.org\/{rel}","templated":true}]}}