{"id":55553,"date":"2025-05-20T14:41:57","date_gmt":"2025-05-20T12:41:57","guid":{"rendered":"https:\/\/www.recercasantpau.cat\/instituto\/pla-estrategic\/"},"modified":"2025-12-12T15:06:15","modified_gmt":"2025-12-12T14:06:15","slug":"pla-estrategic-2","status":"publish","type":"page","link":"https:\/\/www.recercasantpau.cat\/es\/instituto\/informacion-corporativa\/pla-estrategic-2\/","title":{"rendered":"Plan Estrat\u00e9gico"},"content":{"rendered":"<h2 data-start=\"92\" data-end=\"102\">Misi\u00f3n<\/h2>\n<p class=\"\" data-start=\"104\" data-end=\"309\">La misi\u00f3n del Instituto de Investigaci\u00f3n Sant Pau es mejorar la salud y la calidad de vida de las personas mediante la investigaci\u00f3n y la innovaci\u00f3n biom\u00e9dica de excelencia.<\/p>\n<h2 data-start=\"311\" data-end=\"321\">Visi\u00f3n<\/h2>\n<p class=\"\" data-start=\"323\" data-end=\"432\">La visi\u00f3n del Instituto es convertirse en un referente internacional en investigaci\u00f3n biom\u00e9dica traslacional.<\/p>\n<h3 data-start=\"434\" data-end=\"525\">El nuevo plan se articula en torno a cinco pilares estrat\u00e9gicos definidos por un prop\u00f3sito:<\/h3>\n<h2 data-start=\"527\" data-end=\"653\">Excelencia<\/h2>\n<p class=\"\" data-start=\"527\" data-end=\"653\">Fomentar una investigaci\u00f3n de excelencia basada en los principios de investigaci\u00f3n e innovaci\u00f3n responsables.<\/p>\n<h2 data-start=\"655\" data-end=\"793\">Competitividad<\/h2>\n<p data-start=\"655\" data-end=\"793\">Crecer en talento, espacios, infraestructuras y recursos econ\u00f3micos para incrementar la competitividad del Instituto.<\/p>\n<h2 data-start=\"795\" data-end=\"1015\">Impacto<\/h2>\n<p data-start=\"795\" data-end=\"1015\">Generar impactos en salud que aporten valor a la sociedad, haci\u00e9ndolos comprensibles y accesibles a la ciudadan\u00eda y posicionar el Instituto como un motor clave de innovaci\u00f3n y transferencia de conocimiento.<\/p>\n<h2>Transformaci\u00f3n cultural<\/h2>\n<p>Crear una cultura organizativa \u00e1gil y flexible que fomente la innovaci\u00f3n, la excelencia, la colaboraci\u00f3n y el sentimiento de pertenencia.<\/p>\n<h2 data-start=\"1186\" data-end=\"1290\">Internacionalizaci\u00f3n<\/h2>\n<p class=\"\" data-start=\"1186\" data-end=\"1290\">Fomentar la internacionalizaci\u00f3n para posicionar el Instituto a nivel global.<\/p>\n<p data-start=\"1186\" data-end=\"1290\">Puedes consultar el documento completo a trav\u00e9s del siguiente <a href=\"https:\/\/www.recercasantpau.cat\/wp-content\/uploads\/2025\/05\/PRESENTACIO-PLA-ESTRATEGIC-IR.pdf\"><strong>enlace.<\/strong><\/a><\/p>\n<p data-start=\"1186\" data-end=\"1290\">Puedes consultar el <strong>Plan Estrat\u00e9gico 2019-2023\/2024<\/strong> a trav\u00e9s del siguiente <a href=\"https:\/\/www.recercasantpau.cat\/wp-content\/uploads\/2016\/04\/Strategic-plan_Sant-Pau_2019_2023.pdf\"><strong>enlace.<\/strong><\/a><\/p>\n<p data-start=\"1186\" data-end=\"1290\">Puedes consultar el <strong>Plan Estrat\u00e9gico 2025-2030<\/strong> a trav\u00e9s del siguiente <strong><a href=\"https:\/\/www.recercasantpau.cat\/wp-content\/uploads\/2025\/12\/Memoria-Plan-Estrategico-IR-Sant-Pau_CAST-definitiva.pdf\" target=\"_blank\" rel=\"noopener\">enlace<\/a><\/strong><\/p>\n","protected":false},"excerpt":{"rendered":"<p>Misi\u00f3n La misi\u00f3n del Instituto de Investigaci\u00f3n Sant Pau es mejorar la salud y la calidad de vida de las personas mediante la investigaci\u00f3n y la innovaci\u00f3n biom\u00e9dica de excelencia. Visi\u00f3n La visi\u00f3n del Instituto es convertirse en un referente internacional en investigaci\u00f3n biom\u00e9dica traslacional. El nuevo plan se articula en torno a cinco pilares &#8230; <br \/><a class=\"read-more\" href=\"https:\/\/www.recercasantpau.cat\/es\/instituto\/informacion-corporativa\/pla-estrategic-2\/\">Read More<\/a><\/p>\n","protected":false},"author":10,"featured_media":55558,"parent":4084,"menu_order":0,"comment_status":"closed","ping_status":"closed","template":"template-linstitut-presentacio.php","meta":{"footnotes":""},"class_list":["post-55553","page","type-page","status-publish","has-post-thumbnail","hentry"],"acf":[],"_links":{"self":[{"href":"https:\/\/www.recercasantpau.cat\/es\/wp-json\/wp\/v2\/pages\/55553","targetHints":{"allow":["GET"]}}],"collection":[{"href":"https:\/\/www.recercasantpau.cat\/es\/wp-json\/wp\/v2\/pages"}],"about":[{"href":"https:\/\/www.recercasantpau.cat\/es\/wp-json\/wp\/v2\/types\/page"}],"author":[{"embeddable":true,"href":"https:\/\/www.recercasantpau.cat\/es\/wp-json\/wp\/v2\/users\/10"}],"replies":[{"embeddable":true,"href":"https:\/\/www.recercasantpau.cat\/es\/wp-json\/wp\/v2\/comments?post=55553"}],"version-history":[{"count":10,"href":"https:\/\/www.recercasantpau.cat\/es\/wp-json\/wp\/v2\/pages\/55553\/revisions"}],"predecessor-version":[{"id":59911,"href":"https:\/\/www.recercasantpau.cat\/es\/wp-json\/wp\/v2\/pages\/55553\/revisions\/59911"}],"up":[{"embeddable":true,"href":"https:\/\/www.recercasantpau.cat\/es\/wp-json\/wp\/v2\/pages\/4084"}],"wp:featuredmedia":[{"embeddable":true,"href":"https:\/\/www.recercasantpau.cat\/es\/wp-json\/wp\/v2\/media\/55558"}],"wp:attachment":[{"href":"https:\/\/www.recercasantpau.cat\/es\/wp-json\/wp\/v2\/media?parent=55553"}],"curies":[{"name":"wp","href":"https:\/\/api.w.org\/{rel}","templated":true}]}}