{"id":5928,"date":"2016-11-20T09:47:23","date_gmt":"2016-11-20T08:47:23","guid":{"rendered":"http:\/\/newwebir.recercasantpau.cat\/es\/instituto\/docencia\/"},"modified":"2023-12-11T12:21:23","modified_gmt":"2023-12-11T11:21:23","slug":"docencia","status":"publish","type":"page","link":"https:\/\/www.recercasantpau.cat\/es\/instituto\/docencia\/","title":{"rendered":"Docencia"},"content":{"rendered":"<p style=\"text-align: justify;\">Una de las finalidades Fundacionales del Institut de Recerca es la docencia y la formaci\u00f3n en el \u00e1mbito de las ci\u00e9ncias de la vida y de la salud.<\/p>\n<p style=\"text-align: justify;\">La Fundaci\u00f3n es un centro adscrito a la <a href=\"http:\/\/www.uab.cat\/\" target=\"_blank\" rel=\"noopener\">Universidad Aut\u00f3noma de Barcelona<\/a>, ofrece m\u00e1sters y diplomaturas universitarias y promueve el intercambio de conocimiento entre los investigadores y los grupos de investigaci\u00f3n propios, as\u00ed como los del Hospital de la Santa Creu i Sant Pau, a trav\u00e9s del convenio \u00abSant Pau Docente\u00bb.<\/p>\n<h3 style=\"text-align: center;\">Diplomaturas, M\u00e1sters y Posgrados acreditados por la UAB<\/h3>\n<p style=\"text-align: center;\"><a href=\"https:\/\/www.uab.cat\/\" target=\"_blank\" rel=\"noopener\"><img loading=\"lazy\" decoding=\"async\" class=\"size-medium wp-image-5917 aligncenter\" src=\"https:\/\/www.recercasantpau.cat\/wp-content\/uploads\/2016\/11\/logo-uab-300x194.jpg\" alt=\"logo-uab\" width=\"300\" height=\"220\" \/><\/a><\/p>\n<p style=\"text-align: center;\"><span style=\"color: #ffffff;\">.<\/span><\/p>\n<h3 style=\"text-align: center;\">Sant Pau Docente<\/h3>\n<p style=\"text-align: center;\"><a href=\"http:\/\/www.santpau.cat\/es\/web\/public\/sant-pau-docent\" target=\"_blank\" rel=\"noopener\"><img loading=\"lazy\" decoding=\"async\" class=\"size-medium wp-image-6295 alignnone aligncenter\" src=\"https:\/\/www.recercasantpau.cat\/wp-content\/uploads\/2016\/11\/SantPauDocent1-300x235.jpg\" alt=\"SantPauDocent[1]\" width=\"300\" height=\"235\" srcset=\"https:\/\/www.recercasantpau.cat\/wp-content\/uploads\/2016\/11\/SantPauDocent1-300x235.jpg 300w, https:\/\/www.recercasantpau.cat\/wp-content\/uploads\/2016\/11\/SantPauDocent1-768x602.jpg 768w, https:\/\/www.recercasantpau.cat\/wp-content\/uploads\/2016\/11\/SantPauDocent1-1024x803.jpg 1024w\" sizes=\"auto, (max-width: 300px) 100vw, 300px\" \/><\/a><\/p>\n<p style=\"text-align: justify;\">\n","protected":false},"excerpt":{"rendered":"<p>Una de las finalidades Fundacionales del Institut de Recerca es la docencia y la formaci\u00f3n en el \u00e1mbito de las ci\u00e9ncias de la vida y de la salud. La Fundaci\u00f3n es un centro adscrito a la Universidad Aut\u00f3noma de Barcelona, ofrece m\u00e1sters y diplomaturas universitarias y promueve el intercambio de conocimiento entre los investigadores y &#8230; <br \/><a class=\"read-more\" href=\"https:\/\/www.recercasantpau.cat\/es\/instituto\/docencia\/\">Read More<\/a><\/p>\n","protected":false},"author":2,"featured_media":5927,"parent":2610,"menu_order":0,"comment_status":"closed","ping_status":"closed","template":"template-linstitut-presentacio.php","meta":{"footnotes":""},"class_list":["post-5928","page","type-page","status-publish","has-post-thumbnail","hentry"],"acf":[],"_links":{"self":[{"href":"https:\/\/www.recercasantpau.cat\/es\/wp-json\/wp\/v2\/pages\/5928","targetHints":{"allow":["GET"]}}],"collection":[{"href":"https:\/\/www.recercasantpau.cat\/es\/wp-json\/wp\/v2\/pages"}],"about":[{"href":"https:\/\/www.recercasantpau.cat\/es\/wp-json\/wp\/v2\/types\/page"}],"author":[{"embeddable":true,"href":"https:\/\/www.recercasantpau.cat\/es\/wp-json\/wp\/v2\/users\/2"}],"replies":[{"embeddable":true,"href":"https:\/\/www.recercasantpau.cat\/es\/wp-json\/wp\/v2\/comments?post=5928"}],"version-history":[{"count":7,"href":"https:\/\/www.recercasantpau.cat\/es\/wp-json\/wp\/v2\/pages\/5928\/revisions"}],"predecessor-version":[{"id":45713,"href":"https:\/\/www.recercasantpau.cat\/es\/wp-json\/wp\/v2\/pages\/5928\/revisions\/45713"}],"up":[{"embeddable":true,"href":"https:\/\/www.recercasantpau.cat\/es\/wp-json\/wp\/v2\/pages\/2610"}],"wp:featuredmedia":[{"embeddable":true,"href":"https:\/\/www.recercasantpau.cat\/es\/wp-json\/wp\/v2\/media\/5927"}],"wp:attachment":[{"href":"https:\/\/www.recercasantpau.cat\/es\/wp-json\/wp\/v2\/media?parent=5928"}],"curies":[{"name":"wp","href":"https:\/\/api.w.org\/{rel}","templated":true}]}}